{"id":706744,"date":"2025-05-07T13:39:48","date_gmt":"2025-05-07T11:39:48","guid":{"rendered":"https:\/\/iblo.si\/product\/a12ga1-nse-a12ga1-u18\/"},"modified":"2026-04-30T06:00:06","modified_gmt":"2026-04-30T04:00:06","slug":"a12ga1-nse-a12ga1-u18","status":"publish","type":"product","link":"https:\/\/iblo.si\/de\/izdelek\/a12ga1-nse-a12ga1-u18\/","title":{"rendered":"A12GA1.NSE-A12GA1.U18, LG set, 3,7 kW, ArtCool Gallery Special"},"content":{"rendered":"<p>KLJU\u010cNE ZNA\u010cILNOSTI:<\/p>\n<p>Notranja enota v obliki okvirja<br \/>Mo\u017enost zamenjave slike v okvirju<br \/>3-smerni indirektni pretok zraka<br \/>Hitro hlajenje<\/p>\n<p>NOTRANJA ENOTA    A12GA1.NSE<\/p>\n<p>Dimenzije (\u0160 x V x G)  Neto mm 652 X 158 X 652<br \/>  Po\u0161iljanje mm 744 X 235 X 736<br \/>Te\u017ea  Neto kg 16,7<br \/>Vrsta zra\u010dnega filtra    Predfilter (pralni)<br \/>Pretok zraka Hlajenje Zelo vis.\/Vis.\/Sred.\/Niz. m3\/min 11,0\/10,0\/8,0\/6,0<br \/> Ogrevanje Zelo vis.\/Vis.\/Sred.\/Niz. m3\/min 11,0\/10,0\/8,0\/6,0<br \/>Raven zvo\u010dnega tlaka Hlajenje Zelo vis.\/Vis.Sred.\/Niz.\/Zelo niz. dB (A)  -\/ 42\/36\/28\/20<br \/> Ogrevanje Zelo vis.\/Vis.\/Sred.\/Niz. dB (A)  &#8211; \/42\/36\/28<br \/>Raven zvo\u010dne mo\u010di   dB (A) 60<br \/>Razvla\u017eevanje   l\/uro 1,3<br \/>Velikost priklju\u010dka drena\u017ene cevi  Zun. e., Not. e.  mm 21,5 16<br \/>Mo\u010d Hlajenje Min. ~ Nom. ~ Maks. kW 0,89\/3,7\/4,0<br \/> Ogrevanje Min. ~ Nom. ~ Maks. kW 0,89\/4,0\/4,7<br \/> Ogrevanje -7 \u00b0C Maks. kW 3,2<br \/>Priklju\u010dna mo\u010d Hlajenje Min. ~ Nom. ~ Maks. W 200\/1.057\/1.450<br \/> Ogrevanje Min. ~ Nom. ~ Maks. W 200\/1.078\/1.650<br \/>Delovni tok Hlajenje Min. ~ Nom. ~ Maks. A 1,1\/4,6\/6,2<br \/> Ogrevanje Min. ~ Nom. ~ Maks. A 1,1\/4,8\/7,2<br \/>EER   W\/W 3,5<br \/>SEER   &#8211; 7<br \/>Koeficient u\u010dinka (COP)   W\/W 3,71<br \/>SCOP (Povpre\u010dno\/Topleje)   &#8211; 4,3 (5,0)<br \/>P dizajn C\/P dizajn H   kW 3,7\/2,8<br \/>Energijski razred (lestvica A+++ do D)  Hlajenje &#8211; A++<br \/>  Ogrevanje (Povpre\u010dno\/Topleje) &#8211; A+ (A++)<br \/>Letna poraba energije  Hlajenje kWh 184<br \/>  Ogrevanje (Povpre\u010dno\/Topleje) kWh 911 (413)<\/p>\n<p>ZUNANJA ENOTA <br \/>   A12GA1.U18<br \/>Dimenzije (\u0160 x V x G)  Neto mm 770 X 545 X 288<br \/>  Po\u0161iljanje mm 920 X 593 X 388<br \/>Te\u017ea  Neto kg 29,9<br \/>Podro\u010dje delovanja  Hlajenje \u00b0C DB (suho)  -15~48<br \/>  Ogrevanje \u00b0C DB (suho)  -15~24<br \/>Napajanje    <br \/> Faza   1~<br \/> Napetost  V 220 ~ 240<br \/> Frekvenca  Hz 50<br \/>Raven zvo\u010dnega tlaka Hlajenje Nazivno dB (A) 50<br \/> Ogrevanje Nazivno dB (A) 53<br \/>Raven zvo\u010dne mo\u010di   dB (A) 62<br \/>Pretok zraka  Maks. m3\/min 35<br \/>Tokovni odklopnik (varovalka)   A 15<br \/>Napajalni kabel   \u0160t. x mm2 3 X 1,0<br \/>Elektri\u010dni in komunikacijski kabli   \u0160t. x mm2 4 X 1,0 (vklju\u010dno z ozemljitvijo)<br \/>Hladilno sredstvo Vrsta\/GWP (potencial globalnega segrevanja)  &#8211; R32\/675<br \/> Koli\u010dina predhodnega polnjenja\/t-CO2 ekviv.  kg 0,8\/0,540<br \/> Brez dodat. polnjenja  m 10<br \/> Dodatno polnjenje  g\/m 20<br \/>Cevovod Velikost (mo\u010d) Teko\u010dina mm fi 6,35<br \/>  Plin mm fi 9,52<br \/>Med notranjo in zunanjo enoto dol\u017eina cevi Min.\/Stand.\/Maks. m 3\/7,5\/20<br \/>  Brez dodat. polnjenja m 10<br \/> Maks. vi\u0161inska razlika  m 10<br \/>Kompresor Vrsta  &#8211; Dvojni rotacijski inverter<\/p>\n<p>PRIBOR IN OSTALO <\/p>\n<p>Kompatibilno s sistemom &#8220;multi&#8221;    Da<br \/>PI 485    Da<br \/>Breznapetostni kontakt    Da<br \/>\u017di\u010dni daljinski upravljalnik    Da<\/p>\n","protected":false},"excerpt":{"rendered":"<p>KLJU\u010cNE ZNA\u010cILNOSTI: Notranja enota v obliki okvirjaMo\u017enost zamenjave slike v okvirju3-smerni indirektni pretok zrakaHitro hlajenje NOTRANJA ENOTA A12GA1.NSE Dimenzije (\u0160 x V x G) Neto mm 652 X 158 X 652 Po\u0161iljanje mm 744 X 235 X 736Te\u017ea Neto kg 16,7Vrsta zra\u010dnega filtra Predfilter (pralni)Pretok zraka Hlajenje Zelo vis.\/Vis.\/Sred.\/Niz. m3\/min 11,0\/10,0\/8,0\/6,0 Ogrevanje Zelo vis.\/Vis.\/Sred.\/Niz. m3\/min [&hellip;]<\/p>\n","protected":false},"featured_media":707251,"template":"","meta":[],"product_brand":[],"product_cat":[334,335,364],"product_tag":[],"class_list":{"0":"post-706744","1":"product","2":"type-product","3":"status-publish","4":"has-post-thumbnail","6":"product_cat-klima-naprave","7":"product_cat-samostojne-naprave","8":"product_cat-stenske-enote-seti","10":"first","11":"instock","12":"taxable","13":"shipping-taxable","14":"purchasable","15":"product-type-simple"},"yoast_head":"<!-- This site is optimized with the Yoast SEO plugin v27.5 - https:\/\/yoast.com\/product\/yoast-seo-wordpress\/ -->\n<title>A12GA1.NSE-A12GA1.U18, LG set, 3,7 kW, ArtCool Gallery Special - Iblo d.o.o., Ptuj<\/title>\n<meta name=\"robots\" content=\"index, follow, max-snippet:-1, max-image-preview:large, max-video-preview:-1\" \/>\n<link rel=\"canonical\" href=\"https:\/\/iblo.si\/de\/izdelek\/a12ga1-nse-a12ga1-u18\/\" \/>\n<meta property=\"og:locale\" content=\"de_DE\" \/>\n<meta property=\"og:type\" content=\"article\" \/>\n<meta property=\"og:title\" content=\"A12GA1.NSE-A12GA1.U18, LG set, 3,7 kW, ArtCool Gallery Special - Iblo d.o.o., Ptuj\" \/>\n<meta property=\"og:description\" content=\"KLJU\u010cNE ZNA\u010cILNOSTI: Notranja enota v obliki okvirjaMo\u017enost zamenjave slike v okvirju3-smerni indirektni pretok zrakaHitro hlajenje NOTRANJA ENOTA A12GA1.NSE Dimenzije (\u0160 x V x G) Neto mm 652 X 158 X 652 Po\u0161iljanje mm 744 X 235 X 736Te\u017ea Neto kg 16,7Vrsta zra\u010dnega filtra Predfilter (pralni)Pretok zraka Hlajenje Zelo vis.\/Vis.\/Sred.\/Niz. m3\/min 11,0\/10,0\/8,0\/6,0 Ogrevanje Zelo vis.\/Vis.\/Sred.\/Niz. m3\/min [&hellip;]\" \/>\n<meta property=\"og:url\" content=\"https:\/\/iblo.si\/de\/izdelek\/a12ga1-nse-a12ga1-u18\/\" \/>\n<meta property=\"og:site_name\" content=\"Iblo d.o.o., Ptuj\" \/>\n<meta property=\"article:publisher\" content=\"https:\/\/www.facebook.com\/ibloptuj\/\" \/>\n<meta property=\"article:modified_time\" content=\"2026-04-30T04:00:06+00:00\" \/>\n<meta property=\"og:image\" content=\"https:\/\/iblo.si\/wp-content\/uploads\/2025\/05\/A12GA1.NSE-A12GA1.U18-15.jpg\" \/>\n\t<meta property=\"og:image:width\" content=\"800\" \/>\n\t<meta property=\"og:image:height\" content=\"800\" \/>\n\t<meta property=\"og:image:type\" content=\"image\/jpeg\" \/>\n<meta name=\"twitter:card\" content=\"summary_large_image\" \/>\n<meta name=\"twitter:label1\" content=\"Gesch\u00e4tzte Lesezeit\" \/>\n\t<meta name=\"twitter:data1\" content=\"2\u00a0Minuten\" \/>\n<script type=\"application\/ld+json\" class=\"yoast-schema-graph\">{\"@context\":\"https:\\\/\\\/schema.org\",\"@graph\":[{\"@type\":\"WebPage\",\"@id\":\"https:\\\/\\\/iblo.si\\\/de\\\/izdelek\\\/a12ga1-nse-a12ga1-u18\\\/\",\"url\":\"https:\\\/\\\/iblo.si\\\/de\\\/izdelek\\\/a12ga1-nse-a12ga1-u18\\\/\",\"name\":\"A12GA1.NSE-A12GA1.U18, LG set, 3,7 kW, ArtCool Gallery Special - Iblo d.o.o., Ptuj\",\"isPartOf\":{\"@id\":\"https:\\\/\\\/iblo.si\\\/de\\\/#website\"},\"primaryImageOfPage\":{\"@id\":\"https:\\\/\\\/iblo.si\\\/de\\\/izdelek\\\/a12ga1-nse-a12ga1-u18\\\/#primaryimage\"},\"image\":{\"@id\":\"https:\\\/\\\/iblo.si\\\/de\\\/izdelek\\\/a12ga1-nse-a12ga1-u18\\\/#primaryimage\"},\"thumbnailUrl\":\"https:\\\/\\\/iblo.si\\\/wp-content\\\/uploads\\\/2025\\\/05\\\/A12GA1.NSE-A12GA1.U18-15.jpg\",\"datePublished\":\"2025-05-07T11:39:48+00:00\",\"dateModified\":\"2026-04-30T04:00:06+00:00\",\"breadcrumb\":{\"@id\":\"https:\\\/\\\/iblo.si\\\/de\\\/izdelek\\\/a12ga1-nse-a12ga1-u18\\\/#breadcrumb\"},\"inLanguage\":\"de\",\"potentialAction\":[{\"@type\":\"ReadAction\",\"target\":[\"https:\\\/\\\/iblo.si\\\/de\\\/izdelek\\\/a12ga1-nse-a12ga1-u18\\\/\"]}]},{\"@type\":\"ImageObject\",\"inLanguage\":\"de\",\"@id\":\"https:\\\/\\\/iblo.si\\\/de\\\/izdelek\\\/a12ga1-nse-a12ga1-u18\\\/#primaryimage\",\"url\":\"https:\\\/\\\/iblo.si\\\/wp-content\\\/uploads\\\/2025\\\/05\\\/A12GA1.NSE-A12GA1.U18-15.jpg\",\"contentUrl\":\"https:\\\/\\\/iblo.si\\\/wp-content\\\/uploads\\\/2025\\\/05\\\/A12GA1.NSE-A12GA1.U18-15.jpg\",\"width\":800,\"height\":800},{\"@type\":\"BreadcrumbList\",\"@id\":\"https:\\\/\\\/iblo.si\\\/de\\\/izdelek\\\/a12ga1-nse-a12ga1-u18\\\/#breadcrumb\",\"itemListElement\":[{\"@type\":\"ListItem\",\"position\":1,\"name\":\"Home\",\"item\":\"https:\\\/\\\/iblo.si\\\/de\\\/\"},{\"@type\":\"ListItem\",\"position\":2,\"name\":\"Shop\",\"item\":\"https:\\\/\\\/iblo.si\\\/trgovina\\\/\"},{\"@type\":\"ListItem\",\"position\":3,\"name\":\"A12GA1.NSE-A12GA1.U18, LG set, 3,7 kW, ArtCool Gallery Special\"}]},{\"@type\":\"WebSite\",\"@id\":\"https:\\\/\\\/iblo.si\\\/de\\\/#website\",\"url\":\"https:\\\/\\\/iblo.si\\\/de\\\/\",\"name\":\"Iblo d.o.o., Ptuj\",\"description\":\"Klimatske naprave in sistemi LG\",\"publisher\":{\"@id\":\"https:\\\/\\\/iblo.si\\\/de\\\/#organization\"},\"potentialAction\":[{\"@type\":\"SearchAction\",\"target\":{\"@type\":\"EntryPoint\",\"urlTemplate\":\"https:\\\/\\\/iblo.si\\\/de\\\/?s={search_term_string}\"},\"query-input\":{\"@type\":\"PropertyValueSpecification\",\"valueRequired\":true,\"valueName\":\"search_term_string\"}}],\"inLanguage\":\"de\"},{\"@type\":\"Organization\",\"@id\":\"https:\\\/\\\/iblo.si\\\/de\\\/#organization\",\"name\":\"iblo d.o.o.\",\"url\":\"https:\\\/\\\/iblo.si\\\/de\\\/\",\"logo\":{\"@type\":\"ImageObject\",\"inLanguage\":\"de\",\"@id\":\"https:\\\/\\\/iblo.si\\\/de\\\/#\\\/schema\\\/logo\\\/image\\\/\",\"url\":\"https:\\\/\\\/i0.wp.com\\\/iblo.si\\\/wp-content\\\/uploads\\\/2020\\\/08\\\/iblo-logo.png?fit=487%2C308&ssl=1\",\"contentUrl\":\"https:\\\/\\\/i0.wp.com\\\/iblo.si\\\/wp-content\\\/uploads\\\/2020\\\/08\\\/iblo-logo.png?fit=487%2C308&ssl=1\",\"width\":487,\"height\":308,\"caption\":\"iblo d.o.o.\"},\"image\":{\"@id\":\"https:\\\/\\\/iblo.si\\\/de\\\/#\\\/schema\\\/logo\\\/image\\\/\"},\"sameAs\":[\"https:\\\/\\\/www.facebook.com\\\/ibloptuj\\\/\"]}]}<\/script>\n<!-- \/ Yoast SEO plugin. -->","yoast_head_json":{"title":"A12GA1.NSE-A12GA1.U18, LG set, 3,7 kW, ArtCool Gallery Special - Iblo d.o.o., Ptuj","robots":{"index":"index","follow":"follow","max-snippet":"max-snippet:-1","max-image-preview":"max-image-preview:large","max-video-preview":"max-video-preview:-1"},"canonical":"https:\/\/iblo.si\/de\/izdelek\/a12ga1-nse-a12ga1-u18\/","og_locale":"de_DE","og_type":"article","og_title":"A12GA1.NSE-A12GA1.U18, LG set, 3,7 kW, ArtCool Gallery Special - Iblo d.o.o., Ptuj","og_description":"KLJU\u010cNE ZNA\u010cILNOSTI: Notranja enota v obliki okvirjaMo\u017enost zamenjave slike v okvirju3-smerni indirektni pretok zrakaHitro hlajenje NOTRANJA ENOTA A12GA1.NSE Dimenzije (\u0160 x V x G) Neto mm 652 X 158 X 652 Po\u0161iljanje mm 744 X 235 X 736Te\u017ea Neto kg 16,7Vrsta zra\u010dnega filtra Predfilter (pralni)Pretok zraka Hlajenje Zelo vis.\/Vis.\/Sred.\/Niz. m3\/min 11,0\/10,0\/8,0\/6,0 Ogrevanje Zelo vis.\/Vis.\/Sred.\/Niz. m3\/min [&hellip;]","og_url":"https:\/\/iblo.si\/de\/izdelek\/a12ga1-nse-a12ga1-u18\/","og_site_name":"Iblo d.o.o., Ptuj","article_publisher":"https:\/\/www.facebook.com\/ibloptuj\/","article_modified_time":"2026-04-30T04:00:06+00:00","og_image":[{"width":800,"height":800,"url":"https:\/\/iblo.si\/wp-content\/uploads\/2025\/05\/A12GA1.NSE-A12GA1.U18-15.jpg","type":"image\/jpeg"}],"twitter_card":"summary_large_image","twitter_misc":{"Gesch\u00e4tzte Lesezeit":"2\u00a0Minuten"},"schema":{"@context":"https:\/\/schema.org","@graph":[{"@type":"WebPage","@id":"https:\/\/iblo.si\/de\/izdelek\/a12ga1-nse-a12ga1-u18\/","url":"https:\/\/iblo.si\/de\/izdelek\/a12ga1-nse-a12ga1-u18\/","name":"A12GA1.NSE-A12GA1.U18, LG set, 3,7 kW, ArtCool Gallery Special - Iblo d.o.o., Ptuj","isPartOf":{"@id":"https:\/\/iblo.si\/de\/#website"},"primaryImageOfPage":{"@id":"https:\/\/iblo.si\/de\/izdelek\/a12ga1-nse-a12ga1-u18\/#primaryimage"},"image":{"@id":"https:\/\/iblo.si\/de\/izdelek\/a12ga1-nse-a12ga1-u18\/#primaryimage"},"thumbnailUrl":"https:\/\/iblo.si\/wp-content\/uploads\/2025\/05\/A12GA1.NSE-A12GA1.U18-15.jpg","datePublished":"2025-05-07T11:39:48+00:00","dateModified":"2026-04-30T04:00:06+00:00","breadcrumb":{"@id":"https:\/\/iblo.si\/de\/izdelek\/a12ga1-nse-a12ga1-u18\/#breadcrumb"},"inLanguage":"de","potentialAction":[{"@type":"ReadAction","target":["https:\/\/iblo.si\/de\/izdelek\/a12ga1-nse-a12ga1-u18\/"]}]},{"@type":"ImageObject","inLanguage":"de","@id":"https:\/\/iblo.si\/de\/izdelek\/a12ga1-nse-a12ga1-u18\/#primaryimage","url":"https:\/\/iblo.si\/wp-content\/uploads\/2025\/05\/A12GA1.NSE-A12GA1.U18-15.jpg","contentUrl":"https:\/\/iblo.si\/wp-content\/uploads\/2025\/05\/A12GA1.NSE-A12GA1.U18-15.jpg","width":800,"height":800},{"@type":"BreadcrumbList","@id":"https:\/\/iblo.si\/de\/izdelek\/a12ga1-nse-a12ga1-u18\/#breadcrumb","itemListElement":[{"@type":"ListItem","position":1,"name":"Home","item":"https:\/\/iblo.si\/de\/"},{"@type":"ListItem","position":2,"name":"Shop","item":"https:\/\/iblo.si\/trgovina\/"},{"@type":"ListItem","position":3,"name":"A12GA1.NSE-A12GA1.U18, LG set, 3,7 kW, ArtCool Gallery Special"}]},{"@type":"WebSite","@id":"https:\/\/iblo.si\/de\/#website","url":"https:\/\/iblo.si\/de\/","name":"Iblo d.o.o., Ptuj","description":"Klimatske naprave in sistemi LG","publisher":{"@id":"https:\/\/iblo.si\/de\/#organization"},"potentialAction":[{"@type":"SearchAction","target":{"@type":"EntryPoint","urlTemplate":"https:\/\/iblo.si\/de\/?s={search_term_string}"},"query-input":{"@type":"PropertyValueSpecification","valueRequired":true,"valueName":"search_term_string"}}],"inLanguage":"de"},{"@type":"Organization","@id":"https:\/\/iblo.si\/de\/#organization","name":"iblo d.o.o.","url":"https:\/\/iblo.si\/de\/","logo":{"@type":"ImageObject","inLanguage":"de","@id":"https:\/\/iblo.si\/de\/#\/schema\/logo\/image\/","url":"https:\/\/i0.wp.com\/iblo.si\/wp-content\/uploads\/2020\/08\/iblo-logo.png?fit=487%2C308&ssl=1","contentUrl":"https:\/\/i0.wp.com\/iblo.si\/wp-content\/uploads\/2020\/08\/iblo-logo.png?fit=487%2C308&ssl=1","width":487,"height":308,"caption":"iblo d.o.o."},"image":{"@id":"https:\/\/iblo.si\/de\/#\/schema\/logo\/image\/"},"sameAs":["https:\/\/www.facebook.com\/ibloptuj\/"]}]}},"_links":{"self":[{"href":"https:\/\/iblo.si\/de\/wp-json\/wp\/v2\/product\/706744","targetHints":{"allow":["GET"]}}],"collection":[{"href":"https:\/\/iblo.si\/de\/wp-json\/wp\/v2\/product"}],"about":[{"href":"https:\/\/iblo.si\/de\/wp-json\/wp\/v2\/types\/product"}],"wp:featuredmedia":[{"embeddable":true,"href":"https:\/\/iblo.si\/de\/wp-json\/wp\/v2\/media\/707251"}],"wp:attachment":[{"href":"https:\/\/iblo.si\/de\/wp-json\/wp\/v2\/media?parent=706744"}],"wp:term":[{"taxonomy":"product_brand","embeddable":true,"href":"https:\/\/iblo.si\/de\/wp-json\/wp\/v2\/product_brand?post=706744"},{"taxonomy":"product_cat","embeddable":true,"href":"https:\/\/iblo.si\/de\/wp-json\/wp\/v2\/product_cat?post=706744"},{"taxonomy":"product_tag","embeddable":true,"href":"https:\/\/iblo.si\/de\/wp-json\/wp\/v2\/product_tag?post=706744"}],"curies":[{"name":"wp","href":"https:\/\/api.w.org\/{rel}","templated":true}]}}