{"id":706748,"date":"2025-05-07T13:39:49","date_gmt":"2025-05-07T11:39:49","guid":{"rendered":"https:\/\/iblo.si\/product\/ac12bk-nsj-ac12bk-ua3\/"},"modified":"2026-04-30T06:00:08","modified_gmt":"2026-04-30T04:00:08","slug":"ac12bk-nsj-ac12bk-ua3","status":"publish","type":"product","link":"https:\/\/iblo.si\/de\/izdelek\/ac12bk-nsj-ac12bk-ua3\/","title":{"rendered":"AC12BK.NSJ-AC12BK.UA3, LG set, 3,5 kW, ArtCool Mirror \u010crna"},"content":{"rendered":"<p>NOTRANJA ENOTA    AC12BK.NSJ<br \/>Dimenzije (\u0160 x V x G)  Neto mm 837 X 308 X 192<br \/>  Po\u0161iljanje mm 882 X 385 X 253<br \/>Te\u017ea  Neto kg 9,9<br \/>Vrsta zra\u010dnega filtra    Predfilter (pralni),<br \/>    Alergijski filter<br \/>Pretok zraka Hlajenje Zelo vis.\/Vis.\/Sred.\/Niz. m3\/min 12,5\/10,0\/7,5\/4,2<br \/> Ogrevanje Zelo vis.\/Vis.\/Sred.\/Niz. m3\/min  13,0\/10,0\/7,2\/5,6<br \/>Raven zvo\u010dnega tlaka Hlajenje Zelo vis.\/Vis.Sred.\/Niz.\/Zelo niz. dB (A)  45\/41\/35\/27\/19<br \/> Ogrevanje Zelo vis.\/Vis.\/Sred.\/Niz. dB (A) 45\/41\/35\/27<br \/>Raven zvo\u010dne mo\u010di   dB (A) 59<br \/>Razvla\u017eevanje   l\/uro 1,3<br \/>Velikost priklju\u010dka drena\u017ene cevi  Zun. e., Not. e.  mm 21,5 16<br \/>Mo\u010d Hlajenje Min. ~ Nom. ~ Maks. kW 0,89\/3,5\/4,04<br \/> Ogrevanje Min. ~ Nom. ~ Maks. kW 0,89\/4,0\/5,1<br \/> Ogrevanje -7 \u00b0C Maks. kW 3<br \/>Priklju\u010dna mo\u010d Hlajenje Min. ~ Nom. ~ Maks. W 200\/1.080\/1.400<br \/> Ogrevanje Min. ~ Nom. ~ Maks. W 195\/1.050\/1.600<br \/>Delovni tok Hlajenje Min. ~ Nom. ~ Maks. A 1,1\/4,7\/6,0<br \/> Ogrevanje Min. ~ Nom. ~ Maks. A 1,1\/4,7\/7,0<br \/>EER   W\/W 3,24<br \/>SEER   &#8211; 6,6<br \/>Koeficient u\u010dinka (COP)   W\/W 3,81<br \/>SCOP (Povpre\u010dno\/Topleje)   &#8211; 4,0 (4,9)<br \/>P dizajn C\/P dizajn H   kW 3,5\/2,5<br \/>Energijski razred (lestvica A+++ do D)  Hlajenje &#8211; A++<br \/>  Ogrevanje (Povpre\u010dno\/Topleje) &#8211; A+ (A++)<br \/>Letna poraba energije  Hlajenje kWh 186<br \/>  Ogrevanje (Povpre\u010dno\/Topleje) kWh 875 (371)<\/p>\n<p>ZUNANJA ENOTA    AC12BK.UA3<br \/>Dimenzije (\u0160 x V x G)  Neto mm 717 X 495 X 230<br \/>  Po\u0161iljanje mm 836 X 540 X 321<br \/>Te\u017ea  Neto kg 25,1<br \/>Podro\u010dje delovanja  Hlajenje \u00b0C DB (suho)  -10~48<br \/>  Ogrevanje \u00b0C DB (suho)  -10~24<br \/>Napajanje    <br \/> Faza   1~<br \/> Napetost  V 220 ~ 240<br \/> Frekvenca  Hz 50<br \/>Raven zvo\u010dnega tlaka Hlajenje Nazivno dB (A) 48<br \/> Ogrevanje Nazivno dB (A) 50<br \/>Raven zvo\u010dne mo\u010di   dB (A) 65<br \/>Pretok zraka  Maks. m3\/min 27<br \/>Tokovni odklopnik (varovalka)   A 15<br \/>Napajalni kabel   \u0160t. x mm2 3 X 1,0<br \/>Elektri\u010dni in komunikacijski kabli   \u0160t. x mm2 4 X 1,0 (vklju\u010dno z ozemljitvijo)<br \/>Hladilno sredstvo Vrsta\/GWP (potencial globalnega segrevanja)  &#8211; R32\/675<br \/> Koli\u010dina predhodnega polnjenja\/t-CO2 ekviv.  kg 0,7\/0,473<br \/> Brez dodat. polnjenja  m 7,5<br \/> Dodatno polnjenje  g\/m 20<br \/>Cevovod Velikost (mo\u010d) Teko\u010dina mm fi 6,35<br \/>  Plin mm fi 9,52<br \/>Med notranjo in zunanjo enoto dol\u017eina cevi Min.\/Stand.\/Maks. m 3\/7,5\/15<br \/>  Brez dodat. polnjenja m 7,5<br \/> Maks. vi\u0161inska razlika  m 7<br \/>Kompresor Vrsta  &#8211; Dvojni rotacijski inverter<\/p>\n<p>PRIBOR IN OSTALO    <br \/>Kompatibilno s sistemom &#8220;multi&#8221;    Da<br \/>PI 485    &#8211;<br \/>Breznapetostni kontakt    Da<br \/>\u017di\u010dni daljinski upravljalnik    Da<\/p>\n","protected":false},"excerpt":{"rendered":"<p>NOTRANJA ENOTA AC12BK.NSJDimenzije (\u0160 x V x G) Neto mm 837 X 308 X 192 Po\u0161iljanje mm 882 X 385 X 253Te\u017ea Neto kg 9,9Vrsta zra\u010dnega filtra Predfilter (pralni), Alergijski filterPretok zraka Hlajenje Zelo vis.\/Vis.\/Sred.\/Niz. m3\/min 12,5\/10,0\/7,5\/4,2 Ogrevanje Zelo vis.\/Vis.\/Sred.\/Niz. m3\/min 13,0\/10,0\/7,2\/5,6Raven zvo\u010dnega tlaka Hlajenje Zelo vis.\/Vis.Sred.\/Niz.\/Zelo niz. dB (A) 45\/41\/35\/27\/19 Ogrevanje Zelo vis.\/Vis.\/Sred.\/Niz. dB [&hellip;]<\/p>\n","protected":false},"featured_media":708146,"template":"","meta":[],"product_brand":[],"product_cat":[334,335,364],"product_tag":[],"class_list":{"0":"post-706748","1":"product","2":"type-product","3":"status-publish","4":"has-post-thumbnail","6":"product_cat-klima-naprave","7":"product_cat-samostojne-naprave","8":"product_cat-stenske-enote-seti","10":"first","11":"instock","12":"taxable","13":"shipping-taxable","14":"purchasable","15":"product-type-simple"},"yoast_head":"<!-- This site is optimized with the Yoast SEO plugin v27.5 - https:\/\/yoast.com\/product\/yoast-seo-wordpress\/ -->\n<title>AC12BK.NSJ-AC12BK.UA3, LG set, 3,5 kW, ArtCool Mirror \u010crna - Iblo d.o.o., Ptuj<\/title>\n<meta name=\"robots\" content=\"index, follow, max-snippet:-1, max-image-preview:large, max-video-preview:-1\" \/>\n<link rel=\"canonical\" href=\"https:\/\/iblo.si\/de\/izdelek\/ac12bk-nsj-ac12bk-ua3\/\" \/>\n<meta property=\"og:locale\" content=\"de_DE\" \/>\n<meta property=\"og:type\" content=\"article\" \/>\n<meta property=\"og:title\" content=\"AC12BK.NSJ-AC12BK.UA3, LG set, 3,5 kW, ArtCool Mirror \u010crna - Iblo d.o.o., Ptuj\" \/>\n<meta property=\"og:description\" content=\"NOTRANJA ENOTA AC12BK.NSJDimenzije (\u0160 x V x G) Neto mm 837 X 308 X 192 Po\u0161iljanje mm 882 X 385 X 253Te\u017ea Neto kg 9,9Vrsta zra\u010dnega filtra Predfilter (pralni), Alergijski filterPretok zraka Hlajenje Zelo vis.\/Vis.\/Sred.\/Niz. m3\/min 12,5\/10,0\/7,5\/4,2 Ogrevanje Zelo vis.\/Vis.\/Sred.\/Niz. m3\/min 13,0\/10,0\/7,2\/5,6Raven zvo\u010dnega tlaka Hlajenje Zelo vis.\/Vis.Sred.\/Niz.\/Zelo niz. dB (A) 45\/41\/35\/27\/19 Ogrevanje Zelo vis.\/Vis.\/Sred.\/Niz. dB [&hellip;]\" \/>\n<meta property=\"og:url\" content=\"https:\/\/iblo.si\/de\/izdelek\/ac12bk-nsj-ac12bk-ua3\/\" \/>\n<meta property=\"og:site_name\" content=\"Iblo d.o.o., Ptuj\" \/>\n<meta property=\"article:publisher\" content=\"https:\/\/www.facebook.com\/ibloptuj\/\" \/>\n<meta property=\"article:modified_time\" content=\"2026-04-30T04:00:08+00:00\" \/>\n<meta property=\"og:image\" content=\"https:\/\/iblo.si\/wp-content\/uploads\/2025\/05\/AC12BK.NSJ-AC12BK.UA3_.jpg\" \/>\n\t<meta property=\"og:image:width\" content=\"800\" \/>\n\t<meta property=\"og:image:height\" content=\"800\" \/>\n\t<meta property=\"og:image:type\" content=\"image\/jpeg\" \/>\n<meta name=\"twitter:card\" content=\"summary_large_image\" \/>\n<meta name=\"twitter:label1\" content=\"Gesch\u00e4tzte Lesezeit\" \/>\n\t<meta name=\"twitter:data1\" content=\"2\u00a0Minuten\" \/>\n<script type=\"application\/ld+json\" class=\"yoast-schema-graph\">{\"@context\":\"https:\\\/\\\/schema.org\",\"@graph\":[{\"@type\":\"WebPage\",\"@id\":\"https:\\\/\\\/iblo.si\\\/de\\\/izdelek\\\/ac12bk-nsj-ac12bk-ua3\\\/\",\"url\":\"https:\\\/\\\/iblo.si\\\/de\\\/izdelek\\\/ac12bk-nsj-ac12bk-ua3\\\/\",\"name\":\"AC12BK.NSJ-AC12BK.UA3, LG set, 3,5 kW, ArtCool Mirror \u010crna - Iblo d.o.o., Ptuj\",\"isPartOf\":{\"@id\":\"https:\\\/\\\/iblo.si\\\/de\\\/#website\"},\"primaryImageOfPage\":{\"@id\":\"https:\\\/\\\/iblo.si\\\/de\\\/izdelek\\\/ac12bk-nsj-ac12bk-ua3\\\/#primaryimage\"},\"image\":{\"@id\":\"https:\\\/\\\/iblo.si\\\/de\\\/izdelek\\\/ac12bk-nsj-ac12bk-ua3\\\/#primaryimage\"},\"thumbnailUrl\":\"https:\\\/\\\/iblo.si\\\/wp-content\\\/uploads\\\/2025\\\/05\\\/AC12BK.NSJ-AC12BK.UA3_.jpg\",\"datePublished\":\"2025-05-07T11:39:49+00:00\",\"dateModified\":\"2026-04-30T04:00:08+00:00\",\"breadcrumb\":{\"@id\":\"https:\\\/\\\/iblo.si\\\/de\\\/izdelek\\\/ac12bk-nsj-ac12bk-ua3\\\/#breadcrumb\"},\"inLanguage\":\"de\",\"potentialAction\":[{\"@type\":\"ReadAction\",\"target\":[\"https:\\\/\\\/iblo.si\\\/de\\\/izdelek\\\/ac12bk-nsj-ac12bk-ua3\\\/\"]}]},{\"@type\":\"ImageObject\",\"inLanguage\":\"de\",\"@id\":\"https:\\\/\\\/iblo.si\\\/de\\\/izdelek\\\/ac12bk-nsj-ac12bk-ua3\\\/#primaryimage\",\"url\":\"https:\\\/\\\/iblo.si\\\/wp-content\\\/uploads\\\/2025\\\/05\\\/AC12BK.NSJ-AC12BK.UA3_.jpg\",\"contentUrl\":\"https:\\\/\\\/iblo.si\\\/wp-content\\\/uploads\\\/2025\\\/05\\\/AC12BK.NSJ-AC12BK.UA3_.jpg\",\"width\":800,\"height\":800},{\"@type\":\"BreadcrumbList\",\"@id\":\"https:\\\/\\\/iblo.si\\\/de\\\/izdelek\\\/ac12bk-nsj-ac12bk-ua3\\\/#breadcrumb\",\"itemListElement\":[{\"@type\":\"ListItem\",\"position\":1,\"name\":\"Home\",\"item\":\"https:\\\/\\\/iblo.si\\\/de\\\/\"},{\"@type\":\"ListItem\",\"position\":2,\"name\":\"Shop\",\"item\":\"https:\\\/\\\/iblo.si\\\/trgovina\\\/\"},{\"@type\":\"ListItem\",\"position\":3,\"name\":\"AC12BK.NSJ-AC12BK.UA3, LG set, 3,5 kW, ArtCool Mirror \u010crna\"}]},{\"@type\":\"WebSite\",\"@id\":\"https:\\\/\\\/iblo.si\\\/de\\\/#website\",\"url\":\"https:\\\/\\\/iblo.si\\\/de\\\/\",\"name\":\"Iblo d.o.o., Ptuj\",\"description\":\"Klimatske naprave in sistemi LG\",\"publisher\":{\"@id\":\"https:\\\/\\\/iblo.si\\\/de\\\/#organization\"},\"potentialAction\":[{\"@type\":\"SearchAction\",\"target\":{\"@type\":\"EntryPoint\",\"urlTemplate\":\"https:\\\/\\\/iblo.si\\\/de\\\/?s={search_term_string}\"},\"query-input\":{\"@type\":\"PropertyValueSpecification\",\"valueRequired\":true,\"valueName\":\"search_term_string\"}}],\"inLanguage\":\"de\"},{\"@type\":\"Organization\",\"@id\":\"https:\\\/\\\/iblo.si\\\/de\\\/#organization\",\"name\":\"iblo d.o.o.\",\"url\":\"https:\\\/\\\/iblo.si\\\/de\\\/\",\"logo\":{\"@type\":\"ImageObject\",\"inLanguage\":\"de\",\"@id\":\"https:\\\/\\\/iblo.si\\\/de\\\/#\\\/schema\\\/logo\\\/image\\\/\",\"url\":\"https:\\\/\\\/i0.wp.com\\\/iblo.si\\\/wp-content\\\/uploads\\\/2020\\\/08\\\/iblo-logo.png?fit=487%2C308&ssl=1\",\"contentUrl\":\"https:\\\/\\\/i0.wp.com\\\/iblo.si\\\/wp-content\\\/uploads\\\/2020\\\/08\\\/iblo-logo.png?fit=487%2C308&ssl=1\",\"width\":487,\"height\":308,\"caption\":\"iblo d.o.o.\"},\"image\":{\"@id\":\"https:\\\/\\\/iblo.si\\\/de\\\/#\\\/schema\\\/logo\\\/image\\\/\"},\"sameAs\":[\"https:\\\/\\\/www.facebook.com\\\/ibloptuj\\\/\"]}]}<\/script>\n<!-- \/ Yoast SEO plugin. -->","yoast_head_json":{"title":"AC12BK.NSJ-AC12BK.UA3, LG set, 3,5 kW, ArtCool Mirror \u010crna - Iblo d.o.o., Ptuj","robots":{"index":"index","follow":"follow","max-snippet":"max-snippet:-1","max-image-preview":"max-image-preview:large","max-video-preview":"max-video-preview:-1"},"canonical":"https:\/\/iblo.si\/de\/izdelek\/ac12bk-nsj-ac12bk-ua3\/","og_locale":"de_DE","og_type":"article","og_title":"AC12BK.NSJ-AC12BK.UA3, LG set, 3,5 kW, ArtCool Mirror \u010crna - Iblo d.o.o., Ptuj","og_description":"NOTRANJA ENOTA AC12BK.NSJDimenzije (\u0160 x V x G) Neto mm 837 X 308 X 192 Po\u0161iljanje mm 882 X 385 X 253Te\u017ea Neto kg 9,9Vrsta zra\u010dnega filtra Predfilter (pralni), Alergijski filterPretok zraka Hlajenje Zelo vis.\/Vis.\/Sred.\/Niz. m3\/min 12,5\/10,0\/7,5\/4,2 Ogrevanje Zelo vis.\/Vis.\/Sred.\/Niz. m3\/min 13,0\/10,0\/7,2\/5,6Raven zvo\u010dnega tlaka Hlajenje Zelo vis.\/Vis.Sred.\/Niz.\/Zelo niz. dB (A) 45\/41\/35\/27\/19 Ogrevanje Zelo vis.\/Vis.\/Sred.\/Niz. dB [&hellip;]","og_url":"https:\/\/iblo.si\/de\/izdelek\/ac12bk-nsj-ac12bk-ua3\/","og_site_name":"Iblo d.o.o., Ptuj","article_publisher":"https:\/\/www.facebook.com\/ibloptuj\/","article_modified_time":"2026-04-30T04:00:08+00:00","og_image":[{"width":800,"height":800,"url":"https:\/\/iblo.si\/wp-content\/uploads\/2025\/05\/AC12BK.NSJ-AC12BK.UA3_.jpg","type":"image\/jpeg"}],"twitter_card":"summary_large_image","twitter_misc":{"Gesch\u00e4tzte Lesezeit":"2\u00a0Minuten"},"schema":{"@context":"https:\/\/schema.org","@graph":[{"@type":"WebPage","@id":"https:\/\/iblo.si\/de\/izdelek\/ac12bk-nsj-ac12bk-ua3\/","url":"https:\/\/iblo.si\/de\/izdelek\/ac12bk-nsj-ac12bk-ua3\/","name":"AC12BK.NSJ-AC12BK.UA3, LG set, 3,5 kW, ArtCool Mirror \u010crna - Iblo d.o.o., Ptuj","isPartOf":{"@id":"https:\/\/iblo.si\/de\/#website"},"primaryImageOfPage":{"@id":"https:\/\/iblo.si\/de\/izdelek\/ac12bk-nsj-ac12bk-ua3\/#primaryimage"},"image":{"@id":"https:\/\/iblo.si\/de\/izdelek\/ac12bk-nsj-ac12bk-ua3\/#primaryimage"},"thumbnailUrl":"https:\/\/iblo.si\/wp-content\/uploads\/2025\/05\/AC12BK.NSJ-AC12BK.UA3_.jpg","datePublished":"2025-05-07T11:39:49+00:00","dateModified":"2026-04-30T04:00:08+00:00","breadcrumb":{"@id":"https:\/\/iblo.si\/de\/izdelek\/ac12bk-nsj-ac12bk-ua3\/#breadcrumb"},"inLanguage":"de","potentialAction":[{"@type":"ReadAction","target":["https:\/\/iblo.si\/de\/izdelek\/ac12bk-nsj-ac12bk-ua3\/"]}]},{"@type":"ImageObject","inLanguage":"de","@id":"https:\/\/iblo.si\/de\/izdelek\/ac12bk-nsj-ac12bk-ua3\/#primaryimage","url":"https:\/\/iblo.si\/wp-content\/uploads\/2025\/05\/AC12BK.NSJ-AC12BK.UA3_.jpg","contentUrl":"https:\/\/iblo.si\/wp-content\/uploads\/2025\/05\/AC12BK.NSJ-AC12BK.UA3_.jpg","width":800,"height":800},{"@type":"BreadcrumbList","@id":"https:\/\/iblo.si\/de\/izdelek\/ac12bk-nsj-ac12bk-ua3\/#breadcrumb","itemListElement":[{"@type":"ListItem","position":1,"name":"Home","item":"https:\/\/iblo.si\/de\/"},{"@type":"ListItem","position":2,"name":"Shop","item":"https:\/\/iblo.si\/trgovina\/"},{"@type":"ListItem","position":3,"name":"AC12BK.NSJ-AC12BK.UA3, LG set, 3,5 kW, ArtCool Mirror \u010crna"}]},{"@type":"WebSite","@id":"https:\/\/iblo.si\/de\/#website","url":"https:\/\/iblo.si\/de\/","name":"Iblo d.o.o., Ptuj","description":"Klimatske naprave in sistemi LG","publisher":{"@id":"https:\/\/iblo.si\/de\/#organization"},"potentialAction":[{"@type":"SearchAction","target":{"@type":"EntryPoint","urlTemplate":"https:\/\/iblo.si\/de\/?s={search_term_string}"},"query-input":{"@type":"PropertyValueSpecification","valueRequired":true,"valueName":"search_term_string"}}],"inLanguage":"de"},{"@type":"Organization","@id":"https:\/\/iblo.si\/de\/#organization","name":"iblo d.o.o.","url":"https:\/\/iblo.si\/de\/","logo":{"@type":"ImageObject","inLanguage":"de","@id":"https:\/\/iblo.si\/de\/#\/schema\/logo\/image\/","url":"https:\/\/i0.wp.com\/iblo.si\/wp-content\/uploads\/2020\/08\/iblo-logo.png?fit=487%2C308&ssl=1","contentUrl":"https:\/\/i0.wp.com\/iblo.si\/wp-content\/uploads\/2020\/08\/iblo-logo.png?fit=487%2C308&ssl=1","width":487,"height":308,"caption":"iblo d.o.o."},"image":{"@id":"https:\/\/iblo.si\/de\/#\/schema\/logo\/image\/"},"sameAs":["https:\/\/www.facebook.com\/ibloptuj\/"]}]}},"_links":{"self":[{"href":"https:\/\/iblo.si\/de\/wp-json\/wp\/v2\/product\/706748","targetHints":{"allow":["GET"]}}],"collection":[{"href":"https:\/\/iblo.si\/de\/wp-json\/wp\/v2\/product"}],"about":[{"href":"https:\/\/iblo.si\/de\/wp-json\/wp\/v2\/types\/product"}],"wp:featuredmedia":[{"embeddable":true,"href":"https:\/\/iblo.si\/de\/wp-json\/wp\/v2\/media\/708146"}],"wp:attachment":[{"href":"https:\/\/iblo.si\/de\/wp-json\/wp\/v2\/media?parent=706748"}],"wp:term":[{"taxonomy":"product_brand","embeddable":true,"href":"https:\/\/iblo.si\/de\/wp-json\/wp\/v2\/product_brand?post=706748"},{"taxonomy":"product_cat","embeddable":true,"href":"https:\/\/iblo.si\/de\/wp-json\/wp\/v2\/product_cat?post=706748"},{"taxonomy":"product_tag","embeddable":true,"href":"https:\/\/iblo.si\/de\/wp-json\/wp\/v2\/product_tag?post=706748"}],"curies":[{"name":"wp","href":"https:\/\/api.w.org\/{rel}","templated":true}]}}