{"id":706840,"date":"2025-05-13T08:42:16","date_gmt":"2025-05-13T06:42:16","guid":{"rendered":"https:\/\/iblo.si\/product\/h12s1pa-ns1-multi\/"},"modified":"2026-04-24T06:00:14","modified_gmt":"2026-04-24T04:00:14","slug":"h12s1pa-ns1-multi","status":"publish","type":"product","link":"https:\/\/iblo.si\/de\/izdelek\/h12s1pa-ns1-multi\/","title":{"rendered":"H12S1PA.NS1-Multi, 3,5 kW, DualCool AI Air Premium, LG notranja enota"},"content":{"rendered":"<p>NOTRANJA ENOTA    H12S1PA.NS1<br \/>Dimenzije (\u0160 x V x G)  Neto mm 895 X 307 X 235<br \/>  Po\u0161iljanje mm 967 X 383 X 296<br \/>Te\u017ea  Neto kg 12,6<br \/>Vrsta zra\u010dnega filtra    Predfilter (pralni), Alergijski filter<br \/>Pretok zraka Hlajenje Zelo vis.\/Vis.\/Sred.\/Niz. m3\/min 13,6\/10,5\/8,1\/5,7<br \/> Ogrevanje Zelo vis.\/Vis.\/Sred.\/Niz. m3\/min  14,2\/10,5\/8,1\/5,7<br \/>Raven zvo\u010dnega tlaka Hlajenje Zelo vis.\/Vis.Sred.\/Niz.\/Zelo niz. dB (A)  47\/40\/35\/27\/19<br \/> Ogrevanje Zelo vis.\/Vis.\/Sred.\/Niz. dB (A) 48\/40\/35\/27<br \/>Raven zvo\u010dne mo\u010di   dB (A) 60<br \/>Razvla\u017eevanje   l\/uro 1,3<br \/>Velikost priklju\u010dka drena\u017ene cevi  Zun. e., Not. e.  mm 21,5 16<br \/>Mo\u010d Hlajenje Min. ~ Nom. ~ Maks. kW 0,89\/3,5\/4,35<br \/> Ogrevanje Min. ~ Nom. ~ Maks. kW 0,65\/4,0\/6,0<br \/> Ogrevanje -7 \u00b0C Maks. kW 4<br \/>Priklju\u010dna mo\u010d Hlajenje Min. ~ Nom. ~ Maks. W 160\/815\/1.500<br \/> Ogrevanje Min. ~ Nom. ~ Maks. W 160\/850\/1.750<br \/>Delovni tok Hlajenje Min. ~ Nom. ~ Maks. A 1,3\/3,75\/6,5<br \/> Ogrevanje Min. ~ Nom. ~ Maks. A 1,3\/4,0\/7,5<br \/>EER   W\/W 4,29<br \/>SEER   &#8211; 9,5<br \/>Koeficient u\u010dinka (COP)   W\/W 4,71<br \/>SCOP (Povpre\u010dno\/Topleje)   &#8211; 5,1\/6,1<br \/>P dizajn C\/P dizajn H   kW 3,5\/2,8<br \/>Energijski razred (lestvica A+++ do D)  Hlajenje &#8211; A+++<br \/>  Ogrevanje (Povpre\u010dno\/Topleje) &#8211; A+++ (A+++)<br \/>Letna poraba energije  Hlajenje kWh 129<br \/>  Ogrevanje (Povpre\u010dno\/Topleje) kWh 769 (344)<\/p>\n<p>PRIBOR IN OSTALO    <br \/>Kompatibilno s sistemom &#8220;multi&#8221;    Da<br \/>PI 485    Da<br \/>Breznapetostni kontakt    Da<br \/>\u017di\u010dni daljinski upravljalnik    Da<\/p>\n","protected":false},"excerpt":{"rendered":"<p>NOTRANJA ENOTA H12S1PA.NS1Dimenzije (\u0160 x V x G) Neto mm 895 X 307 X 235 Po\u0161iljanje mm 967 X 383 X 296Te\u017ea Neto kg 12,6Vrsta zra\u010dnega filtra Predfilter (pralni), Alergijski filterPretok zraka Hlajenje Zelo vis.\/Vis.\/Sred.\/Niz. m3\/min 13,6\/10,5\/8,1\/5,7 Ogrevanje Zelo vis.\/Vis.\/Sred.\/Niz. m3\/min 14,2\/10,5\/8,1\/5,7Raven zvo\u010dnega tlaka Hlajenje Zelo vis.\/Vis.Sred.\/Niz.\/Zelo niz. dB (A) 47\/40\/35\/27\/19 Ogrevanje Zelo vis.\/Vis.\/Sred.\/Niz. dB [&hellip;]<\/p>\n","protected":false},"featured_media":708062,"template":"","meta":[],"product_brand":[],"product_cat":[334,337,400],"product_tag":[],"class_list":{"0":"post-706840","1":"product","2":"type-product","3":"status-publish","4":"has-post-thumbnail","6":"product_cat-klima-naprave","7":"product_cat-multi-split-naprave","8":"product_cat-multisplit-stenske-enote","10":"first","11":"instock","12":"taxable","13":"shipping-taxable","14":"purchasable","15":"product-type-simple"},"yoast_head":"<!-- This site is optimized with the Yoast SEO plugin v27.4 - https:\/\/yoast.com\/product\/yoast-seo-wordpress\/ -->\n<title>H12S1PA.NS1-Multi, 3,5 kW, DualCool AI Air Premium, LG notranja enota - Iblo d.o.o., Ptuj<\/title>\n<meta name=\"robots\" content=\"index, follow, max-snippet:-1, max-image-preview:large, max-video-preview:-1\" \/>\n<link rel=\"canonical\" href=\"https:\/\/iblo.si\/de\/izdelek\/h12s1pa-ns1-multi\/\" \/>\n<meta property=\"og:locale\" content=\"de_DE\" \/>\n<meta property=\"og:type\" content=\"article\" \/>\n<meta property=\"og:title\" content=\"H12S1PA.NS1-Multi, 3,5 kW, DualCool AI Air Premium, LG notranja enota - Iblo d.o.o., Ptuj\" \/>\n<meta property=\"og:description\" content=\"NOTRANJA ENOTA H12S1PA.NS1Dimenzije (\u0160 x V x G) Neto mm 895 X 307 X 235 Po\u0161iljanje mm 967 X 383 X 296Te\u017ea Neto kg 12,6Vrsta zra\u010dnega filtra Predfilter (pralni), Alergijski filterPretok zraka Hlajenje Zelo vis.\/Vis.\/Sred.\/Niz. m3\/min 13,6\/10,5\/8,1\/5,7 Ogrevanje Zelo vis.\/Vis.\/Sred.\/Niz. m3\/min 14,2\/10,5\/8,1\/5,7Raven zvo\u010dnega tlaka Hlajenje Zelo vis.\/Vis.Sred.\/Niz.\/Zelo niz. dB (A) 47\/40\/35\/27\/19 Ogrevanje Zelo vis.\/Vis.\/Sred.\/Niz. dB [&hellip;]\" \/>\n<meta property=\"og:url\" content=\"https:\/\/iblo.si\/de\/izdelek\/h12s1pa-ns1-multi\/\" \/>\n<meta property=\"og:site_name\" content=\"Iblo d.o.o., Ptuj\" \/>\n<meta property=\"article:publisher\" content=\"https:\/\/www.facebook.com\/ibloptuj\/\" \/>\n<meta property=\"article:modified_time\" content=\"2026-04-24T04:00:14+00:00\" \/>\n<meta property=\"og:image\" content=\"https:\/\/iblo.si\/wp-content\/uploads\/2025\/05\/H12S1PA.NS1-Multi-1.jpg\" \/>\n\t<meta property=\"og:image:width\" content=\"800\" \/>\n\t<meta property=\"og:image:height\" content=\"800\" \/>\n\t<meta property=\"og:image:type\" content=\"image\/jpeg\" \/>\n<meta name=\"twitter:card\" content=\"summary_large_image\" \/>\n<meta name=\"twitter:label1\" content=\"Gesch\u00e4tzte Lesezeit\" \/>\n\t<meta name=\"twitter:data1\" content=\"1\u00a0Minute\" \/>\n<script type=\"application\/ld+json\" class=\"yoast-schema-graph\">{\"@context\":\"https:\\\/\\\/schema.org\",\"@graph\":[{\"@type\":\"WebPage\",\"@id\":\"https:\\\/\\\/iblo.si\\\/de\\\/izdelek\\\/h12s1pa-ns1-multi\\\/\",\"url\":\"https:\\\/\\\/iblo.si\\\/de\\\/izdelek\\\/h12s1pa-ns1-multi\\\/\",\"name\":\"H12S1PA.NS1-Multi, 3,5 kW, DualCool AI Air Premium, LG notranja enota - Iblo d.o.o., Ptuj\",\"isPartOf\":{\"@id\":\"https:\\\/\\\/iblo.si\\\/de\\\/#website\"},\"primaryImageOfPage\":{\"@id\":\"https:\\\/\\\/iblo.si\\\/de\\\/izdelek\\\/h12s1pa-ns1-multi\\\/#primaryimage\"},\"image\":{\"@id\":\"https:\\\/\\\/iblo.si\\\/de\\\/izdelek\\\/h12s1pa-ns1-multi\\\/#primaryimage\"},\"thumbnailUrl\":\"https:\\\/\\\/iblo.si\\\/wp-content\\\/uploads\\\/2025\\\/05\\\/H12S1PA.NS1-Multi-1.jpg\",\"datePublished\":\"2025-05-13T06:42:16+00:00\",\"dateModified\":\"2026-04-24T04:00:14+00:00\",\"breadcrumb\":{\"@id\":\"https:\\\/\\\/iblo.si\\\/de\\\/izdelek\\\/h12s1pa-ns1-multi\\\/#breadcrumb\"},\"inLanguage\":\"de\",\"potentialAction\":[{\"@type\":\"ReadAction\",\"target\":[\"https:\\\/\\\/iblo.si\\\/de\\\/izdelek\\\/h12s1pa-ns1-multi\\\/\"]}]},{\"@type\":\"ImageObject\",\"inLanguage\":\"de\",\"@id\":\"https:\\\/\\\/iblo.si\\\/de\\\/izdelek\\\/h12s1pa-ns1-multi\\\/#primaryimage\",\"url\":\"https:\\\/\\\/iblo.si\\\/wp-content\\\/uploads\\\/2025\\\/05\\\/H12S1PA.NS1-Multi-1.jpg\",\"contentUrl\":\"https:\\\/\\\/iblo.si\\\/wp-content\\\/uploads\\\/2025\\\/05\\\/H12S1PA.NS1-Multi-1.jpg\",\"width\":800,\"height\":800},{\"@type\":\"BreadcrumbList\",\"@id\":\"https:\\\/\\\/iblo.si\\\/de\\\/izdelek\\\/h12s1pa-ns1-multi\\\/#breadcrumb\",\"itemListElement\":[{\"@type\":\"ListItem\",\"position\":1,\"name\":\"Home\",\"item\":\"https:\\\/\\\/iblo.si\\\/de\\\/\"},{\"@type\":\"ListItem\",\"position\":2,\"name\":\"Shop\",\"item\":\"https:\\\/\\\/iblo.si\\\/trgovina\\\/\"},{\"@type\":\"ListItem\",\"position\":3,\"name\":\"H12S1PA.NS1-Multi, 3,5 kW, DualCool AI Air Premium, LG notranja enota\"}]},{\"@type\":\"WebSite\",\"@id\":\"https:\\\/\\\/iblo.si\\\/de\\\/#website\",\"url\":\"https:\\\/\\\/iblo.si\\\/de\\\/\",\"name\":\"Iblo d.o.o., Ptuj\",\"description\":\"Klimatske naprave in sistemi LG\",\"publisher\":{\"@id\":\"https:\\\/\\\/iblo.si\\\/de\\\/#organization\"},\"potentialAction\":[{\"@type\":\"SearchAction\",\"target\":{\"@type\":\"EntryPoint\",\"urlTemplate\":\"https:\\\/\\\/iblo.si\\\/de\\\/?s={search_term_string}\"},\"query-input\":{\"@type\":\"PropertyValueSpecification\",\"valueRequired\":true,\"valueName\":\"search_term_string\"}}],\"inLanguage\":\"de\"},{\"@type\":\"Organization\",\"@id\":\"https:\\\/\\\/iblo.si\\\/de\\\/#organization\",\"name\":\"iblo d.o.o.\",\"url\":\"https:\\\/\\\/iblo.si\\\/de\\\/\",\"logo\":{\"@type\":\"ImageObject\",\"inLanguage\":\"de\",\"@id\":\"https:\\\/\\\/iblo.si\\\/de\\\/#\\\/schema\\\/logo\\\/image\\\/\",\"url\":\"https:\\\/\\\/i0.wp.com\\\/iblo.si\\\/wp-content\\\/uploads\\\/2020\\\/08\\\/iblo-logo.png?fit=487%2C308&ssl=1\",\"contentUrl\":\"https:\\\/\\\/i0.wp.com\\\/iblo.si\\\/wp-content\\\/uploads\\\/2020\\\/08\\\/iblo-logo.png?fit=487%2C308&ssl=1\",\"width\":487,\"height\":308,\"caption\":\"iblo d.o.o.\"},\"image\":{\"@id\":\"https:\\\/\\\/iblo.si\\\/de\\\/#\\\/schema\\\/logo\\\/image\\\/\"},\"sameAs\":[\"https:\\\/\\\/www.facebook.com\\\/ibloptuj\\\/\"]}]}<\/script>\n<!-- \/ Yoast SEO plugin. -->","yoast_head_json":{"title":"H12S1PA.NS1-Multi, 3,5 kW, DualCool AI Air Premium, LG notranja enota - Iblo d.o.o., Ptuj","robots":{"index":"index","follow":"follow","max-snippet":"max-snippet:-1","max-image-preview":"max-image-preview:large","max-video-preview":"max-video-preview:-1"},"canonical":"https:\/\/iblo.si\/de\/izdelek\/h12s1pa-ns1-multi\/","og_locale":"de_DE","og_type":"article","og_title":"H12S1PA.NS1-Multi, 3,5 kW, DualCool AI Air Premium, LG notranja enota - Iblo d.o.o., Ptuj","og_description":"NOTRANJA ENOTA H12S1PA.NS1Dimenzije (\u0160 x V x G) Neto mm 895 X 307 X 235 Po\u0161iljanje mm 967 X 383 X 296Te\u017ea Neto kg 12,6Vrsta zra\u010dnega filtra Predfilter (pralni), Alergijski filterPretok zraka Hlajenje Zelo vis.\/Vis.\/Sred.\/Niz. m3\/min 13,6\/10,5\/8,1\/5,7 Ogrevanje Zelo vis.\/Vis.\/Sred.\/Niz. m3\/min 14,2\/10,5\/8,1\/5,7Raven zvo\u010dnega tlaka Hlajenje Zelo vis.\/Vis.Sred.\/Niz.\/Zelo niz. dB (A) 47\/40\/35\/27\/19 Ogrevanje Zelo vis.\/Vis.\/Sred.\/Niz. dB [&hellip;]","og_url":"https:\/\/iblo.si\/de\/izdelek\/h12s1pa-ns1-multi\/","og_site_name":"Iblo d.o.o., Ptuj","article_publisher":"https:\/\/www.facebook.com\/ibloptuj\/","article_modified_time":"2026-04-24T04:00:14+00:00","og_image":[{"width":800,"height":800,"url":"https:\/\/iblo.si\/wp-content\/uploads\/2025\/05\/H12S1PA.NS1-Multi-1.jpg","type":"image\/jpeg"}],"twitter_card":"summary_large_image","twitter_misc":{"Gesch\u00e4tzte Lesezeit":"1\u00a0Minute"},"schema":{"@context":"https:\/\/schema.org","@graph":[{"@type":"WebPage","@id":"https:\/\/iblo.si\/de\/izdelek\/h12s1pa-ns1-multi\/","url":"https:\/\/iblo.si\/de\/izdelek\/h12s1pa-ns1-multi\/","name":"H12S1PA.NS1-Multi, 3,5 kW, DualCool AI Air Premium, LG notranja enota - Iblo d.o.o., Ptuj","isPartOf":{"@id":"https:\/\/iblo.si\/de\/#website"},"primaryImageOfPage":{"@id":"https:\/\/iblo.si\/de\/izdelek\/h12s1pa-ns1-multi\/#primaryimage"},"image":{"@id":"https:\/\/iblo.si\/de\/izdelek\/h12s1pa-ns1-multi\/#primaryimage"},"thumbnailUrl":"https:\/\/iblo.si\/wp-content\/uploads\/2025\/05\/H12S1PA.NS1-Multi-1.jpg","datePublished":"2025-05-13T06:42:16+00:00","dateModified":"2026-04-24T04:00:14+00:00","breadcrumb":{"@id":"https:\/\/iblo.si\/de\/izdelek\/h12s1pa-ns1-multi\/#breadcrumb"},"inLanguage":"de","potentialAction":[{"@type":"ReadAction","target":["https:\/\/iblo.si\/de\/izdelek\/h12s1pa-ns1-multi\/"]}]},{"@type":"ImageObject","inLanguage":"de","@id":"https:\/\/iblo.si\/de\/izdelek\/h12s1pa-ns1-multi\/#primaryimage","url":"https:\/\/iblo.si\/wp-content\/uploads\/2025\/05\/H12S1PA.NS1-Multi-1.jpg","contentUrl":"https:\/\/iblo.si\/wp-content\/uploads\/2025\/05\/H12S1PA.NS1-Multi-1.jpg","width":800,"height":800},{"@type":"BreadcrumbList","@id":"https:\/\/iblo.si\/de\/izdelek\/h12s1pa-ns1-multi\/#breadcrumb","itemListElement":[{"@type":"ListItem","position":1,"name":"Home","item":"https:\/\/iblo.si\/de\/"},{"@type":"ListItem","position":2,"name":"Shop","item":"https:\/\/iblo.si\/trgovina\/"},{"@type":"ListItem","position":3,"name":"H12S1PA.NS1-Multi, 3,5 kW, DualCool AI Air Premium, LG notranja enota"}]},{"@type":"WebSite","@id":"https:\/\/iblo.si\/de\/#website","url":"https:\/\/iblo.si\/de\/","name":"Iblo d.o.o., Ptuj","description":"Klimatske naprave in sistemi LG","publisher":{"@id":"https:\/\/iblo.si\/de\/#organization"},"potentialAction":[{"@type":"SearchAction","target":{"@type":"EntryPoint","urlTemplate":"https:\/\/iblo.si\/de\/?s={search_term_string}"},"query-input":{"@type":"PropertyValueSpecification","valueRequired":true,"valueName":"search_term_string"}}],"inLanguage":"de"},{"@type":"Organization","@id":"https:\/\/iblo.si\/de\/#organization","name":"iblo d.o.o.","url":"https:\/\/iblo.si\/de\/","logo":{"@type":"ImageObject","inLanguage":"de","@id":"https:\/\/iblo.si\/de\/#\/schema\/logo\/image\/","url":"https:\/\/i0.wp.com\/iblo.si\/wp-content\/uploads\/2020\/08\/iblo-logo.png?fit=487%2C308&ssl=1","contentUrl":"https:\/\/i0.wp.com\/iblo.si\/wp-content\/uploads\/2020\/08\/iblo-logo.png?fit=487%2C308&ssl=1","width":487,"height":308,"caption":"iblo d.o.o."},"image":{"@id":"https:\/\/iblo.si\/de\/#\/schema\/logo\/image\/"},"sameAs":["https:\/\/www.facebook.com\/ibloptuj\/"]}]}},"_links":{"self":[{"href":"https:\/\/iblo.si\/de\/wp-json\/wp\/v2\/product\/706840","targetHints":{"allow":["GET"]}}],"collection":[{"href":"https:\/\/iblo.si\/de\/wp-json\/wp\/v2\/product"}],"about":[{"href":"https:\/\/iblo.si\/de\/wp-json\/wp\/v2\/types\/product"}],"wp:featuredmedia":[{"embeddable":true,"href":"https:\/\/iblo.si\/de\/wp-json\/wp\/v2\/media\/708062"}],"wp:attachment":[{"href":"https:\/\/iblo.si\/de\/wp-json\/wp\/v2\/media?parent=706840"}],"wp:term":[{"taxonomy":"product_brand","embeddable":true,"href":"https:\/\/iblo.si\/de\/wp-json\/wp\/v2\/product_brand?post=706840"},{"taxonomy":"product_cat","embeddable":true,"href":"https:\/\/iblo.si\/de\/wp-json\/wp\/v2\/product_cat?post=706840"},{"taxonomy":"product_tag","embeddable":true,"href":"https:\/\/iblo.si\/de\/wp-json\/wp\/v2\/product_tag?post=706840"}],"curies":[{"name":"wp","href":"https:\/\/api.w.org\/{rel}","templated":true}]}}