{"id":708435,"date":"2025-05-20T15:43:24","date_gmt":"2025-05-20T13:43:24","guid":{"rendered":"https:\/\/iblo.si\/product\/ac24bk-nsk-ac24bk-u24\/"},"modified":"2026-04-29T22:00:07","modified_gmt":"2026-04-29T20:00:07","slug":"ac24bk-nsk-ac24bk-u24","status":"publish","type":"product","link":"https:\/\/iblo.si\/de\/izdelek\/ac24bk-nsk-ac24bk-u24\/","title":{"rendered":"AC24BK.NSK-AC24BK.U24, LG set, 6,6kW, ArtCool Mirror \u010crna"},"content":{"rendered":"<p>NOTRANJA ENOTA    AC24BK.NSK<br \/>Dimenzije (\u0160 x V x G)  Neto mm 998 X 345 X 212<br \/>  Po\u0161iljanje mm 1.089 X 428 X 298<br \/>Te\u017ea  Neto kg 13,5<br \/>Vrsta zra\u010dnega filtra    Predfilter (pralni),<br \/>    Alergijski filter<br \/>Pretok zraka Hlajenje Zelo vis.\/Vis.\/Sred.\/Niz. m3\/min 18,3\/16,1\/13,1\/10,5<br \/> Ogrevanje Zelo vis.\/Vis.\/Sred.\/Niz. m3\/min  19,8\/17,6\/14,3\/11,0<br \/>Raven zvo\u010dnega tlaka Hlajenje Zelo vis.\/Vis.Sred.\/Niz.\/Zelo niz. dB (A)  49\/47\/42\/34\/31<br \/> Ogrevanje Zelo vis.\/Vis.\/Sred.\/Niz. dB (A) 50\/47\/42\/34<br \/>Raven zvo\u010dne mo\u010di   dB (A) 65<br \/>Razvla\u017eevanje   l\/uro 2,5<br \/>Velikost priklju\u010dka drena\u017ene cevi  Zun. e., Not. e.  mm 21,5 16<br \/>Mo\u010d Hlajenje Min. ~ Nom. ~ Maks. kW 0,9\/6,6\/7,42<br \/> Ogrevanje Min. ~ Nom. ~ Maks. kW 0,9\/7,5\/8,64<br \/> Ogrevanje -7 \u00b0C Maks. kW 6<br \/>Priklju\u010dna mo\u010d Hlajenje Min. ~ Nom. ~ Maks. W 210\/2.164\/2.500<br \/> Ogrevanje Min. ~ Nom. ~ Maks. W 210\/2.238\/2.750<br \/>Delovni tok Hlajenje Min. ~ Nom. ~ Maks. A 1,2\/9,8\/14,0<br \/> Ogrevanje Min. ~ Nom. ~ Maks. A 1,2\/10,0\/14,0<br \/>EER   W\/W 3,05<br \/>SEER   &#8211; 6,9<br \/>Koeficient u\u010dinka (COP)   W\/W 3,35<br \/>SCOP (Povpre\u010dno\/Topleje)   &#8211; 4,3 (5,3)<br \/>P dizajn C\/P dizajn H   kW 6,6\/5,0<br \/>Energijski razred (lestvica A+++ do D)  Hlajenje &#8211; A++<br \/>  Ogrevanje (Povpre\u010dno\/Topleje) &#8211; A+ (A+++)<br \/>Letna poraba energije  Hlajenje kWh 335<br \/>  Ogrevanje (Povpre\u010dno\/Topleje) kWh 1.628 (713)<\/p>\n<p>ZUNANJA ENOTA    AC24BK.U24<br \/>Dimenzije (\u0160 x V x G)  Neto mm 870 X 650 X 330<br \/>  Po\u0161iljanje mm 1.026 X 683 X 446<br \/>Te\u017ea  Neto kg 46<br \/>Podro\u010dje delovanja  Hlajenje \u00b0C DB (suho)  -15~48<br \/>  Ogrevanje \u00b0C DB (suho)  -10~24<br \/>Napajanje    <br \/> Faza   1~<br \/> Napetost  V 220 ~ 240<br \/> Frekvenca  Hz 50<br \/>Raven zvo\u010dnega tlaka Hlajenje Nazivno dB (A) 54<br \/> Ogrevanje Nazivno dB (A) 57<br \/>Raven zvo\u010dne mo\u010di   dB (A) 70<br \/>Pretok zraka  Maks. m3\/min 49<br \/>Tokovni odklopnik (varovalka)   A 25<br \/>Napajalni kabel   \u0160t. x mm2 3 X 2,5<br \/>Elektri\u010dni in komunikacijski kabli   \u0160t. x mm2 4 X 1,0 (vklju\u010dno z ozemljitvijo)<br \/>Hladilno sredstvo Vrsta\/GWP (potencial globalnega segrevanja)  &#8211; R32\/675<br \/> Koli\u010dina predhodnega polnjenja\/t-CO2 ekviv.  kg 1,1\/0,743<br \/> Brez dodat. polnjenja  m 7,5<br \/> Dodatno polnjenje  g\/m 20<br \/>Cevovod Velikost (mo\u010d) Teko\u010dina mm fi 6,35<br \/>  Plin mm fi 15,88<br \/>Med notranjo in zunanjo enoto dol\u017eina cevi Min.\/Stand.\/Maks. m 3\/7,5\/30<br \/>  Brez dodat. polnjenja m 7,5<br \/> Maks. vi\u0161inska razlika  m 15<br \/>Kompresor Vrsta  &#8211; Dvojni rotacijski inverter<\/p>\n<p>PRIBOR IN OSTALO    <br \/>Kompatibilno s sistemom &#8220;multi&#8221;    Da<br \/>PI 485    Da<br \/>Breznapetostni kontakt    Da<br \/>\u017di\u010dni daljinski upravljalnik    Da<\/p>\n","protected":false},"excerpt":{"rendered":"<p>NOTRANJA ENOTA AC24BK.NSKDimenzije (\u0160 x V x G) Neto mm 998 X 345 X 212 Po\u0161iljanje mm 1.089 X 428 X 298Te\u017ea Neto kg 13,5Vrsta zra\u010dnega filtra Predfilter (pralni), Alergijski filterPretok zraka Hlajenje Zelo vis.\/Vis.\/Sred.\/Niz. m3\/min 18,3\/16,1\/13,1\/10,5 Ogrevanje Zelo vis.\/Vis.\/Sred.\/Niz. m3\/min 19,8\/17,6\/14,3\/11,0Raven zvo\u010dnega tlaka Hlajenje Zelo vis.\/Vis.Sred.\/Niz.\/Zelo niz. dB (A) 49\/47\/42\/34\/31 Ogrevanje Zelo vis.\/Vis.\/Sred.\/Niz. dB [&hellip;]<\/p>\n","protected":false},"featured_media":708915,"template":"","meta":[],"product_brand":[],"product_cat":[334,335,364],"product_tag":[],"class_list":{"0":"post-708435","1":"product","2":"type-product","3":"status-publish","4":"has-post-thumbnail","6":"product_cat-klima-naprave","7":"product_cat-samostojne-naprave","8":"product_cat-stenske-enote-seti","10":"first","11":"instock","12":"taxable","13":"shipping-taxable","14":"purchasable","15":"product-type-simple"},"yoast_head":"<!-- This site is optimized with the Yoast SEO plugin v27.5 - https:\/\/yoast.com\/product\/yoast-seo-wordpress\/ -->\n<title>AC24BK.NSK-AC24BK.U24, LG set, 6,6kW, ArtCool Mirror \u010crna - Iblo d.o.o., Ptuj<\/title>\n<meta name=\"robots\" content=\"index, follow, max-snippet:-1, max-image-preview:large, max-video-preview:-1\" \/>\n<link rel=\"canonical\" href=\"https:\/\/iblo.si\/de\/izdelek\/ac24bk-nsk-ac24bk-u24\/\" \/>\n<meta property=\"og:locale\" content=\"de_DE\" \/>\n<meta property=\"og:type\" content=\"article\" \/>\n<meta property=\"og:title\" content=\"AC24BK.NSK-AC24BK.U24, LG set, 6,6kW, ArtCool Mirror \u010crna - Iblo d.o.o., Ptuj\" \/>\n<meta property=\"og:description\" content=\"NOTRANJA ENOTA AC24BK.NSKDimenzije (\u0160 x V x G) Neto mm 998 X 345 X 212 Po\u0161iljanje mm 1.089 X 428 X 298Te\u017ea Neto kg 13,5Vrsta zra\u010dnega filtra Predfilter (pralni), Alergijski filterPretok zraka Hlajenje Zelo vis.\/Vis.\/Sred.\/Niz. m3\/min 18,3\/16,1\/13,1\/10,5 Ogrevanje Zelo vis.\/Vis.\/Sred.\/Niz. m3\/min 19,8\/17,6\/14,3\/11,0Raven zvo\u010dnega tlaka Hlajenje Zelo vis.\/Vis.Sred.\/Niz.\/Zelo niz. dB (A) 49\/47\/42\/34\/31 Ogrevanje Zelo vis.\/Vis.\/Sred.\/Niz. dB [&hellip;]\" \/>\n<meta property=\"og:url\" content=\"https:\/\/iblo.si\/de\/izdelek\/ac24bk-nsk-ac24bk-u24\/\" \/>\n<meta property=\"og:site_name\" content=\"Iblo d.o.o., Ptuj\" \/>\n<meta property=\"article:publisher\" content=\"https:\/\/www.facebook.com\/ibloptuj\/\" \/>\n<meta property=\"article:modified_time\" content=\"2026-04-29T20:00:07+00:00\" \/>\n<meta property=\"og:image\" content=\"https:\/\/iblo.si\/wp-content\/uploads\/2025\/05\/AC24BK.NSK-AC24BK.U24.jpg\" \/>\n\t<meta property=\"og:image:width\" content=\"800\" \/>\n\t<meta property=\"og:image:height\" content=\"800\" \/>\n\t<meta property=\"og:image:type\" content=\"image\/jpeg\" \/>\n<meta name=\"twitter:card\" content=\"summary_large_image\" \/>\n<meta name=\"twitter:label1\" content=\"Gesch\u00e4tzte Lesezeit\" \/>\n\t<meta name=\"twitter:data1\" content=\"2\u00a0Minuten\" \/>\n<script type=\"application\/ld+json\" class=\"yoast-schema-graph\">{\"@context\":\"https:\\\/\\\/schema.org\",\"@graph\":[{\"@type\":\"WebPage\",\"@id\":\"https:\\\/\\\/iblo.si\\\/de\\\/izdelek\\\/ac24bk-nsk-ac24bk-u24\\\/\",\"url\":\"https:\\\/\\\/iblo.si\\\/de\\\/izdelek\\\/ac24bk-nsk-ac24bk-u24\\\/\",\"name\":\"AC24BK.NSK-AC24BK.U24, LG set, 6,6kW, ArtCool Mirror \u010crna - Iblo d.o.o., Ptuj\",\"isPartOf\":{\"@id\":\"https:\\\/\\\/iblo.si\\\/de\\\/#website\"},\"primaryImageOfPage\":{\"@id\":\"https:\\\/\\\/iblo.si\\\/de\\\/izdelek\\\/ac24bk-nsk-ac24bk-u24\\\/#primaryimage\"},\"image\":{\"@id\":\"https:\\\/\\\/iblo.si\\\/de\\\/izdelek\\\/ac24bk-nsk-ac24bk-u24\\\/#primaryimage\"},\"thumbnailUrl\":\"https:\\\/\\\/iblo.si\\\/wp-content\\\/uploads\\\/2025\\\/05\\\/AC24BK.NSK-AC24BK.U24.jpg\",\"datePublished\":\"2025-05-20T13:43:24+00:00\",\"dateModified\":\"2026-04-29T20:00:07+00:00\",\"breadcrumb\":{\"@id\":\"https:\\\/\\\/iblo.si\\\/de\\\/izdelek\\\/ac24bk-nsk-ac24bk-u24\\\/#breadcrumb\"},\"inLanguage\":\"de\",\"potentialAction\":[{\"@type\":\"ReadAction\",\"target\":[\"https:\\\/\\\/iblo.si\\\/de\\\/izdelek\\\/ac24bk-nsk-ac24bk-u24\\\/\"]}]},{\"@type\":\"ImageObject\",\"inLanguage\":\"de\",\"@id\":\"https:\\\/\\\/iblo.si\\\/de\\\/izdelek\\\/ac24bk-nsk-ac24bk-u24\\\/#primaryimage\",\"url\":\"https:\\\/\\\/iblo.si\\\/wp-content\\\/uploads\\\/2025\\\/05\\\/AC24BK.NSK-AC24BK.U24.jpg\",\"contentUrl\":\"https:\\\/\\\/iblo.si\\\/wp-content\\\/uploads\\\/2025\\\/05\\\/AC24BK.NSK-AC24BK.U24.jpg\",\"width\":800,\"height\":800},{\"@type\":\"BreadcrumbList\",\"@id\":\"https:\\\/\\\/iblo.si\\\/de\\\/izdelek\\\/ac24bk-nsk-ac24bk-u24\\\/#breadcrumb\",\"itemListElement\":[{\"@type\":\"ListItem\",\"position\":1,\"name\":\"Home\",\"item\":\"https:\\\/\\\/iblo.si\\\/de\\\/\"},{\"@type\":\"ListItem\",\"position\":2,\"name\":\"Shop\",\"item\":\"https:\\\/\\\/iblo.si\\\/trgovina\\\/\"},{\"@type\":\"ListItem\",\"position\":3,\"name\":\"AC24BK.NSK-AC24BK.U24, LG set, 6,6kW, ArtCool Mirror \u010crna\"}]},{\"@type\":\"WebSite\",\"@id\":\"https:\\\/\\\/iblo.si\\\/de\\\/#website\",\"url\":\"https:\\\/\\\/iblo.si\\\/de\\\/\",\"name\":\"Iblo d.o.o., Ptuj\",\"description\":\"Klimatske naprave in sistemi LG\",\"publisher\":{\"@id\":\"https:\\\/\\\/iblo.si\\\/de\\\/#organization\"},\"potentialAction\":[{\"@type\":\"SearchAction\",\"target\":{\"@type\":\"EntryPoint\",\"urlTemplate\":\"https:\\\/\\\/iblo.si\\\/de\\\/?s={search_term_string}\"},\"query-input\":{\"@type\":\"PropertyValueSpecification\",\"valueRequired\":true,\"valueName\":\"search_term_string\"}}],\"inLanguage\":\"de\"},{\"@type\":\"Organization\",\"@id\":\"https:\\\/\\\/iblo.si\\\/de\\\/#organization\",\"name\":\"iblo d.o.o.\",\"url\":\"https:\\\/\\\/iblo.si\\\/de\\\/\",\"logo\":{\"@type\":\"ImageObject\",\"inLanguage\":\"de\",\"@id\":\"https:\\\/\\\/iblo.si\\\/de\\\/#\\\/schema\\\/logo\\\/image\\\/\",\"url\":\"https:\\\/\\\/i0.wp.com\\\/iblo.si\\\/wp-content\\\/uploads\\\/2020\\\/08\\\/iblo-logo.png?fit=487%2C308&ssl=1\",\"contentUrl\":\"https:\\\/\\\/i0.wp.com\\\/iblo.si\\\/wp-content\\\/uploads\\\/2020\\\/08\\\/iblo-logo.png?fit=487%2C308&ssl=1\",\"width\":487,\"height\":308,\"caption\":\"iblo d.o.o.\"},\"image\":{\"@id\":\"https:\\\/\\\/iblo.si\\\/de\\\/#\\\/schema\\\/logo\\\/image\\\/\"},\"sameAs\":[\"https:\\\/\\\/www.facebook.com\\\/ibloptuj\\\/\"]}]}<\/script>\n<!-- \/ Yoast SEO plugin. -->","yoast_head_json":{"title":"AC24BK.NSK-AC24BK.U24, LG set, 6,6kW, ArtCool Mirror \u010crna - Iblo d.o.o., Ptuj","robots":{"index":"index","follow":"follow","max-snippet":"max-snippet:-1","max-image-preview":"max-image-preview:large","max-video-preview":"max-video-preview:-1"},"canonical":"https:\/\/iblo.si\/de\/izdelek\/ac24bk-nsk-ac24bk-u24\/","og_locale":"de_DE","og_type":"article","og_title":"AC24BK.NSK-AC24BK.U24, LG set, 6,6kW, ArtCool Mirror \u010crna - Iblo d.o.o., Ptuj","og_description":"NOTRANJA ENOTA AC24BK.NSKDimenzije (\u0160 x V x G) Neto mm 998 X 345 X 212 Po\u0161iljanje mm 1.089 X 428 X 298Te\u017ea Neto kg 13,5Vrsta zra\u010dnega filtra Predfilter (pralni), Alergijski filterPretok zraka Hlajenje Zelo vis.\/Vis.\/Sred.\/Niz. m3\/min 18,3\/16,1\/13,1\/10,5 Ogrevanje Zelo vis.\/Vis.\/Sred.\/Niz. m3\/min 19,8\/17,6\/14,3\/11,0Raven zvo\u010dnega tlaka Hlajenje Zelo vis.\/Vis.Sred.\/Niz.\/Zelo niz. dB (A) 49\/47\/42\/34\/31 Ogrevanje Zelo vis.\/Vis.\/Sred.\/Niz. dB [&hellip;]","og_url":"https:\/\/iblo.si\/de\/izdelek\/ac24bk-nsk-ac24bk-u24\/","og_site_name":"Iblo d.o.o., Ptuj","article_publisher":"https:\/\/www.facebook.com\/ibloptuj\/","article_modified_time":"2026-04-29T20:00:07+00:00","og_image":[{"width":800,"height":800,"url":"https:\/\/iblo.si\/wp-content\/uploads\/2025\/05\/AC24BK.NSK-AC24BK.U24.jpg","type":"image\/jpeg"}],"twitter_card":"summary_large_image","twitter_misc":{"Gesch\u00e4tzte Lesezeit":"2\u00a0Minuten"},"schema":{"@context":"https:\/\/schema.org","@graph":[{"@type":"WebPage","@id":"https:\/\/iblo.si\/de\/izdelek\/ac24bk-nsk-ac24bk-u24\/","url":"https:\/\/iblo.si\/de\/izdelek\/ac24bk-nsk-ac24bk-u24\/","name":"AC24BK.NSK-AC24BK.U24, LG set, 6,6kW, ArtCool Mirror \u010crna - Iblo d.o.o., Ptuj","isPartOf":{"@id":"https:\/\/iblo.si\/de\/#website"},"primaryImageOfPage":{"@id":"https:\/\/iblo.si\/de\/izdelek\/ac24bk-nsk-ac24bk-u24\/#primaryimage"},"image":{"@id":"https:\/\/iblo.si\/de\/izdelek\/ac24bk-nsk-ac24bk-u24\/#primaryimage"},"thumbnailUrl":"https:\/\/iblo.si\/wp-content\/uploads\/2025\/05\/AC24BK.NSK-AC24BK.U24.jpg","datePublished":"2025-05-20T13:43:24+00:00","dateModified":"2026-04-29T20:00:07+00:00","breadcrumb":{"@id":"https:\/\/iblo.si\/de\/izdelek\/ac24bk-nsk-ac24bk-u24\/#breadcrumb"},"inLanguage":"de","potentialAction":[{"@type":"ReadAction","target":["https:\/\/iblo.si\/de\/izdelek\/ac24bk-nsk-ac24bk-u24\/"]}]},{"@type":"ImageObject","inLanguage":"de","@id":"https:\/\/iblo.si\/de\/izdelek\/ac24bk-nsk-ac24bk-u24\/#primaryimage","url":"https:\/\/iblo.si\/wp-content\/uploads\/2025\/05\/AC24BK.NSK-AC24BK.U24.jpg","contentUrl":"https:\/\/iblo.si\/wp-content\/uploads\/2025\/05\/AC24BK.NSK-AC24BK.U24.jpg","width":800,"height":800},{"@type":"BreadcrumbList","@id":"https:\/\/iblo.si\/de\/izdelek\/ac24bk-nsk-ac24bk-u24\/#breadcrumb","itemListElement":[{"@type":"ListItem","position":1,"name":"Home","item":"https:\/\/iblo.si\/de\/"},{"@type":"ListItem","position":2,"name":"Shop","item":"https:\/\/iblo.si\/trgovina\/"},{"@type":"ListItem","position":3,"name":"AC24BK.NSK-AC24BK.U24, LG set, 6,6kW, ArtCool Mirror \u010crna"}]},{"@type":"WebSite","@id":"https:\/\/iblo.si\/de\/#website","url":"https:\/\/iblo.si\/de\/","name":"Iblo d.o.o., Ptuj","description":"Klimatske naprave in sistemi LG","publisher":{"@id":"https:\/\/iblo.si\/de\/#organization"},"potentialAction":[{"@type":"SearchAction","target":{"@type":"EntryPoint","urlTemplate":"https:\/\/iblo.si\/de\/?s={search_term_string}"},"query-input":{"@type":"PropertyValueSpecification","valueRequired":true,"valueName":"search_term_string"}}],"inLanguage":"de"},{"@type":"Organization","@id":"https:\/\/iblo.si\/de\/#organization","name":"iblo d.o.o.","url":"https:\/\/iblo.si\/de\/","logo":{"@type":"ImageObject","inLanguage":"de","@id":"https:\/\/iblo.si\/de\/#\/schema\/logo\/image\/","url":"https:\/\/i0.wp.com\/iblo.si\/wp-content\/uploads\/2020\/08\/iblo-logo.png?fit=487%2C308&ssl=1","contentUrl":"https:\/\/i0.wp.com\/iblo.si\/wp-content\/uploads\/2020\/08\/iblo-logo.png?fit=487%2C308&ssl=1","width":487,"height":308,"caption":"iblo d.o.o."},"image":{"@id":"https:\/\/iblo.si\/de\/#\/schema\/logo\/image\/"},"sameAs":["https:\/\/www.facebook.com\/ibloptuj\/"]}]}},"_links":{"self":[{"href":"https:\/\/iblo.si\/de\/wp-json\/wp\/v2\/product\/708435","targetHints":{"allow":["GET"]}}],"collection":[{"href":"https:\/\/iblo.si\/de\/wp-json\/wp\/v2\/product"}],"about":[{"href":"https:\/\/iblo.si\/de\/wp-json\/wp\/v2\/types\/product"}],"wp:featuredmedia":[{"embeddable":true,"href":"https:\/\/iblo.si\/de\/wp-json\/wp\/v2\/media\/708915"}],"wp:attachment":[{"href":"https:\/\/iblo.si\/de\/wp-json\/wp\/v2\/media?parent=708435"}],"wp:term":[{"taxonomy":"product_brand","embeddable":true,"href":"https:\/\/iblo.si\/de\/wp-json\/wp\/v2\/product_brand?post=708435"},{"taxonomy":"product_cat","embeddable":true,"href":"https:\/\/iblo.si\/de\/wp-json\/wp\/v2\/product_cat?post=708435"},{"taxonomy":"product_tag","embeddable":true,"href":"https:\/\/iblo.si\/de\/wp-json\/wp\/v2\/product_tag?post=708435"}],"curies":[{"name":"wp","href":"https:\/\/api.w.org\/{rel}","templated":true}]}}