{"id":709983,"date":"2025-05-27T12:34:06","date_gmt":"2025-05-27T10:34:06","guid":{"rendered":"https:\/\/iblo.si\/product\/hm143hf-ub60\/"},"modified":"2026-04-29T06:00:14","modified_gmt":"2026-04-29T04:00:14","slug":"hm143hf-ub60","status":"publish","type":"product","link":"https:\/\/iblo.si\/de\/izdelek\/hm143hf-ub60\/","title":{"rendered":"HM143HF.UB60, 14 kW, R290, 3ph, LG Toplotna \u010drpalka, Monoblok, Therma V"},"content":{"rendered":"<p>Toplotna \u010drpalka HM143HF.UB60, Monoblok, potrebuje ustrezno kontrolno enoto PHCSO ali eno izmed notranjih enot:<br \/>&#8211; HN1639HC.NK0<br \/>&#8211; HN1639HY.NK0<\/p>\n<p>Podatki o u\u010dinkovitosti  Obmo\u010dje 14 kW (3 faze)<br \/>Sezonski u\u010dinek ogrevanja prostorov razred 35\u00b0C\/55\u00b0C)  &#8211; A+++\/A+++<br \/>Sezonski u\u010dinek ogrevanja prostorov (?S) (35\u00b0C\/55\u00b0C)  % 212 \/ 155<br \/>SCOP (35\u00b0C\/55\u00b0C)  &#8211; 5.38 \/ 3.96<br \/>Raven zvo\u010dne mo\u010di (zunanja enota) Nazivni\/nizko\u0161umni na\u010din dB (A) 51 \/ 50<br \/>Raven zvo\u010dnega tlaka pri 5 m (zunanja enota) Nazivni\/nizko\u0161umni na\u010din dB (A) 29 \/ 28<br \/>Raven zvo\u010dne mo\u010di (notranja enota) Nazivno dB (A) 39<br \/>Raven zvo\u010dnega tlaka pri 1 m (notranja enota) Nazivno dB (A) 31<br \/>Nominalna zmogljivost in COP\/EER   <br \/>Zrak +7 \u00b0C\/voda +35 \u00b0C Mo\u010d ogrevanja\/COP kW\/ &#8211; 14.00 \/ 4.50<br \/>Zrak +2 \u00b0C\/voda +35 \u00b0C Mo\u010d ogrevanja\/COP kW\/ &#8211; 14.00 \/ 3.61<br \/>Zrak -7 \u00b0C\/voda +35 \u00b0C Mo\u010d ogrevanja\/COP kW\/ &#8211; 13.00 \/ 3.21<br \/>Zrak +7\u00b0C\/voda +55 \u00b0C Mo\u010d ogrevanja\/COP kW\/ &#8211; 11.00 \/ 3.25<br \/>Zrak -7 \u00b0C\/voda +55 \u00b0C Mo\u010d ogrevanja\/COP kW\/ &#8211; 10.30 \/ 2.28<br \/>Zrak +35 \u00b0C\/voda +18 \u00b0C Kapaciteta hlajenja\/EER kW\/ &#8211; 12.00 \/ 3.70<br \/>Zrak +35 \u00b0C\/voda +7 \u00b0C Kapaciteta hlajenja\/EER kW\/ &#8211; 12.00 \/ 2.99<br \/>Zunanje enote  Enota HM143HF UB60<br \/>Obmo\u010dje delovanja (temperatura zunanjega zraka) Ogrevanje &amp; Sanit. voda (Min. ~ Max.) \u00b0C  -28 ~ 35<br \/> Hlajenje (Min. ~ Maks.) \u00b0C 5 ~ 48<br \/>Plin Vrsta &#8211; R290<br \/> GWP (potencial globalnega segrevanja) &#8211; 3<br \/> Predhodno polnjenje g 1,2<br \/> t-CO2 eq. &#8211; 0.0036<br \/>Cevni priklju\u010dki (voda) Premer vstopa\/izhoda palec (cola) Mo\u0161ki PT 1 &#8221; po ISO 7-1 (sto\u017e\u010dasti cevni navoj)<br \/>Dimenzije \u0160 x V x G mm 1.560 X 1.019 X 520<br \/>Te\u017ea Prazno kg 181.0<br \/>Zunanjost Barva \u0161asije\/RAL koda &#8211; Topla siva \/ RAL 7037<br \/> Barva sprednje re\u0161etke\/RAL koda &#8211; Temno toplo siva \/ RAL 7012<br \/>Napajanje Napetost V 380 ~ 415<br \/> Faza  3~<br \/> Frekvenca Hz 50<br \/> Priporo\u010dena varovalka A 16<\/p>\n","protected":false},"excerpt":{"rendered":"<p>Toplotna \u010drpalka HM143HF.UB60, Monoblok, potrebuje ustrezno kontrolno enoto PHCSO ali eno izmed notranjih enot:&#8211; HN1639HC.NK0&#8211; HN1639HY.NK0 Podatki o u\u010dinkovitosti Obmo\u010dje 14 kW (3 faze)Sezonski u\u010dinek ogrevanja prostorov razred 35\u00b0C\/55\u00b0C) &#8211; A+++\/A+++Sezonski u\u010dinek ogrevanja prostorov (?S) (35\u00b0C\/55\u00b0C) % 212 \/ 155SCOP (35\u00b0C\/55\u00b0C) &#8211; 5.38 \/ 3.96Raven zvo\u010dne mo\u010di (zunanja enota) Nazivni\/nizko\u0161umni na\u010din dB (A) 51 \/ [&hellip;]<\/p>\n","protected":false},"featured_media":710211,"template":"","meta":[],"product_brand":[],"product_cat":[349,412,301],"product_tag":[],"class_list":{"0":"post-709983","1":"product","2":"type-product","3":"status-publish","4":"has-post-thumbnail","6":"product_cat-monoblok-toplotne-crpalke-toplotne-crpalke","7":"product_cat-r290","8":"product_cat-toplotne-crpalke","10":"first","11":"outofstock","12":"taxable","13":"shipping-taxable","14":"purchasable","15":"product-type-simple"},"yoast_head":"<!-- This site is optimized with the Yoast SEO plugin v27.5 - https:\/\/yoast.com\/product\/yoast-seo-wordpress\/ -->\n<title>HM143HF.UB60, 14 kW, R290, 3ph, LG Toplotna \u010drpalka, Monoblok, Therma V - Iblo d.o.o., Ptuj<\/title>\n<meta name=\"robots\" content=\"index, follow, max-snippet:-1, max-image-preview:large, max-video-preview:-1\" \/>\n<link rel=\"canonical\" href=\"https:\/\/iblo.si\/de\/izdelek\/hm143hf-ub60\/\" \/>\n<meta property=\"og:locale\" content=\"de_DE\" \/>\n<meta property=\"og:type\" content=\"article\" \/>\n<meta property=\"og:title\" content=\"HM143HF.UB60, 14 kW, R290, 3ph, LG Toplotna \u010drpalka, Monoblok, Therma V - Iblo d.o.o., Ptuj\" \/>\n<meta property=\"og:description\" content=\"Toplotna \u010drpalka HM143HF.UB60, Monoblok, potrebuje ustrezno kontrolno enoto PHCSO ali eno izmed notranjih enot:&#8211; HN1639HC.NK0&#8211; HN1639HY.NK0 Podatki o u\u010dinkovitosti Obmo\u010dje 14 kW (3 faze)Sezonski u\u010dinek ogrevanja prostorov razred 35\u00b0C\/55\u00b0C) &#8211; A+++\/A+++Sezonski u\u010dinek ogrevanja prostorov (?S) (35\u00b0C\/55\u00b0C) % 212 \/ 155SCOP (35\u00b0C\/55\u00b0C) &#8211; 5.38 \/ 3.96Raven zvo\u010dne mo\u010di (zunanja enota) Nazivni\/nizko\u0161umni na\u010din dB (A) 51 \/ [&hellip;]\" \/>\n<meta property=\"og:url\" content=\"https:\/\/iblo.si\/de\/izdelek\/hm143hf-ub60\/\" \/>\n<meta property=\"og:site_name\" content=\"Iblo d.o.o., Ptuj\" \/>\n<meta property=\"article:publisher\" content=\"https:\/\/www.facebook.com\/ibloptuj\/\" \/>\n<meta property=\"article:modified_time\" content=\"2026-04-29T04:00:14+00:00\" \/>\n<meta property=\"og:image\" content=\"https:\/\/iblo.si\/wp-content\/uploads\/2025\/05\/HM143HF.UB60.jpg\" \/>\n\t<meta property=\"og:image:width\" content=\"800\" \/>\n\t<meta property=\"og:image:height\" content=\"800\" \/>\n\t<meta property=\"og:image:type\" content=\"image\/jpeg\" \/>\n<meta name=\"twitter:card\" content=\"summary_large_image\" \/>\n<meta name=\"twitter:label1\" content=\"Gesch\u00e4tzte Lesezeit\" \/>\n\t<meta name=\"twitter:data1\" content=\"1\u00a0Minute\" \/>\n<script type=\"application\/ld+json\" class=\"yoast-schema-graph\">{\"@context\":\"https:\\\/\\\/schema.org\",\"@graph\":[{\"@type\":\"WebPage\",\"@id\":\"https:\\\/\\\/iblo.si\\\/de\\\/izdelek\\\/hm143hf-ub60\\\/\",\"url\":\"https:\\\/\\\/iblo.si\\\/de\\\/izdelek\\\/hm143hf-ub60\\\/\",\"name\":\"HM143HF.UB60, 14 kW, R290, 3ph, LG Toplotna \u010drpalka, Monoblok, Therma V - Iblo d.o.o., Ptuj\",\"isPartOf\":{\"@id\":\"https:\\\/\\\/iblo.si\\\/de\\\/#website\"},\"primaryImageOfPage\":{\"@id\":\"https:\\\/\\\/iblo.si\\\/de\\\/izdelek\\\/hm143hf-ub60\\\/#primaryimage\"},\"image\":{\"@id\":\"https:\\\/\\\/iblo.si\\\/de\\\/izdelek\\\/hm143hf-ub60\\\/#primaryimage\"},\"thumbnailUrl\":\"https:\\\/\\\/iblo.si\\\/wp-content\\\/uploads\\\/2025\\\/05\\\/HM143HF.UB60.jpg\",\"datePublished\":\"2025-05-27T10:34:06+00:00\",\"dateModified\":\"2026-04-29T04:00:14+00:00\",\"breadcrumb\":{\"@id\":\"https:\\\/\\\/iblo.si\\\/de\\\/izdelek\\\/hm143hf-ub60\\\/#breadcrumb\"},\"inLanguage\":\"de\",\"potentialAction\":[{\"@type\":\"ReadAction\",\"target\":[\"https:\\\/\\\/iblo.si\\\/de\\\/izdelek\\\/hm143hf-ub60\\\/\"]}]},{\"@type\":\"ImageObject\",\"inLanguage\":\"de\",\"@id\":\"https:\\\/\\\/iblo.si\\\/de\\\/izdelek\\\/hm143hf-ub60\\\/#primaryimage\",\"url\":\"https:\\\/\\\/iblo.si\\\/wp-content\\\/uploads\\\/2025\\\/05\\\/HM143HF.UB60.jpg\",\"contentUrl\":\"https:\\\/\\\/iblo.si\\\/wp-content\\\/uploads\\\/2025\\\/05\\\/HM143HF.UB60.jpg\",\"width\":800,\"height\":800},{\"@type\":\"BreadcrumbList\",\"@id\":\"https:\\\/\\\/iblo.si\\\/de\\\/izdelek\\\/hm143hf-ub60\\\/#breadcrumb\",\"itemListElement\":[{\"@type\":\"ListItem\",\"position\":1,\"name\":\"Home\",\"item\":\"https:\\\/\\\/iblo.si\\\/de\\\/\"},{\"@type\":\"ListItem\",\"position\":2,\"name\":\"Shop\",\"item\":\"https:\\\/\\\/iblo.si\\\/trgovina\\\/\"},{\"@type\":\"ListItem\",\"position\":3,\"name\":\"HM143HF.UB60, 14 kW, R290, 3ph, LG Toplotna \u010drpalka, Monoblok, Therma V\"}]},{\"@type\":\"WebSite\",\"@id\":\"https:\\\/\\\/iblo.si\\\/de\\\/#website\",\"url\":\"https:\\\/\\\/iblo.si\\\/de\\\/\",\"name\":\"Iblo d.o.o., Ptuj\",\"description\":\"Klimatske naprave in sistemi LG\",\"publisher\":{\"@id\":\"https:\\\/\\\/iblo.si\\\/de\\\/#organization\"},\"potentialAction\":[{\"@type\":\"SearchAction\",\"target\":{\"@type\":\"EntryPoint\",\"urlTemplate\":\"https:\\\/\\\/iblo.si\\\/de\\\/?s={search_term_string}\"},\"query-input\":{\"@type\":\"PropertyValueSpecification\",\"valueRequired\":true,\"valueName\":\"search_term_string\"}}],\"inLanguage\":\"de\"},{\"@type\":\"Organization\",\"@id\":\"https:\\\/\\\/iblo.si\\\/de\\\/#organization\",\"name\":\"iblo d.o.o.\",\"url\":\"https:\\\/\\\/iblo.si\\\/de\\\/\",\"logo\":{\"@type\":\"ImageObject\",\"inLanguage\":\"de\",\"@id\":\"https:\\\/\\\/iblo.si\\\/de\\\/#\\\/schema\\\/logo\\\/image\\\/\",\"url\":\"https:\\\/\\\/i0.wp.com\\\/iblo.si\\\/wp-content\\\/uploads\\\/2020\\\/08\\\/iblo-logo.png?fit=487%2C308&ssl=1\",\"contentUrl\":\"https:\\\/\\\/i0.wp.com\\\/iblo.si\\\/wp-content\\\/uploads\\\/2020\\\/08\\\/iblo-logo.png?fit=487%2C308&ssl=1\",\"width\":487,\"height\":308,\"caption\":\"iblo d.o.o.\"},\"image\":{\"@id\":\"https:\\\/\\\/iblo.si\\\/de\\\/#\\\/schema\\\/logo\\\/image\\\/\"},\"sameAs\":[\"https:\\\/\\\/www.facebook.com\\\/ibloptuj\\\/\"]}]}<\/script>\n<!-- \/ Yoast SEO plugin. -->","yoast_head_json":{"title":"HM143HF.UB60, 14 kW, R290, 3ph, LG Toplotna \u010drpalka, Monoblok, Therma V - Iblo d.o.o., Ptuj","robots":{"index":"index","follow":"follow","max-snippet":"max-snippet:-1","max-image-preview":"max-image-preview:large","max-video-preview":"max-video-preview:-1"},"canonical":"https:\/\/iblo.si\/de\/izdelek\/hm143hf-ub60\/","og_locale":"de_DE","og_type":"article","og_title":"HM143HF.UB60, 14 kW, R290, 3ph, LG Toplotna \u010drpalka, Monoblok, Therma V - Iblo d.o.o., Ptuj","og_description":"Toplotna \u010drpalka HM143HF.UB60, Monoblok, potrebuje ustrezno kontrolno enoto PHCSO ali eno izmed notranjih enot:&#8211; HN1639HC.NK0&#8211; HN1639HY.NK0 Podatki o u\u010dinkovitosti Obmo\u010dje 14 kW (3 faze)Sezonski u\u010dinek ogrevanja prostorov razred 35\u00b0C\/55\u00b0C) &#8211; A+++\/A+++Sezonski u\u010dinek ogrevanja prostorov (?S) (35\u00b0C\/55\u00b0C) % 212 \/ 155SCOP (35\u00b0C\/55\u00b0C) &#8211; 5.38 \/ 3.96Raven zvo\u010dne mo\u010di (zunanja enota) Nazivni\/nizko\u0161umni na\u010din dB (A) 51 \/ [&hellip;]","og_url":"https:\/\/iblo.si\/de\/izdelek\/hm143hf-ub60\/","og_site_name":"Iblo d.o.o., Ptuj","article_publisher":"https:\/\/www.facebook.com\/ibloptuj\/","article_modified_time":"2026-04-29T04:00:14+00:00","og_image":[{"width":800,"height":800,"url":"https:\/\/iblo.si\/wp-content\/uploads\/2025\/05\/HM143HF.UB60.jpg","type":"image\/jpeg"}],"twitter_card":"summary_large_image","twitter_misc":{"Gesch\u00e4tzte Lesezeit":"1\u00a0Minute"},"schema":{"@context":"https:\/\/schema.org","@graph":[{"@type":"WebPage","@id":"https:\/\/iblo.si\/de\/izdelek\/hm143hf-ub60\/","url":"https:\/\/iblo.si\/de\/izdelek\/hm143hf-ub60\/","name":"HM143HF.UB60, 14 kW, R290, 3ph, LG Toplotna \u010drpalka, Monoblok, Therma V - Iblo d.o.o., Ptuj","isPartOf":{"@id":"https:\/\/iblo.si\/de\/#website"},"primaryImageOfPage":{"@id":"https:\/\/iblo.si\/de\/izdelek\/hm143hf-ub60\/#primaryimage"},"image":{"@id":"https:\/\/iblo.si\/de\/izdelek\/hm143hf-ub60\/#primaryimage"},"thumbnailUrl":"https:\/\/iblo.si\/wp-content\/uploads\/2025\/05\/HM143HF.UB60.jpg","datePublished":"2025-05-27T10:34:06+00:00","dateModified":"2026-04-29T04:00:14+00:00","breadcrumb":{"@id":"https:\/\/iblo.si\/de\/izdelek\/hm143hf-ub60\/#breadcrumb"},"inLanguage":"de","potentialAction":[{"@type":"ReadAction","target":["https:\/\/iblo.si\/de\/izdelek\/hm143hf-ub60\/"]}]},{"@type":"ImageObject","inLanguage":"de","@id":"https:\/\/iblo.si\/de\/izdelek\/hm143hf-ub60\/#primaryimage","url":"https:\/\/iblo.si\/wp-content\/uploads\/2025\/05\/HM143HF.UB60.jpg","contentUrl":"https:\/\/iblo.si\/wp-content\/uploads\/2025\/05\/HM143HF.UB60.jpg","width":800,"height":800},{"@type":"BreadcrumbList","@id":"https:\/\/iblo.si\/de\/izdelek\/hm143hf-ub60\/#breadcrumb","itemListElement":[{"@type":"ListItem","position":1,"name":"Home","item":"https:\/\/iblo.si\/de\/"},{"@type":"ListItem","position":2,"name":"Shop","item":"https:\/\/iblo.si\/trgovina\/"},{"@type":"ListItem","position":3,"name":"HM143HF.UB60, 14 kW, R290, 3ph, LG Toplotna \u010drpalka, Monoblok, Therma V"}]},{"@type":"WebSite","@id":"https:\/\/iblo.si\/de\/#website","url":"https:\/\/iblo.si\/de\/","name":"Iblo d.o.o., Ptuj","description":"Klimatske naprave in sistemi LG","publisher":{"@id":"https:\/\/iblo.si\/de\/#organization"},"potentialAction":[{"@type":"SearchAction","target":{"@type":"EntryPoint","urlTemplate":"https:\/\/iblo.si\/de\/?s={search_term_string}"},"query-input":{"@type":"PropertyValueSpecification","valueRequired":true,"valueName":"search_term_string"}}],"inLanguage":"de"},{"@type":"Organization","@id":"https:\/\/iblo.si\/de\/#organization","name":"iblo d.o.o.","url":"https:\/\/iblo.si\/de\/","logo":{"@type":"ImageObject","inLanguage":"de","@id":"https:\/\/iblo.si\/de\/#\/schema\/logo\/image\/","url":"https:\/\/i0.wp.com\/iblo.si\/wp-content\/uploads\/2020\/08\/iblo-logo.png?fit=487%2C308&ssl=1","contentUrl":"https:\/\/i0.wp.com\/iblo.si\/wp-content\/uploads\/2020\/08\/iblo-logo.png?fit=487%2C308&ssl=1","width":487,"height":308,"caption":"iblo d.o.o."},"image":{"@id":"https:\/\/iblo.si\/de\/#\/schema\/logo\/image\/"},"sameAs":["https:\/\/www.facebook.com\/ibloptuj\/"]}]}},"_links":{"self":[{"href":"https:\/\/iblo.si\/de\/wp-json\/wp\/v2\/product\/709983","targetHints":{"allow":["GET"]}}],"collection":[{"href":"https:\/\/iblo.si\/de\/wp-json\/wp\/v2\/product"}],"about":[{"href":"https:\/\/iblo.si\/de\/wp-json\/wp\/v2\/types\/product"}],"wp:featuredmedia":[{"embeddable":true,"href":"https:\/\/iblo.si\/de\/wp-json\/wp\/v2\/media\/710211"}],"wp:attachment":[{"href":"https:\/\/iblo.si\/de\/wp-json\/wp\/v2\/media?parent=709983"}],"wp:term":[{"taxonomy":"product_brand","embeddable":true,"href":"https:\/\/iblo.si\/de\/wp-json\/wp\/v2\/product_brand?post=709983"},{"taxonomy":"product_cat","embeddable":true,"href":"https:\/\/iblo.si\/de\/wp-json\/wp\/v2\/product_cat?post=709983"},{"taxonomy":"product_tag","embeddable":true,"href":"https:\/\/iblo.si\/de\/wp-json\/wp\/v2\/product_tag?post=709983"}],"curies":[{"name":"wp","href":"https:\/\/api.w.org\/{rel}","templated":true}]}}