{"id":3260,"date":"2020-08-21T08:51:51","date_gmt":"2020-08-21T08:51:51","guid":{"rendered":"https:\/\/iblo.vsisi.si\/varovanje-osebnih-informacij\/"},"modified":"2020-11-05T14:11:47","modified_gmt":"2020-11-05T14:11:47","slug":"privacy-policy","status":"publish","type":"page","link":"https:\/\/iblo.si\/en\/privacy-policy\/","title":{"rendered":"Privacy Policy"},"content":{"rendered":"<p>Politika zasebnosti ureja zbiranje, hrambo in obdelavo osebnih podatkov, ki se zbirajo, ko obi\u0161\u010dete na\u0161o spletno stran, izpolnite kontaktni obrazec na spletni strani, se izrecno strinjate z obdelavo podatkov v namen obve\u0161\u010danja (e-novice, posebne ponudbe, nasveti, obve\u0161\u010danje o dogodkih ipd.) ali se odlo\u010dite za spletni nakup.<\/p><p><strong>Upravljavec<\/strong><\/p><p>(kot ga dolo\u010da Splo\u0161na uredba EU o varstvu osebnih podatkov (GDPR) in veljavna zakonodaja, ki ureja varstvo osebnih podatkov)<\/p><p><strong>Iblo d.o.o.<\/strong><\/p><p>Vinarski trg 3, 2250 Ptuj<\/p><p>Phone: +386 2 780 64 30<\/p><p>E-mail: <a href=\"mailto:iblo@iblo.si\">iblo@iblo.si<\/a><\/p><p>Upravljavec spo\u0161tuje va\u0161o zasebnost in je zavezan, da pri zbiranju, hrambi in obdelavi osebnih podatkov ravna skrbno in v skladu z veljavnimi predpisi o varstvu osebnih podatkov. Da bi lahko osebne podatke, ki ste nam jih zaupali, uporabljali, hranili in obdelovali za dolo\u010dene namene, potrebujemo va\u0161o privolitev.<\/p><p><strong>Soglasje o varovanju in obdelavi osebnih podatkov<\/strong><\/p><p>Osebni podatki, njihovo zbiranje in uporaba sovpadajo s splo\u0161nimi pogoji na\u0161ega poslovanja, zato prosimo, da tudi ta pravila in pogoje skrbno preberete.<\/p><p><strong>Osebni podatki in namen obdelave<\/strong><\/p><p>Upravljavec za prijavo uporablja strogi sistem predhodne odobritve uporabe e-naslova (t. i. opt-in), kar pomeni, da vam po\u0161ilja elektronsko po\u0161to zgolj, \u010de se izrecno strinjate, da \u017eelite prejemati elektronska obvestila \u2013 z va\u0161im jasnim in nedvoumnim soglasjem (v skladu s splo\u0161no uredbo EU o varstvu osebnih podatkov \u2013 GDPR).<\/p><p><strong>KONTAKTNI OBRAZEC<\/strong><\/p><p>Podatke, ki nam jih zaupate na kontaktnem obrazcu na spletni strani potrebujemo, da vam lahko odgovorimo na va\u0161e povpra\u0161evanje. Va\u0161ih podatkov za druge namene ne obdelujemo in jih ne posredujemo tretjim osebam. Preden izberete potrditveno polje od vas potrebujemo izrecno privolitev, da se strinjate z na\u0161o politiko zasebnosti.<\/p><p><strong>E-NOVICE<\/strong><\/p><p>V primeru, da \u017eelite prejemati elektronska obvestila (e-novice, posebne ponudbe, nasveti, obve\u0161\u010danje o dogodkih ipd.) od vas potrebujemo izrecno privolitev preden izberete potrditveno polje na kontaktnem obrazcu. Kontaktne podatke, ki nam jih posredujete ob oddaji obrazca na spletni strani, potrebujemo izklju\u010dno za namene obve\u0161\u010danja o novostih ter za namene personaliziranja obvestil (povezovanje z dru\u017ebenimi platformami Facebook, AdWords\u2026), v kolikor ste podali tak\u0161no soglasje.<\/p><p><strong>SPLETNI NAKUP<\/strong><\/p><p>Podatke zbiramo tudi za namen izvedbe spletnega nakupa. Politika varovanja zasebnosti spletnega mesta se nana\u0161a na vas kot obiskovalca ali uporabnika tega spletnega mesta. Uporabnik sistema je oseba, ki se je za uporabo sistema registrirala in je pridobila uporabni\u0161ko ime in geslo za uporabo sistema.<\/p><p>Vrsta podatkov, ki se zbirajo na spletnem mestu:<\/p><ul class=\"wp-block-list\"><li>ime, priimek<\/li><li>elektronski naslov<\/li><li>naziv podjetja in dav\u010dna \u0161tevilka (poslovni uporabniki)<\/li><li>naslovi za dostavo, naslov za izdajo ra\u010duna<\/li><li>telefonska \u0161tevilka<\/li><li>podatki o nakupih, pla\u010dilih in vra\u010dilih<\/li><li>podatki vezani na va\u0161o uporabo in profil (npr. zadnji ogledi izdelkov, pogosti nakupi)<\/li><li>seznami \u017eelja, izbrane kategorije<\/li><li>tehni\u010dni podatki (npr. IP naslovi, pi\u0161kotki)<\/li><\/ul><p>Podatke lahko urejate v sklopu Moj profil.<\/p><p>Za popolno izvedbo spletnega nakupa va\u0161e osebne podatke posredujemo tudi zaupanja vrednim partnerjem, tj. dostavnim slu\u017ebam, ki poskrbijo za uspe\u0161no izvedbo naro\u010dila in dostavo na lokacijo. V nobenem primeru osebnih podatkov ne posredujemo nepoobla\u0161\u010denim tretjim osebam.<\/p><p>Z va\u0161im izrecnim soglasjem dovoljujete, da osebne podatke, ki nam jih zaupate ob spletnem naro\u010dilu, uporabljamo za izvedbo va\u0161ih naro\u010dil, za namene obve\u0161\u010danja o novostih, za personaliziranje obvestil (povezovanje z dru\u017ebenimi platformami Facebook, AdWords\u2026), za profiliranje kupcev (kupcem prilagojene ponudbe), za namene Kluba zvestobe, za spremljanje nakupnih navad. Pri tem bodo va\u0161i podatki anonimizirani, uporabljeni le v namen nemotenega poteka naro\u010dil in ne bodo predani tretji osebi. Ob morebitnem &#8220;vdoru&#8221; v ra\u010dunalni\u0161ki sistem upravljavec ne prevzema odgovornosti.<\/p><p>V primeru te\u017eav oz. nejasnosti pri uporabi spletnega mesta si upravljavec pridr\u017euje pravico do stika z uporabnikom preko telefona ali elektronske po\u0161te.<\/p><p>Svoje soglasje lahko kadarkoli umaknete, in sicer tako, da zahtevek po\u0161ljete po elektronski po\u0161ti upravljalcu. V primeru umika soglasja ne bomo ve\u010d uporabljali va\u0161ih osebnih podatkov v namen obve\u0161\u010danja (e-novice, posebne ponudbe, nasveti, obve\u0161\u010danje o dogodkih ipd.), na zahtevo bo va\u0161 profil izbrisan. Morebiten umik soglasja ne vpliva na zakonitost obdelave va\u0161ih osebnih podatkov v \u010dasu, preden je bil umik podan.<\/p><p><strong>\u010cas hrambe osebnih podatkov<\/strong><\/p><p>Osebni podatki se hranijo toliko \u010dasa, kolikor je potrebno za dosego namena (izvedba spletnega nakupa, po\u0161iljanje elektronskih vsebin za namene obve\u0161\u010danja). V primeru, ko veljavna zakonodaja dolo\u010da obvezne roke za hrambo osebnih podatkov, upravljavec izbri\u0161e osebne podatke po poteku z zakonom predpisanega obveznega roka. Podatke, ki so pridobljeni na podlagi privolitve, hranimo do preklica.<\/p><p>S prijavo oz. registracijo na spletni strani potrjujete, da ste seznanjeni z nameni uporabe osebnih podatkov, splo\u0161nimi pogoji in politiko varovanja spletnega mesta. Osebne podatke bo upravljavec uporabljal le za namene, za katere je pridobil soglasje, oziroma bo podatke razkril na zahtevo uradnih organov Republike Slovenije.<\/p>","protected":false},"excerpt":{"rendered":"<p>Politika zasebnosti ureja zbiranje, hrambo in obdelavo osebnih podatkov, ki se zbirajo, ko obi\u0161\u010dete na\u0161o spletno stran, izpolnite kontaktni obrazec na spletni strani, se izrecno strinjate z obdelavo podatkov v namen obve\u0161\u010danja (e-novice, posebne ponudbe, nasveti, obve\u0161\u010danje o dogodkih ipd.) ali se odlo\u010dite za spletni nakup. Upravljavec (kot ga dolo\u010da Splo\u0161na uredba EU o varstvu [&hellip;]<\/p>\n","protected":false},"author":12,"featured_media":0,"parent":0,"menu_order":0,"comment_status":"closed","ping_status":"closed","template":"","meta":{"footnotes":""},"class_list":["post-3260","page","type-page","status-publish","hentry"],"yoast_head":"<!-- This site is optimized with the Yoast SEO plugin v27.5 - https:\/\/yoast.com\/product\/yoast-seo-wordpress\/ -->\n<title>Privacy Policy - Iblo d.o.o., Ptuj<\/title>\n<meta name=\"robots\" content=\"index, follow, max-snippet:-1, max-image-preview:large, max-video-preview:-1\" \/>\n<link rel=\"canonical\" href=\"https:\/\/iblo.si\/en\/privacy-policy\/\" \/>\n<meta property=\"og:locale\" content=\"en_US\" \/>\n<meta property=\"og:type\" content=\"article\" \/>\n<meta property=\"og:title\" content=\"Privacy Policy - Iblo d.o.o., Ptuj\" \/>\n<meta property=\"og:description\" content=\"Politika zasebnosti ureja zbiranje, hrambo in obdelavo osebnih podatkov, ki se zbirajo, ko obi\u0161\u010dete na\u0161o spletno stran, izpolnite kontaktni obrazec na spletni strani, se izrecno strinjate z obdelavo podatkov v namen obve\u0161\u010danja (e-novice, posebne ponudbe, nasveti, obve\u0161\u010danje o dogodkih ipd.) ali se odlo\u010dite za spletni nakup. Upravljavec (kot ga dolo\u010da Splo\u0161na uredba EU o varstvu [&hellip;]\" \/>\n<meta property=\"og:url\" content=\"https:\/\/iblo.si\/en\/privacy-policy\/\" \/>\n<meta property=\"og:site_name\" content=\"Iblo d.o.o., Ptuj\" \/>\n<meta property=\"article:publisher\" content=\"https:\/\/www.facebook.com\/ibloptuj\/\" \/>\n<meta property=\"article:modified_time\" content=\"2020-11-05T14:11:47+00:00\" \/>\n<meta name=\"twitter:card\" content=\"summary_large_image\" \/>\n<meta name=\"twitter:label1\" content=\"Est. reading time\" \/>\n\t<meta name=\"twitter:data1\" content=\"4 minutes\" \/>\n<script type=\"application\/ld+json\" class=\"yoast-schema-graph\">{\"@context\":\"https:\\\/\\\/schema.org\",\"@graph\":[{\"@type\":\"WebPage\",\"@id\":\"https:\\\/\\\/iblo.si\\\/en\\\/privacy-policy\\\/\",\"url\":\"https:\\\/\\\/iblo.si\\\/en\\\/privacy-policy\\\/\",\"name\":\"Privacy Policy - Iblo d.o.o., Ptuj\",\"isPartOf\":{\"@id\":\"https:\\\/\\\/iblo.si\\\/en\\\/#website\"},\"datePublished\":\"2020-08-21T08:51:51+00:00\",\"dateModified\":\"2020-11-05T14:11:47+00:00\",\"breadcrumb\":{\"@id\":\"https:\\\/\\\/iblo.si\\\/en\\\/privacy-policy\\\/#breadcrumb\"},\"inLanguage\":\"en-US\",\"potentialAction\":[{\"@type\":\"ReadAction\",\"target\":[\"https:\\\/\\\/iblo.si\\\/en\\\/privacy-policy\\\/\"]}]},{\"@type\":\"BreadcrumbList\",\"@id\":\"https:\\\/\\\/iblo.si\\\/en\\\/privacy-policy\\\/#breadcrumb\",\"itemListElement\":[{\"@type\":\"ListItem\",\"position\":1,\"name\":\"Home\",\"item\":\"https:\\\/\\\/iblo.si\\\/en\\\/\"},{\"@type\":\"ListItem\",\"position\":2,\"name\":\"Privacy Policy\"}]},{\"@type\":\"WebSite\",\"@id\":\"https:\\\/\\\/iblo.si\\\/en\\\/#website\",\"url\":\"https:\\\/\\\/iblo.si\\\/en\\\/\",\"name\":\"Iblo d.o.o., Ptuj\",\"description\":\"Klimatske naprave in sistemi LG\",\"publisher\":{\"@id\":\"https:\\\/\\\/iblo.si\\\/en\\\/#organization\"},\"potentialAction\":[{\"@type\":\"SearchAction\",\"target\":{\"@type\":\"EntryPoint\",\"urlTemplate\":\"https:\\\/\\\/iblo.si\\\/en\\\/?s={search_term_string}\"},\"query-input\":{\"@type\":\"PropertyValueSpecification\",\"valueRequired\":true,\"valueName\":\"search_term_string\"}}],\"inLanguage\":\"en-US\"},{\"@type\":\"Organization\",\"@id\":\"https:\\\/\\\/iblo.si\\\/en\\\/#organization\",\"name\":\"iblo d.o.o.\",\"url\":\"https:\\\/\\\/iblo.si\\\/en\\\/\",\"logo\":{\"@type\":\"ImageObject\",\"inLanguage\":\"en-US\",\"@id\":\"https:\\\/\\\/iblo.si\\\/en\\\/#\\\/schema\\\/logo\\\/image\\\/\",\"url\":\"https:\\\/\\\/i0.wp.com\\\/iblo.si\\\/wp-content\\\/uploads\\\/2020\\\/08\\\/iblo-logo.png?fit=487%2C308&ssl=1\",\"contentUrl\":\"https:\\\/\\\/i0.wp.com\\\/iblo.si\\\/wp-content\\\/uploads\\\/2020\\\/08\\\/iblo-logo.png?fit=487%2C308&ssl=1\",\"width\":487,\"height\":308,\"caption\":\"iblo d.o.o.\"},\"image\":{\"@id\":\"https:\\\/\\\/iblo.si\\\/en\\\/#\\\/schema\\\/logo\\\/image\\\/\"},\"sameAs\":[\"https:\\\/\\\/www.facebook.com\\\/ibloptuj\\\/\"]}]}<\/script>\n<!-- \/ Yoast SEO plugin. -->","yoast_head_json":{"title":"Privacy Policy - Iblo d.o.o., Ptuj","robots":{"index":"index","follow":"follow","max-snippet":"max-snippet:-1","max-image-preview":"max-image-preview:large","max-video-preview":"max-video-preview:-1"},"canonical":"https:\/\/iblo.si\/en\/privacy-policy\/","og_locale":"en_US","og_type":"article","og_title":"Privacy Policy - Iblo d.o.o., Ptuj","og_description":"Politika zasebnosti ureja zbiranje, hrambo in obdelavo osebnih podatkov, ki se zbirajo, ko obi\u0161\u010dete na\u0161o spletno stran, izpolnite kontaktni obrazec na spletni strani, se izrecno strinjate z obdelavo podatkov v namen obve\u0161\u010danja (e-novice, posebne ponudbe, nasveti, obve\u0161\u010danje o dogodkih ipd.) ali se odlo\u010dite za spletni nakup. Upravljavec (kot ga dolo\u010da Splo\u0161na uredba EU o varstvu [&hellip;]","og_url":"https:\/\/iblo.si\/en\/privacy-policy\/","og_site_name":"Iblo d.o.o., Ptuj","article_publisher":"https:\/\/www.facebook.com\/ibloptuj\/","article_modified_time":"2020-11-05T14:11:47+00:00","twitter_card":"summary_large_image","twitter_misc":{"Est. reading time":"4 minutes"},"schema":{"@context":"https:\/\/schema.org","@graph":[{"@type":"WebPage","@id":"https:\/\/iblo.si\/en\/privacy-policy\/","url":"https:\/\/iblo.si\/en\/privacy-policy\/","name":"Privacy Policy - Iblo d.o.o., Ptuj","isPartOf":{"@id":"https:\/\/iblo.si\/en\/#website"},"datePublished":"2020-08-21T08:51:51+00:00","dateModified":"2020-11-05T14:11:47+00:00","breadcrumb":{"@id":"https:\/\/iblo.si\/en\/privacy-policy\/#breadcrumb"},"inLanguage":"en-US","potentialAction":[{"@type":"ReadAction","target":["https:\/\/iblo.si\/en\/privacy-policy\/"]}]},{"@type":"BreadcrumbList","@id":"https:\/\/iblo.si\/en\/privacy-policy\/#breadcrumb","itemListElement":[{"@type":"ListItem","position":1,"name":"Home","item":"https:\/\/iblo.si\/en\/"},{"@type":"ListItem","position":2,"name":"Privacy Policy"}]},{"@type":"WebSite","@id":"https:\/\/iblo.si\/en\/#website","url":"https:\/\/iblo.si\/en\/","name":"Iblo d.o.o., Ptuj","description":"Klimatske naprave in sistemi LG","publisher":{"@id":"https:\/\/iblo.si\/en\/#organization"},"potentialAction":[{"@type":"SearchAction","target":{"@type":"EntryPoint","urlTemplate":"https:\/\/iblo.si\/en\/?s={search_term_string}"},"query-input":{"@type":"PropertyValueSpecification","valueRequired":true,"valueName":"search_term_string"}}],"inLanguage":"en-US"},{"@type":"Organization","@id":"https:\/\/iblo.si\/en\/#organization","name":"iblo d.o.o.","url":"https:\/\/iblo.si\/en\/","logo":{"@type":"ImageObject","inLanguage":"en-US","@id":"https:\/\/iblo.si\/en\/#\/schema\/logo\/image\/","url":"https:\/\/i0.wp.com\/iblo.si\/wp-content\/uploads\/2020\/08\/iblo-logo.png?fit=487%2C308&ssl=1","contentUrl":"https:\/\/i0.wp.com\/iblo.si\/wp-content\/uploads\/2020\/08\/iblo-logo.png?fit=487%2C308&ssl=1","width":487,"height":308,"caption":"iblo d.o.o."},"image":{"@id":"https:\/\/iblo.si\/en\/#\/schema\/logo\/image\/"},"sameAs":["https:\/\/www.facebook.com\/ibloptuj\/"]}]}},"_links":{"self":[{"href":"https:\/\/iblo.si\/en\/wp-json\/wp\/v2\/pages\/3260","targetHints":{"allow":["GET"]}}],"collection":[{"href":"https:\/\/iblo.si\/en\/wp-json\/wp\/v2\/pages"}],"about":[{"href":"https:\/\/iblo.si\/en\/wp-json\/wp\/v2\/types\/page"}],"author":[{"embeddable":true,"href":"https:\/\/iblo.si\/en\/wp-json\/wp\/v2\/users\/12"}],"replies":[{"embeddable":true,"href":"https:\/\/iblo.si\/en\/wp-json\/wp\/v2\/comments?post=3260"}],"version-history":[{"count":0,"href":"https:\/\/iblo.si\/en\/wp-json\/wp\/v2\/pages\/3260\/revisions"}],"wp:attachment":[{"href":"https:\/\/iblo.si\/en\/wp-json\/wp\/v2\/media?parent=3260"}],"curies":[{"name":"wp","href":"https:\/\/api.w.org\/{rel}","templated":true}]}}