{"id":675059,"date":"2021-06-22T13:15:03","date_gmt":"2021-06-22T11:15:03","guid":{"rendered":"https:\/\/vsi.iblo.si\/product\/toplotna-crpalka-za-sanitarno-vodo-lg-wh20s\/"},"modified":"2026-04-29T18:00:32","modified_gmt":"2026-04-29T16:00:32","slug":"toplotna-crpalka-za-sanitarno-vodo-lg-wh20s","status":"publish","type":"product","link":"https:\/\/iblo.si\/en\/izdelek\/toplotna-crpalka-za-sanitarno-vodo-lg-wh20s\/","title":{"rendered":"WH20S.F5, LG Toplotna \u010drpalka za ogrevanje sanitarne vode, 200L, R134A, 1ph"},"content":{"rendered":"<p>MODEL   WH20S<br \/>Kapaciteta Prostornina  200L<br \/>Energetska u\u010dinkovitost COP (7\u00b0C \/ 15\u00b0C)  3.30 \/ 3.50<br \/>Poraba energije Letna poraba energije  (7\u00b0C \/ 15\u00b0C) kWh 756 \/ 709<br \/>Profil obremenitve   Velik<br \/>Vhodna mo\u010d Mo\u010d zgornjega elementa kW 2<br \/> Mo\u010d spodnjega elementa kW 2<br \/>Energetska u\u010dinkovitost, razred   &#8211; A+ \/ A+<br \/>Napajanje Napetost V 230<br \/> Faza  1~<br \/> Frekvenca Hz 50<br \/>Razpolo\u017eljivo napetostno obmo\u010dje  V 195 &#8211; 265<br \/>Na\u010din delovanja   turbo \/ samodejno \/ toplotna \u010drpalka \/ po\u010ditnice<br \/>Hitrost pretoka zraka H \/ M m3\/min 6.7 \/ 4.4<br \/> H \/ M CFM 236.6 \/ 155.4<br \/>Raven zvo\u010dnega tlaka Auto dB(A)+3 38<br \/>Raven zvo\u010dne mo\u010di  dB(A) 55<br \/>Dimenzije V x \u0160 x G mm 580 x 1,625 x 582<br \/>Te\u017ea Neto kg 100<br \/>Nazivna debelina izolacije Min.\/Max. mm 40 \/ 80<br \/>Obmo\u010dje delovanja toplotne \u010drpalke Min.\/Max. \u00b0C DB  -5 \/ 48<br \/>Zunanja barvna koda  &#8211; Luksuzno srebro<br \/>Kompresor Vrsta &#8211; Dvojno rotacijski inverter<br \/> Garancija Leto 10<br \/> Proizvajalec &#8211; LG elektronika<br \/> Mo\u010d motorja W 43<br \/>Konstrukcijski tlak (sistem) Visoka stran &#8211; 2.0MPa \/ 290 PSI<br \/> Nizka stran &#8211; 0.9MPa \/ 130.5 PSI<br \/>Maksimalni delovni tlak (rezervoar za vodo)  &#8211; 150 PSI (1034 kPa)<br \/>Odklopnik  A 15<br \/>Priklju\u010dek za kondenzirano vodo I.D mm  19, 12.7<br \/>V40 (Me\u0161ana voda pri 40\u00b0C)  Leto 260<br \/>Hladilno sredstvo Vrsta &#8211; R134a<br \/> Predhodno polnjenje kg 0.650<br \/> GWP  1, 430<br \/> t-CO2 eq  0.930<br \/>Metoda odmrzovanja  &#8211; Obratni cikel<br \/>Anoda   ICCP (tokovna katodna za\u0161\u010dita)<br \/>T&amp;P razbremenilni ventil  &#8211; Ja<br \/>Mesto priklju\u010dka za vodo  &#8211; stranski<br \/>Velikost priklju\u010dka za vodo  palec G 3\/4 M<br \/>Digitalni zaslon  &#8211; Ja<br \/>Wi-fi (ThinQ)  &#8211; Ja<br \/>Garancija na rezervoar  Leto 10<\/p>\n","protected":false},"excerpt":{"rendered":"<p>MODEL WH20SKapaciteta Prostornina 200LEnergetska u\u010dinkovitost COP (7\u00b0C \/ 15\u00b0C) 3.30 \/ 3.50Poraba energije Letna poraba energije (7\u00b0C \/ 15\u00b0C) kWh 756 \/ 709Profil obremenitve VelikVhodna mo\u010d Mo\u010d zgornjega elementa kW 2 Mo\u010d spodnjega elementa kW 2Energetska u\u010dinkovitost, razred &#8211; A+ \/ A+Napajanje Napetost V 230 Faza 1~ Frekvenca Hz 50Razpolo\u017eljivo napetostno obmo\u010dje V 195 &#8211; [&hellip;]<\/p>\n","protected":false},"featured_media":675060,"template":"","meta":[],"product_brand":[],"product_cat":[301,363],"product_tag":[],"class_list":{"0":"post-675059","1":"product","2":"type-product","3":"status-publish","4":"has-post-thumbnail","6":"product_cat-toplotne-crpalke","7":"product_cat-toplotne-crpalke-za-sanitarno-vodo","9":"first","10":"outofstock","11":"taxable","12":"shipping-taxable","13":"purchasable","14":"product-type-simple"},"yoast_head":"<!-- This site is optimized with the Yoast SEO plugin v27.5 - https:\/\/yoast.com\/product\/yoast-seo-wordpress\/ -->\n<title>WH20S.F5, LG Toplotna \u010drpalka za ogrevanje sanitarne vode, 200L, R134A, 1ph - Iblo d.o.o., Ptuj<\/title>\n<meta name=\"robots\" content=\"index, follow, max-snippet:-1, max-image-preview:large, max-video-preview:-1\" \/>\n<link rel=\"canonical\" href=\"https:\/\/iblo.si\/en\/izdelek\/toplotna-crpalka-za-sanitarno-vodo-lg-wh20s\/\" \/>\n<meta property=\"og:locale\" content=\"en_US\" \/>\n<meta property=\"og:type\" content=\"article\" \/>\n<meta property=\"og:title\" content=\"WH20S.F5, LG Toplotna \u010drpalka za ogrevanje sanitarne vode, 200L, R134A, 1ph - Iblo d.o.o., Ptuj\" \/>\n<meta property=\"og:description\" content=\"MODEL WH20SKapaciteta Prostornina 200LEnergetska u\u010dinkovitost COP (7\u00b0C \/ 15\u00b0C) 3.30 \/ 3.50Poraba energije Letna poraba energije (7\u00b0C \/ 15\u00b0C) kWh 756 \/ 709Profil obremenitve VelikVhodna mo\u010d Mo\u010d zgornjega elementa kW 2 Mo\u010d spodnjega elementa kW 2Energetska u\u010dinkovitost, razred &#8211; A+ \/ A+Napajanje Napetost V 230 Faza 1~ Frekvenca Hz 50Razpolo\u017eljivo napetostno obmo\u010dje V 195 &#8211; [&hellip;]\" \/>\n<meta property=\"og:url\" content=\"https:\/\/iblo.si\/en\/izdelek\/toplotna-crpalka-za-sanitarno-vodo-lg-wh20s\/\" \/>\n<meta property=\"og:site_name\" content=\"Iblo d.o.o., Ptuj\" \/>\n<meta property=\"article:publisher\" content=\"https:\/\/www.facebook.com\/ibloptuj\/\" \/>\n<meta property=\"article:modified_time\" content=\"2026-04-29T16:00:32+00:00\" \/>\n<meta property=\"og:image\" content=\"https:\/\/iblo.si\/wp-content\/uploads\/2023\/10\/WH20S.F5-1-94.jpg\" \/>\n\t<meta property=\"og:image:width\" content=\"800\" \/>\n\t<meta property=\"og:image:height\" content=\"800\" \/>\n\t<meta property=\"og:image:type\" content=\"image\/jpeg\" \/>\n<meta name=\"twitter:card\" content=\"summary_large_image\" \/>\n<meta name=\"twitter:label1\" content=\"Est. reading time\" \/>\n\t<meta name=\"twitter:data1\" content=\"1 minute\" \/>\n<script type=\"application\/ld+json\" class=\"yoast-schema-graph\">{\"@context\":\"https:\\\/\\\/schema.org\",\"@graph\":[{\"@type\":\"WebPage\",\"@id\":\"https:\\\/\\\/iblo.si\\\/en\\\/izdelek\\\/toplotna-crpalka-za-sanitarno-vodo-lg-wh20s\\\/\",\"url\":\"https:\\\/\\\/iblo.si\\\/en\\\/izdelek\\\/toplotna-crpalka-za-sanitarno-vodo-lg-wh20s\\\/\",\"name\":\"WH20S.F5, LG Toplotna \u010drpalka za ogrevanje sanitarne vode, 200L, R134A, 1ph - Iblo d.o.o., Ptuj\",\"isPartOf\":{\"@id\":\"https:\\\/\\\/iblo.si\\\/en\\\/#website\"},\"primaryImageOfPage\":{\"@id\":\"https:\\\/\\\/iblo.si\\\/en\\\/izdelek\\\/toplotna-crpalka-za-sanitarno-vodo-lg-wh20s\\\/#primaryimage\"},\"image\":{\"@id\":\"https:\\\/\\\/iblo.si\\\/en\\\/izdelek\\\/toplotna-crpalka-za-sanitarno-vodo-lg-wh20s\\\/#primaryimage\"},\"thumbnailUrl\":\"https:\\\/\\\/iblo.si\\\/wp-content\\\/uploads\\\/2023\\\/10\\\/WH20S.F5-1-94.jpg\",\"datePublished\":\"2021-06-22T11:15:03+00:00\",\"dateModified\":\"2026-04-29T16:00:32+00:00\",\"breadcrumb\":{\"@id\":\"https:\\\/\\\/iblo.si\\\/en\\\/izdelek\\\/toplotna-crpalka-za-sanitarno-vodo-lg-wh20s\\\/#breadcrumb\"},\"inLanguage\":\"en-US\",\"potentialAction\":[{\"@type\":\"ReadAction\",\"target\":[\"https:\\\/\\\/iblo.si\\\/en\\\/izdelek\\\/toplotna-crpalka-za-sanitarno-vodo-lg-wh20s\\\/\"]}]},{\"@type\":\"ImageObject\",\"inLanguage\":\"en-US\",\"@id\":\"https:\\\/\\\/iblo.si\\\/en\\\/izdelek\\\/toplotna-crpalka-za-sanitarno-vodo-lg-wh20s\\\/#primaryimage\",\"url\":\"https:\\\/\\\/iblo.si\\\/wp-content\\\/uploads\\\/2023\\\/10\\\/WH20S.F5-1-94.jpg\",\"contentUrl\":\"https:\\\/\\\/iblo.si\\\/wp-content\\\/uploads\\\/2023\\\/10\\\/WH20S.F5-1-94.jpg\",\"width\":800,\"height\":800},{\"@type\":\"BreadcrumbList\",\"@id\":\"https:\\\/\\\/iblo.si\\\/en\\\/izdelek\\\/toplotna-crpalka-za-sanitarno-vodo-lg-wh20s\\\/#breadcrumb\",\"itemListElement\":[{\"@type\":\"ListItem\",\"position\":1,\"name\":\"Home\",\"item\":\"https:\\\/\\\/iblo.si\\\/en\\\/\"},{\"@type\":\"ListItem\",\"position\":2,\"name\":\"Shop\",\"item\":\"https:\\\/\\\/iblo.si\\\/trgovina\\\/\"},{\"@type\":\"ListItem\",\"position\":3,\"name\":\"WH20S.F5, LG Toplotna \u010drpalka za ogrevanje sanitarne vode, 200L, R134A, 1ph\"}]},{\"@type\":\"WebSite\",\"@id\":\"https:\\\/\\\/iblo.si\\\/en\\\/#website\",\"url\":\"https:\\\/\\\/iblo.si\\\/en\\\/\",\"name\":\"Iblo d.o.o., Ptuj\",\"description\":\"Klimatske naprave in sistemi LG\",\"publisher\":{\"@id\":\"https:\\\/\\\/iblo.si\\\/en\\\/#organization\"},\"potentialAction\":[{\"@type\":\"SearchAction\",\"target\":{\"@type\":\"EntryPoint\",\"urlTemplate\":\"https:\\\/\\\/iblo.si\\\/en\\\/?s={search_term_string}\"},\"query-input\":{\"@type\":\"PropertyValueSpecification\",\"valueRequired\":true,\"valueName\":\"search_term_string\"}}],\"inLanguage\":\"en-US\"},{\"@type\":\"Organization\",\"@id\":\"https:\\\/\\\/iblo.si\\\/en\\\/#organization\",\"name\":\"iblo d.o.o.\",\"url\":\"https:\\\/\\\/iblo.si\\\/en\\\/\",\"logo\":{\"@type\":\"ImageObject\",\"inLanguage\":\"en-US\",\"@id\":\"https:\\\/\\\/iblo.si\\\/en\\\/#\\\/schema\\\/logo\\\/image\\\/\",\"url\":\"https:\\\/\\\/i0.wp.com\\\/iblo.si\\\/wp-content\\\/uploads\\\/2020\\\/08\\\/iblo-logo.png?fit=487%2C308&ssl=1\",\"contentUrl\":\"https:\\\/\\\/i0.wp.com\\\/iblo.si\\\/wp-content\\\/uploads\\\/2020\\\/08\\\/iblo-logo.png?fit=487%2C308&ssl=1\",\"width\":487,\"height\":308,\"caption\":\"iblo d.o.o.\"},\"image\":{\"@id\":\"https:\\\/\\\/iblo.si\\\/en\\\/#\\\/schema\\\/logo\\\/image\\\/\"},\"sameAs\":[\"https:\\\/\\\/www.facebook.com\\\/ibloptuj\\\/\"]}]}<\/script>\n<!-- \/ Yoast SEO plugin. -->","yoast_head_json":{"title":"WH20S.F5, LG Toplotna \u010drpalka za ogrevanje sanitarne vode, 200L, R134A, 1ph - Iblo d.o.o., Ptuj","robots":{"index":"index","follow":"follow","max-snippet":"max-snippet:-1","max-image-preview":"max-image-preview:large","max-video-preview":"max-video-preview:-1"},"canonical":"https:\/\/iblo.si\/en\/izdelek\/toplotna-crpalka-za-sanitarno-vodo-lg-wh20s\/","og_locale":"en_US","og_type":"article","og_title":"WH20S.F5, LG Toplotna \u010drpalka za ogrevanje sanitarne vode, 200L, R134A, 1ph - Iblo d.o.o., Ptuj","og_description":"MODEL WH20SKapaciteta Prostornina 200LEnergetska u\u010dinkovitost COP (7\u00b0C \/ 15\u00b0C) 3.30 \/ 3.50Poraba energije Letna poraba energije (7\u00b0C \/ 15\u00b0C) kWh 756 \/ 709Profil obremenitve VelikVhodna mo\u010d Mo\u010d zgornjega elementa kW 2 Mo\u010d spodnjega elementa kW 2Energetska u\u010dinkovitost, razred &#8211; A+ \/ A+Napajanje Napetost V 230 Faza 1~ Frekvenca Hz 50Razpolo\u017eljivo napetostno obmo\u010dje V 195 &#8211; [&hellip;]","og_url":"https:\/\/iblo.si\/en\/izdelek\/toplotna-crpalka-za-sanitarno-vodo-lg-wh20s\/","og_site_name":"Iblo d.o.o., Ptuj","article_publisher":"https:\/\/www.facebook.com\/ibloptuj\/","article_modified_time":"2026-04-29T16:00:32+00:00","og_image":[{"width":800,"height":800,"url":"https:\/\/iblo.si\/wp-content\/uploads\/2023\/10\/WH20S.F5-1-94.jpg","type":"image\/jpeg"}],"twitter_card":"summary_large_image","twitter_misc":{"Est. reading time":"1 minute"},"schema":{"@context":"https:\/\/schema.org","@graph":[{"@type":"WebPage","@id":"https:\/\/iblo.si\/en\/izdelek\/toplotna-crpalka-za-sanitarno-vodo-lg-wh20s\/","url":"https:\/\/iblo.si\/en\/izdelek\/toplotna-crpalka-za-sanitarno-vodo-lg-wh20s\/","name":"WH20S.F5, LG Toplotna \u010drpalka za ogrevanje sanitarne vode, 200L, R134A, 1ph - Iblo d.o.o., Ptuj","isPartOf":{"@id":"https:\/\/iblo.si\/en\/#website"},"primaryImageOfPage":{"@id":"https:\/\/iblo.si\/en\/izdelek\/toplotna-crpalka-za-sanitarno-vodo-lg-wh20s\/#primaryimage"},"image":{"@id":"https:\/\/iblo.si\/en\/izdelek\/toplotna-crpalka-za-sanitarno-vodo-lg-wh20s\/#primaryimage"},"thumbnailUrl":"https:\/\/iblo.si\/wp-content\/uploads\/2023\/10\/WH20S.F5-1-94.jpg","datePublished":"2021-06-22T11:15:03+00:00","dateModified":"2026-04-29T16:00:32+00:00","breadcrumb":{"@id":"https:\/\/iblo.si\/en\/izdelek\/toplotna-crpalka-za-sanitarno-vodo-lg-wh20s\/#breadcrumb"},"inLanguage":"en-US","potentialAction":[{"@type":"ReadAction","target":["https:\/\/iblo.si\/en\/izdelek\/toplotna-crpalka-za-sanitarno-vodo-lg-wh20s\/"]}]},{"@type":"ImageObject","inLanguage":"en-US","@id":"https:\/\/iblo.si\/en\/izdelek\/toplotna-crpalka-za-sanitarno-vodo-lg-wh20s\/#primaryimage","url":"https:\/\/iblo.si\/wp-content\/uploads\/2023\/10\/WH20S.F5-1-94.jpg","contentUrl":"https:\/\/iblo.si\/wp-content\/uploads\/2023\/10\/WH20S.F5-1-94.jpg","width":800,"height":800},{"@type":"BreadcrumbList","@id":"https:\/\/iblo.si\/en\/izdelek\/toplotna-crpalka-za-sanitarno-vodo-lg-wh20s\/#breadcrumb","itemListElement":[{"@type":"ListItem","position":1,"name":"Home","item":"https:\/\/iblo.si\/en\/"},{"@type":"ListItem","position":2,"name":"Shop","item":"https:\/\/iblo.si\/trgovina\/"},{"@type":"ListItem","position":3,"name":"WH20S.F5, LG Toplotna \u010drpalka za ogrevanje sanitarne vode, 200L, R134A, 1ph"}]},{"@type":"WebSite","@id":"https:\/\/iblo.si\/en\/#website","url":"https:\/\/iblo.si\/en\/","name":"Iblo d.o.o., Ptuj","description":"Klimatske naprave in sistemi LG","publisher":{"@id":"https:\/\/iblo.si\/en\/#organization"},"potentialAction":[{"@type":"SearchAction","target":{"@type":"EntryPoint","urlTemplate":"https:\/\/iblo.si\/en\/?s={search_term_string}"},"query-input":{"@type":"PropertyValueSpecification","valueRequired":true,"valueName":"search_term_string"}}],"inLanguage":"en-US"},{"@type":"Organization","@id":"https:\/\/iblo.si\/en\/#organization","name":"iblo d.o.o.","url":"https:\/\/iblo.si\/en\/","logo":{"@type":"ImageObject","inLanguage":"en-US","@id":"https:\/\/iblo.si\/en\/#\/schema\/logo\/image\/","url":"https:\/\/i0.wp.com\/iblo.si\/wp-content\/uploads\/2020\/08\/iblo-logo.png?fit=487%2C308&ssl=1","contentUrl":"https:\/\/i0.wp.com\/iblo.si\/wp-content\/uploads\/2020\/08\/iblo-logo.png?fit=487%2C308&ssl=1","width":487,"height":308,"caption":"iblo d.o.o."},"image":{"@id":"https:\/\/iblo.si\/en\/#\/schema\/logo\/image\/"},"sameAs":["https:\/\/www.facebook.com\/ibloptuj\/"]}]}},"_links":{"self":[{"href":"https:\/\/iblo.si\/en\/wp-json\/wp\/v2\/product\/675059","targetHints":{"allow":["GET"]}}],"collection":[{"href":"https:\/\/iblo.si\/en\/wp-json\/wp\/v2\/product"}],"about":[{"href":"https:\/\/iblo.si\/en\/wp-json\/wp\/v2\/types\/product"}],"wp:featuredmedia":[{"embeddable":true,"href":"https:\/\/iblo.si\/en\/wp-json\/wp\/v2\/media\/675060"}],"wp:attachment":[{"href":"https:\/\/iblo.si\/en\/wp-json\/wp\/v2\/media?parent=675059"}],"wp:term":[{"taxonomy":"product_brand","embeddable":true,"href":"https:\/\/iblo.si\/en\/wp-json\/wp\/v2\/product_brand?post=675059"},{"taxonomy":"product_cat","embeddable":true,"href":"https:\/\/iblo.si\/en\/wp-json\/wp\/v2\/product_cat?post=675059"},{"taxonomy":"product_tag","embeddable":true,"href":"https:\/\/iblo.si\/en\/wp-json\/wp\/v2\/product_tag?post=675059"}],"curies":[{"name":"wp","href":"https:\/\/api.w.org\/{rel}","templated":true}]}}