{"id":675118,"date":"2021-06-25T03:00:17","date_gmt":"2021-06-25T01:00:17","guid":{"rendered":"https:\/\/vsi.iblo.si\/product\/toplotna-crpalka-hu051mr-u44-therma-v-1ph-zunanja-enota\/"},"modified":"2026-04-29T06:00:15","modified_gmt":"2026-04-29T04:00:15","slug":"toplotna-crpalka-hu051mr-u44-therma-v-1ph-zunanja-enota","status":"publish","type":"product","link":"https:\/\/iblo.si\/en\/izdelek\/toplotna-crpalka-hu051mr-u44-therma-v-1ph-zunanja-enota\/","title":{"rendered":"HU051MR.U44, 5,5 kW, R32, 1ph, LG Toplotna \u010drpalka, Split, zunanja enota, Therma V"},"content":{"rendered":"<p>Toplotna \u010drpalka HU051MR U44, Split, potrebuje eno izmed notranjih enot: <br \/>&#8211; HN0913T.NK0<br \/>&#8211; HN091MR.NK5<\/p>\n<p>Podatki o u\u010dinkovitosti  Enota 5 Kw (1 faza)<br \/>Sezonski u\u010dinek ogrevanja prostorov razred 35\u00b0C\/55\u00b0C)  &#8211; A+++\/A++<br \/>Sezonski u\u010dinek ogrevanja prostorov (?S) (35\u00b0C\/55\u00b0C)  % 183\/126<br \/>SCOP (35\u00b0C\/55\u00b0C)  &#8211; 4,65\/3,23<br \/>Raven zvo\u010dne mo\u010di (zunanja enota) Nazivni\/nizko\u0161umni na\u010din dB (A)  60\/58<br \/>Raven zvo\u010dnega tlaka pri 5 m (zunanja enota) Nazivni\/nizko\u0161umni na\u010din dB (A)  38\/36<br \/>Raven zvo\u010dne mo\u010di (notranja enota)  dB (A) 44<br \/>Raven zvo\u010dnega tlaka pri 1m (notranja enota)  dB (A) 36<br \/>Nominalna zmogljivost in COP\/EER   <br \/>Zrak +7 \u00b0C\/voda +35 \u00b0C Mo\u010d ogrevanja\/COP kW\/ &#8211; 5,50\/4,90<br \/>Zrak +2 \u00b0C\/voda +35 \u00b0C Mo\u010d ogrevanja\/COP kW\/ &#8211; 3,30\/3,52<br \/>Zrak +7\u00b0C\/voda +55 \u00b0C Mo\u010d ogrevanja\/COP kW\/ &#8211; 5,50\/2,70<br \/>Zrak +35 \u00b0C\/voda +18 \u00b0C Kapaciteta hlajenja\/EER kW\/ &#8211; 5,50\/4,60<br \/>Zrak +35 \u00b0C\/voda +7 \u00b0C Kapaciteta hlajenja\/EER kW\/ &#8211; 5,50\/2,80<br \/>Zunanje enote  Enota HU051MR U44<br \/>Obmo\u010dje delovanja (temperatura zunanjega zraka) Ogrevanje &amp; Sanit. voda (Min. ~ Max.) \u00b0C  -25 ~ 35<br \/> Hlajenje (Min. ~ Max.) \u00b0C  5 ~ 48<br \/>Plin Vrsta &#8211; R32<br \/> GWP (potencial globalnega segrevanja) &#8211; 675<br \/> Predhodno polnjenje g 1.500<br \/>Cevni priklju\u010dki Plin \/ Teko\u010dina mm (palec) fi 15,88 (5\/8)\/fi 9,52 (3\/8)<br \/> Standardna dol\u017eina \/ Min. \/ Max.  m  5\/50<br \/> Vi\u0161inska razlika Max. m 30<br \/> Najve\u010dja dol\u017eina brez dodatnega polnjenja m 10<br \/>  g\/m 40<br \/>Dimenzije V x \u0160 x G mm 834 X 950 X 330<br \/>Te\u017ea Prazno kg 60<br \/>Zunanjost Barva\/RAL koda &#8211; Topla siva\/RAL 7044<br \/>Napajanje Napetost V 220 ~ 240<br \/> Faza  1~<br \/> Frekvenca Hz 50<br \/> Poraba energije v stanju pripravljenosti W 20<br \/> Priporo\u010dena varovalka A 20<\/p>\n<p><\/p>\n","protected":false},"excerpt":{"rendered":"<p>Toplotna \u010drpalka HU051MR U44, Split, potrebuje eno izmed notranjih enot: &#8211; HN0913T.NK0&#8211; HN091MR.NK5 Podatki o u\u010dinkovitosti Enota 5 Kw (1 faza)Sezonski u\u010dinek ogrevanja prostorov razred 35\u00b0C\/55\u00b0C) &#8211; A+++\/A++Sezonski u\u010dinek ogrevanja prostorov (?S) (35\u00b0C\/55\u00b0C) % 183\/126SCOP (35\u00b0C\/55\u00b0C) &#8211; 4,65\/3,23Raven zvo\u010dne mo\u010di (zunanja enota) Nazivni\/nizko\u0161umni na\u010din dB (A) 60\/58Raven zvo\u010dnega tlaka pri 5 m (zunanja enota) Nazivni\/nizko\u0161umni [&hellip;]<\/p>\n","protected":false},"featured_media":675119,"template":"","meta":[],"product_brand":[],"product_cat":[350,359,301],"product_tag":[],"class_list":{"0":"post-675118","1":"product","2":"type-product","3":"status-publish","4":"has-post-thumbnail","6":"product_cat-split-toplotne-crpalke-toplotne-crpalke","7":"product_cat-srednje-temperaturne-toplotne-crpalke","8":"product_cat-toplotne-crpalke","10":"first","11":"outofstock","12":"taxable","13":"shipping-taxable","14":"purchasable","15":"product-type-simple"},"yoast_head":"<!-- This site is optimized with the Yoast SEO plugin v27.5 - https:\/\/yoast.com\/product\/yoast-seo-wordpress\/ -->\n<title>HU051MR.U44, 5,5 kW, R32, 1ph, LG Toplotna \u010drpalka, Split, zunanja enota, Therma V - Iblo d.o.o., Ptuj<\/title>\n<meta name=\"robots\" content=\"index, follow, max-snippet:-1, max-image-preview:large, max-video-preview:-1\" \/>\n<link rel=\"canonical\" href=\"https:\/\/iblo.si\/en\/izdelek\/toplotna-crpalka-hu051mr-u44-therma-v-1ph-zunanja-enota\/\" \/>\n<meta property=\"og:locale\" content=\"en_US\" \/>\n<meta property=\"og:type\" content=\"article\" \/>\n<meta property=\"og:title\" content=\"HU051MR.U44, 5,5 kW, R32, 1ph, LG Toplotna \u010drpalka, Split, zunanja enota, Therma V - Iblo d.o.o., Ptuj\" \/>\n<meta property=\"og:description\" content=\"Toplotna \u010drpalka HU051MR U44, Split, potrebuje eno izmed notranjih enot: &#8211; HN0913T.NK0&#8211; HN091MR.NK5 Podatki o u\u010dinkovitosti Enota 5 Kw (1 faza)Sezonski u\u010dinek ogrevanja prostorov razred 35\u00b0C\/55\u00b0C) &#8211; A+++\/A++Sezonski u\u010dinek ogrevanja prostorov (?S) (35\u00b0C\/55\u00b0C) % 183\/126SCOP (35\u00b0C\/55\u00b0C) &#8211; 4,65\/3,23Raven zvo\u010dne mo\u010di (zunanja enota) Nazivni\/nizko\u0161umni na\u010din dB (A) 60\/58Raven zvo\u010dnega tlaka pri 5 m (zunanja enota) Nazivni\/nizko\u0161umni [&hellip;]\" \/>\n<meta property=\"og:url\" content=\"https:\/\/iblo.si\/en\/izdelek\/toplotna-crpalka-hu051mr-u44-therma-v-1ph-zunanja-enota\/\" \/>\n<meta property=\"og:site_name\" content=\"Iblo d.o.o., Ptuj\" \/>\n<meta property=\"article:publisher\" content=\"https:\/\/www.facebook.com\/ibloptuj\/\" \/>\n<meta property=\"article:modified_time\" content=\"2026-04-29T04:00:15+00:00\" \/>\n<meta property=\"og:image\" content=\"https:\/\/iblo.si\/wp-content\/uploads\/2023\/10\/HU051MR.U44-1-163.jpg\" \/>\n\t<meta property=\"og:image:width\" content=\"800\" \/>\n\t<meta property=\"og:image:height\" content=\"800\" \/>\n\t<meta property=\"og:image:type\" content=\"image\/jpeg\" \/>\n<meta name=\"twitter:card\" content=\"summary_large_image\" \/>\n<meta name=\"twitter:label1\" content=\"Est. reading time\" \/>\n\t<meta name=\"twitter:data1\" content=\"1 minute\" \/>\n<script type=\"application\/ld+json\" class=\"yoast-schema-graph\">{\"@context\":\"https:\\\/\\\/schema.org\",\"@graph\":[{\"@type\":\"WebPage\",\"@id\":\"https:\\\/\\\/iblo.si\\\/en\\\/izdelek\\\/toplotna-crpalka-hu051mr-u44-therma-v-1ph-zunanja-enota\\\/\",\"url\":\"https:\\\/\\\/iblo.si\\\/en\\\/izdelek\\\/toplotna-crpalka-hu051mr-u44-therma-v-1ph-zunanja-enota\\\/\",\"name\":\"HU051MR.U44, 5,5 kW, R32, 1ph, LG Toplotna \u010drpalka, Split, zunanja enota, Therma V - Iblo d.o.o., Ptuj\",\"isPartOf\":{\"@id\":\"https:\\\/\\\/iblo.si\\\/en\\\/#website\"},\"primaryImageOfPage\":{\"@id\":\"https:\\\/\\\/iblo.si\\\/en\\\/izdelek\\\/toplotna-crpalka-hu051mr-u44-therma-v-1ph-zunanja-enota\\\/#primaryimage\"},\"image\":{\"@id\":\"https:\\\/\\\/iblo.si\\\/en\\\/izdelek\\\/toplotna-crpalka-hu051mr-u44-therma-v-1ph-zunanja-enota\\\/#primaryimage\"},\"thumbnailUrl\":\"https:\\\/\\\/iblo.si\\\/wp-content\\\/uploads\\\/2023\\\/10\\\/HU051MR.U44-1-163.jpg\",\"datePublished\":\"2021-06-25T01:00:17+00:00\",\"dateModified\":\"2026-04-29T04:00:15+00:00\",\"breadcrumb\":{\"@id\":\"https:\\\/\\\/iblo.si\\\/en\\\/izdelek\\\/toplotna-crpalka-hu051mr-u44-therma-v-1ph-zunanja-enota\\\/#breadcrumb\"},\"inLanguage\":\"en-US\",\"potentialAction\":[{\"@type\":\"ReadAction\",\"target\":[\"https:\\\/\\\/iblo.si\\\/en\\\/izdelek\\\/toplotna-crpalka-hu051mr-u44-therma-v-1ph-zunanja-enota\\\/\"]}]},{\"@type\":\"ImageObject\",\"inLanguage\":\"en-US\",\"@id\":\"https:\\\/\\\/iblo.si\\\/en\\\/izdelek\\\/toplotna-crpalka-hu051mr-u44-therma-v-1ph-zunanja-enota\\\/#primaryimage\",\"url\":\"https:\\\/\\\/iblo.si\\\/wp-content\\\/uploads\\\/2023\\\/10\\\/HU051MR.U44-1-163.jpg\",\"contentUrl\":\"https:\\\/\\\/iblo.si\\\/wp-content\\\/uploads\\\/2023\\\/10\\\/HU051MR.U44-1-163.jpg\",\"width\":800,\"height\":800},{\"@type\":\"BreadcrumbList\",\"@id\":\"https:\\\/\\\/iblo.si\\\/en\\\/izdelek\\\/toplotna-crpalka-hu051mr-u44-therma-v-1ph-zunanja-enota\\\/#breadcrumb\",\"itemListElement\":[{\"@type\":\"ListItem\",\"position\":1,\"name\":\"Home\",\"item\":\"https:\\\/\\\/iblo.si\\\/en\\\/\"},{\"@type\":\"ListItem\",\"position\":2,\"name\":\"Shop\",\"item\":\"https:\\\/\\\/iblo.si\\\/trgovina\\\/\"},{\"@type\":\"ListItem\",\"position\":3,\"name\":\"HU051MR.U44, 5,5 kW, R32, 1ph, LG Toplotna \u010drpalka, Split, zunanja enota, Therma V\"}]},{\"@type\":\"WebSite\",\"@id\":\"https:\\\/\\\/iblo.si\\\/en\\\/#website\",\"url\":\"https:\\\/\\\/iblo.si\\\/en\\\/\",\"name\":\"Iblo d.o.o., Ptuj\",\"description\":\"Klimatske naprave in sistemi LG\",\"publisher\":{\"@id\":\"https:\\\/\\\/iblo.si\\\/en\\\/#organization\"},\"potentialAction\":[{\"@type\":\"SearchAction\",\"target\":{\"@type\":\"EntryPoint\",\"urlTemplate\":\"https:\\\/\\\/iblo.si\\\/en\\\/?s={search_term_string}\"},\"query-input\":{\"@type\":\"PropertyValueSpecification\",\"valueRequired\":true,\"valueName\":\"search_term_string\"}}],\"inLanguage\":\"en-US\"},{\"@type\":\"Organization\",\"@id\":\"https:\\\/\\\/iblo.si\\\/en\\\/#organization\",\"name\":\"iblo d.o.o.\",\"url\":\"https:\\\/\\\/iblo.si\\\/en\\\/\",\"logo\":{\"@type\":\"ImageObject\",\"inLanguage\":\"en-US\",\"@id\":\"https:\\\/\\\/iblo.si\\\/en\\\/#\\\/schema\\\/logo\\\/image\\\/\",\"url\":\"https:\\\/\\\/i0.wp.com\\\/iblo.si\\\/wp-content\\\/uploads\\\/2020\\\/08\\\/iblo-logo.png?fit=487%2C308&ssl=1\",\"contentUrl\":\"https:\\\/\\\/i0.wp.com\\\/iblo.si\\\/wp-content\\\/uploads\\\/2020\\\/08\\\/iblo-logo.png?fit=487%2C308&ssl=1\",\"width\":487,\"height\":308,\"caption\":\"iblo d.o.o.\"},\"image\":{\"@id\":\"https:\\\/\\\/iblo.si\\\/en\\\/#\\\/schema\\\/logo\\\/image\\\/\"},\"sameAs\":[\"https:\\\/\\\/www.facebook.com\\\/ibloptuj\\\/\"]}]}<\/script>\n<!-- \/ Yoast SEO plugin. -->","yoast_head_json":{"title":"HU051MR.U44, 5,5 kW, R32, 1ph, LG Toplotna \u010drpalka, Split, zunanja enota, Therma V - Iblo d.o.o., Ptuj","robots":{"index":"index","follow":"follow","max-snippet":"max-snippet:-1","max-image-preview":"max-image-preview:large","max-video-preview":"max-video-preview:-1"},"canonical":"https:\/\/iblo.si\/en\/izdelek\/toplotna-crpalka-hu051mr-u44-therma-v-1ph-zunanja-enota\/","og_locale":"en_US","og_type":"article","og_title":"HU051MR.U44, 5,5 kW, R32, 1ph, LG Toplotna \u010drpalka, Split, zunanja enota, Therma V - Iblo d.o.o., Ptuj","og_description":"Toplotna \u010drpalka HU051MR U44, Split, potrebuje eno izmed notranjih enot: &#8211; HN0913T.NK0&#8211; HN091MR.NK5 Podatki o u\u010dinkovitosti Enota 5 Kw (1 faza)Sezonski u\u010dinek ogrevanja prostorov razred 35\u00b0C\/55\u00b0C) &#8211; A+++\/A++Sezonski u\u010dinek ogrevanja prostorov (?S) (35\u00b0C\/55\u00b0C) % 183\/126SCOP (35\u00b0C\/55\u00b0C) &#8211; 4,65\/3,23Raven zvo\u010dne mo\u010di (zunanja enota) Nazivni\/nizko\u0161umni na\u010din dB (A) 60\/58Raven zvo\u010dnega tlaka pri 5 m (zunanja enota) Nazivni\/nizko\u0161umni [&hellip;]","og_url":"https:\/\/iblo.si\/en\/izdelek\/toplotna-crpalka-hu051mr-u44-therma-v-1ph-zunanja-enota\/","og_site_name":"Iblo d.o.o., Ptuj","article_publisher":"https:\/\/www.facebook.com\/ibloptuj\/","article_modified_time":"2026-04-29T04:00:15+00:00","og_image":[{"width":800,"height":800,"url":"https:\/\/iblo.si\/wp-content\/uploads\/2023\/10\/HU051MR.U44-1-163.jpg","type":"image\/jpeg"}],"twitter_card":"summary_large_image","twitter_misc":{"Est. reading time":"1 minute"},"schema":{"@context":"https:\/\/schema.org","@graph":[{"@type":"WebPage","@id":"https:\/\/iblo.si\/en\/izdelek\/toplotna-crpalka-hu051mr-u44-therma-v-1ph-zunanja-enota\/","url":"https:\/\/iblo.si\/en\/izdelek\/toplotna-crpalka-hu051mr-u44-therma-v-1ph-zunanja-enota\/","name":"HU051MR.U44, 5,5 kW, R32, 1ph, LG Toplotna \u010drpalka, Split, zunanja enota, Therma V - Iblo d.o.o., Ptuj","isPartOf":{"@id":"https:\/\/iblo.si\/en\/#website"},"primaryImageOfPage":{"@id":"https:\/\/iblo.si\/en\/izdelek\/toplotna-crpalka-hu051mr-u44-therma-v-1ph-zunanja-enota\/#primaryimage"},"image":{"@id":"https:\/\/iblo.si\/en\/izdelek\/toplotna-crpalka-hu051mr-u44-therma-v-1ph-zunanja-enota\/#primaryimage"},"thumbnailUrl":"https:\/\/iblo.si\/wp-content\/uploads\/2023\/10\/HU051MR.U44-1-163.jpg","datePublished":"2021-06-25T01:00:17+00:00","dateModified":"2026-04-29T04:00:15+00:00","breadcrumb":{"@id":"https:\/\/iblo.si\/en\/izdelek\/toplotna-crpalka-hu051mr-u44-therma-v-1ph-zunanja-enota\/#breadcrumb"},"inLanguage":"en-US","potentialAction":[{"@type":"ReadAction","target":["https:\/\/iblo.si\/en\/izdelek\/toplotna-crpalka-hu051mr-u44-therma-v-1ph-zunanja-enota\/"]}]},{"@type":"ImageObject","inLanguage":"en-US","@id":"https:\/\/iblo.si\/en\/izdelek\/toplotna-crpalka-hu051mr-u44-therma-v-1ph-zunanja-enota\/#primaryimage","url":"https:\/\/iblo.si\/wp-content\/uploads\/2023\/10\/HU051MR.U44-1-163.jpg","contentUrl":"https:\/\/iblo.si\/wp-content\/uploads\/2023\/10\/HU051MR.U44-1-163.jpg","width":800,"height":800},{"@type":"BreadcrumbList","@id":"https:\/\/iblo.si\/en\/izdelek\/toplotna-crpalka-hu051mr-u44-therma-v-1ph-zunanja-enota\/#breadcrumb","itemListElement":[{"@type":"ListItem","position":1,"name":"Home","item":"https:\/\/iblo.si\/en\/"},{"@type":"ListItem","position":2,"name":"Shop","item":"https:\/\/iblo.si\/trgovina\/"},{"@type":"ListItem","position":3,"name":"HU051MR.U44, 5,5 kW, R32, 1ph, LG Toplotna \u010drpalka, Split, zunanja enota, Therma V"}]},{"@type":"WebSite","@id":"https:\/\/iblo.si\/en\/#website","url":"https:\/\/iblo.si\/en\/","name":"Iblo d.o.o., Ptuj","description":"Klimatske naprave in sistemi LG","publisher":{"@id":"https:\/\/iblo.si\/en\/#organization"},"potentialAction":[{"@type":"SearchAction","target":{"@type":"EntryPoint","urlTemplate":"https:\/\/iblo.si\/en\/?s={search_term_string}"},"query-input":{"@type":"PropertyValueSpecification","valueRequired":true,"valueName":"search_term_string"}}],"inLanguage":"en-US"},{"@type":"Organization","@id":"https:\/\/iblo.si\/en\/#organization","name":"iblo d.o.o.","url":"https:\/\/iblo.si\/en\/","logo":{"@type":"ImageObject","inLanguage":"en-US","@id":"https:\/\/iblo.si\/en\/#\/schema\/logo\/image\/","url":"https:\/\/i0.wp.com\/iblo.si\/wp-content\/uploads\/2020\/08\/iblo-logo.png?fit=487%2C308&ssl=1","contentUrl":"https:\/\/i0.wp.com\/iblo.si\/wp-content\/uploads\/2020\/08\/iblo-logo.png?fit=487%2C308&ssl=1","width":487,"height":308,"caption":"iblo d.o.o."},"image":{"@id":"https:\/\/iblo.si\/en\/#\/schema\/logo\/image\/"},"sameAs":["https:\/\/www.facebook.com\/ibloptuj\/"]}]}},"_links":{"self":[{"href":"https:\/\/iblo.si\/en\/wp-json\/wp\/v2\/product\/675118","targetHints":{"allow":["GET"]}}],"collection":[{"href":"https:\/\/iblo.si\/en\/wp-json\/wp\/v2\/product"}],"about":[{"href":"https:\/\/iblo.si\/en\/wp-json\/wp\/v2\/types\/product"}],"wp:featuredmedia":[{"embeddable":true,"href":"https:\/\/iblo.si\/en\/wp-json\/wp\/v2\/media\/675119"}],"wp:attachment":[{"href":"https:\/\/iblo.si\/en\/wp-json\/wp\/v2\/media?parent=675118"}],"wp:term":[{"taxonomy":"product_brand","embeddable":true,"href":"https:\/\/iblo.si\/en\/wp-json\/wp\/v2\/product_brand?post=675118"},{"taxonomy":"product_cat","embeddable":true,"href":"https:\/\/iblo.si\/en\/wp-json\/wp\/v2\/product_cat?post=675118"},{"taxonomy":"product_tag","embeddable":true,"href":"https:\/\/iblo.si\/en\/wp-json\/wp\/v2\/product_tag?post=675118"}],"curies":[{"name":"wp","href":"https:\/\/api.w.org\/{rel}","templated":true}]}}