{"id":675371,"date":"2021-07-06T11:00:21","date_gmt":"2021-07-06T09:00:21","guid":{"rendered":"https:\/\/vsi.iblo.si\/product\/notranja-enota-cl12f-n50-kanalska-low-static-duct-cac-multi-2\/"},"modified":"2026-04-24T06:00:10","modified_gmt":"2026-04-24T04:00:10","slug":"notranja-enota-cl12f-n50-kanalska-low-static-duct-cac-multi-2","status":"publish","type":"product","link":"https:\/\/iblo.si\/en\/izdelek\/notranja-enota-cl12f-n50-kanalska-low-static-duct-cac-multi-2\/","title":{"rendered":"CL12F.N50-Multi, 3,4 kW, kanalska, Low Static Duct, CAC, LG notranja enota"},"content":{"rendered":"<p>NOTRANJA ENOTA    CL12F.N50<br \/>Kapaciteta  Hlajenje\/Ogrevanje Nazivno kW 3,4\/4,0<br \/>Priklju\u010dna mo\u010d  Visok.\/Sred.\/Nizk. W 21\/15\/13<br \/>Delovni tok  Visok.\/Sred.\/Nizk. A 0,21\/0,16\/0,14<br \/>Napajanje    <br \/> Faza   1~<br \/> Napetost  V 220-240<br \/> Frekvenca  Hz 50<br \/>Pretok zraka  Visok.\/Sred.\/Nizk. m3\/min 11,5\/9,5\/8,0<br \/>Zvo\u010dni tlak  Visok.\/Sred.\/Nizk. dB (A) 35\/30\/27<br \/>Zvo\u010dna mo\u010d  Nazivno dB (A) 55<br \/>Razvla\u017eevanje   l\/uro 0,9<br \/>Dimenzije  V x \u0160 x G mm 900 X 190 X 460<br \/>Neto te\u017ea   kg 18<br \/>Velikost cevnih priklju\u010dkov Teko\u010dina  mm (palec) fi 6,35 (1\/4)<br \/> Plin  mm (palec) fi 9,52 (3\/8)<br \/>Zunanji stati\u010dni tlak Min. ~ Maks.  Pa (mmAq) 0~5 (0~50)<br \/>DODATNA OPREMA    <br \/>Krmilnik \u017di\u010dni\/brez\u017ei\u010dni   Ne<br \/>Kompatibilno s komercialnim single split    Da<\/p>\n","protected":false},"excerpt":{"rendered":"<p>NOTRANJA ENOTA CL12F.N50Kapaciteta Hlajenje\/Ogrevanje Nazivno kW 3,4\/4,0Priklju\u010dna mo\u010d Visok.\/Sred.\/Nizk. W 21\/15\/13Delovni tok Visok.\/Sred.\/Nizk. A 0,21\/0,16\/0,14Napajanje Faza 1~ Napetost V 220-240 Frekvenca Hz 50Pretok zraka Visok.\/Sred.\/Nizk. m3\/min 11,5\/9,5\/8,0Zvo\u010dni tlak Visok.\/Sred.\/Nizk. dB (A) 35\/30\/27Zvo\u010dna mo\u010d Nazivno dB (A) 55Razvla\u017eevanje l\/uro 0,9Dimenzije V x \u0160 x G mm 900 X 190 X 460Neto te\u017ea kg 18Velikost cevnih priklju\u010dkov [&hellip;]<\/p>\n","protected":false},"featured_media":675372,"template":"","meta":[],"product_brand":[],"product_cat":[373,334,337],"product_tag":[],"class_list":{"0":"post-675371","1":"product","2":"type-product","3":"status-publish","4":"has-post-thumbnail","6":"product_cat-kanalske-enote-multi-split-naprave","7":"product_cat-klima-naprave","8":"product_cat-multi-split-naprave","10":"first","11":"instock","12":"taxable","13":"shipping-taxable","14":"purchasable","15":"product-type-simple"},"yoast_head":"<!-- This site is optimized with the Yoast SEO plugin v27.4 - https:\/\/yoast.com\/product\/yoast-seo-wordpress\/ -->\n<title>CL12F.N50-Multi, 3,4 kW, kanalska, Low Static Duct, CAC, LG notranja enota - Iblo d.o.o., Ptuj<\/title>\n<meta name=\"robots\" content=\"index, follow, max-snippet:-1, max-image-preview:large, max-video-preview:-1\" \/>\n<link rel=\"canonical\" href=\"https:\/\/iblo.si\/en\/izdelek\/notranja-enota-cl12f-n50-kanalska-low-static-duct-cac-multi-2\/\" \/>\n<meta property=\"og:locale\" content=\"en_US\" \/>\n<meta property=\"og:type\" content=\"article\" \/>\n<meta property=\"og:title\" content=\"CL12F.N50-Multi, 3,4 kW, kanalska, Low Static Duct, CAC, LG notranja enota - Iblo d.o.o., Ptuj\" \/>\n<meta property=\"og:description\" content=\"NOTRANJA ENOTA CL12F.N50Kapaciteta Hlajenje\/Ogrevanje Nazivno kW 3,4\/4,0Priklju\u010dna mo\u010d Visok.\/Sred.\/Nizk. W 21\/15\/13Delovni tok Visok.\/Sred.\/Nizk. A 0,21\/0,16\/0,14Napajanje Faza 1~ Napetost V 220-240 Frekvenca Hz 50Pretok zraka Visok.\/Sred.\/Nizk. m3\/min 11,5\/9,5\/8,0Zvo\u010dni tlak Visok.\/Sred.\/Nizk. dB (A) 35\/30\/27Zvo\u010dna mo\u010d Nazivno dB (A) 55Razvla\u017eevanje l\/uro 0,9Dimenzije V x \u0160 x G mm 900 X 190 X 460Neto te\u017ea kg 18Velikost cevnih priklju\u010dkov [&hellip;]\" \/>\n<meta property=\"og:url\" content=\"https:\/\/iblo.si\/en\/izdelek\/notranja-enota-cl12f-n50-kanalska-low-static-duct-cac-multi-2\/\" \/>\n<meta property=\"og:site_name\" content=\"Iblo d.o.o., Ptuj\" \/>\n<meta property=\"article:publisher\" content=\"https:\/\/www.facebook.com\/ibloptuj\/\" \/>\n<meta property=\"article:modified_time\" content=\"2026-04-24T04:00:10+00:00\" \/>\n<meta property=\"og:image\" content=\"https:\/\/iblo.si\/wp-content\/uploads\/2023\/10\/CL12F.N50-Multi-1-243.jpg\" \/>\n\t<meta property=\"og:image:width\" content=\"800\" \/>\n\t<meta property=\"og:image:height\" content=\"800\" \/>\n\t<meta property=\"og:image:type\" content=\"image\/jpeg\" \/>\n<meta name=\"twitter:card\" content=\"summary_large_image\" \/>\n<meta name=\"twitter:label1\" content=\"Est. reading time\" \/>\n\t<meta name=\"twitter:data1\" content=\"1 minute\" \/>\n<script type=\"application\/ld+json\" class=\"yoast-schema-graph\">{\"@context\":\"https:\\\/\\\/schema.org\",\"@graph\":[{\"@type\":\"WebPage\",\"@id\":\"https:\\\/\\\/iblo.si\\\/en\\\/izdelek\\\/notranja-enota-cl12f-n50-kanalska-low-static-duct-cac-multi-2\\\/\",\"url\":\"https:\\\/\\\/iblo.si\\\/en\\\/izdelek\\\/notranja-enota-cl12f-n50-kanalska-low-static-duct-cac-multi-2\\\/\",\"name\":\"CL12F.N50-Multi, 3,4 kW, kanalska, Low Static Duct, CAC, LG notranja enota - Iblo d.o.o., Ptuj\",\"isPartOf\":{\"@id\":\"https:\\\/\\\/iblo.si\\\/en\\\/#website\"},\"primaryImageOfPage\":{\"@id\":\"https:\\\/\\\/iblo.si\\\/en\\\/izdelek\\\/notranja-enota-cl12f-n50-kanalska-low-static-duct-cac-multi-2\\\/#primaryimage\"},\"image\":{\"@id\":\"https:\\\/\\\/iblo.si\\\/en\\\/izdelek\\\/notranja-enota-cl12f-n50-kanalska-low-static-duct-cac-multi-2\\\/#primaryimage\"},\"thumbnailUrl\":\"https:\\\/\\\/iblo.si\\\/wp-content\\\/uploads\\\/2023\\\/10\\\/CL12F.N50-Multi-1-243.jpg\",\"datePublished\":\"2021-07-06T09:00:21+00:00\",\"dateModified\":\"2026-04-24T04:00:10+00:00\",\"breadcrumb\":{\"@id\":\"https:\\\/\\\/iblo.si\\\/en\\\/izdelek\\\/notranja-enota-cl12f-n50-kanalska-low-static-duct-cac-multi-2\\\/#breadcrumb\"},\"inLanguage\":\"en-US\",\"potentialAction\":[{\"@type\":\"ReadAction\",\"target\":[\"https:\\\/\\\/iblo.si\\\/en\\\/izdelek\\\/notranja-enota-cl12f-n50-kanalska-low-static-duct-cac-multi-2\\\/\"]}]},{\"@type\":\"ImageObject\",\"inLanguage\":\"en-US\",\"@id\":\"https:\\\/\\\/iblo.si\\\/en\\\/izdelek\\\/notranja-enota-cl12f-n50-kanalska-low-static-duct-cac-multi-2\\\/#primaryimage\",\"url\":\"https:\\\/\\\/iblo.si\\\/wp-content\\\/uploads\\\/2023\\\/10\\\/CL12F.N50-Multi-1-243.jpg\",\"contentUrl\":\"https:\\\/\\\/iblo.si\\\/wp-content\\\/uploads\\\/2023\\\/10\\\/CL12F.N50-Multi-1-243.jpg\",\"width\":800,\"height\":800},{\"@type\":\"BreadcrumbList\",\"@id\":\"https:\\\/\\\/iblo.si\\\/en\\\/izdelek\\\/notranja-enota-cl12f-n50-kanalska-low-static-duct-cac-multi-2\\\/#breadcrumb\",\"itemListElement\":[{\"@type\":\"ListItem\",\"position\":1,\"name\":\"Home\",\"item\":\"https:\\\/\\\/iblo.si\\\/en\\\/\"},{\"@type\":\"ListItem\",\"position\":2,\"name\":\"Shop\",\"item\":\"https:\\\/\\\/iblo.si\\\/trgovina\\\/\"},{\"@type\":\"ListItem\",\"position\":3,\"name\":\"CL12F.N50-Multi, 3,4 kW, kanalska, Low Static Duct, CAC, LG notranja enota\"}]},{\"@type\":\"WebSite\",\"@id\":\"https:\\\/\\\/iblo.si\\\/en\\\/#website\",\"url\":\"https:\\\/\\\/iblo.si\\\/en\\\/\",\"name\":\"Iblo d.o.o., Ptuj\",\"description\":\"Klimatske naprave in sistemi LG\",\"publisher\":{\"@id\":\"https:\\\/\\\/iblo.si\\\/en\\\/#organization\"},\"potentialAction\":[{\"@type\":\"SearchAction\",\"target\":{\"@type\":\"EntryPoint\",\"urlTemplate\":\"https:\\\/\\\/iblo.si\\\/en\\\/?s={search_term_string}\"},\"query-input\":{\"@type\":\"PropertyValueSpecification\",\"valueRequired\":true,\"valueName\":\"search_term_string\"}}],\"inLanguage\":\"en-US\"},{\"@type\":\"Organization\",\"@id\":\"https:\\\/\\\/iblo.si\\\/en\\\/#organization\",\"name\":\"iblo d.o.o.\",\"url\":\"https:\\\/\\\/iblo.si\\\/en\\\/\",\"logo\":{\"@type\":\"ImageObject\",\"inLanguage\":\"en-US\",\"@id\":\"https:\\\/\\\/iblo.si\\\/en\\\/#\\\/schema\\\/logo\\\/image\\\/\",\"url\":\"https:\\\/\\\/i0.wp.com\\\/iblo.si\\\/wp-content\\\/uploads\\\/2020\\\/08\\\/iblo-logo.png?fit=487%2C308&ssl=1\",\"contentUrl\":\"https:\\\/\\\/i0.wp.com\\\/iblo.si\\\/wp-content\\\/uploads\\\/2020\\\/08\\\/iblo-logo.png?fit=487%2C308&ssl=1\",\"width\":487,\"height\":308,\"caption\":\"iblo d.o.o.\"},\"image\":{\"@id\":\"https:\\\/\\\/iblo.si\\\/en\\\/#\\\/schema\\\/logo\\\/image\\\/\"},\"sameAs\":[\"https:\\\/\\\/www.facebook.com\\\/ibloptuj\\\/\"]}]}<\/script>\n<!-- \/ Yoast SEO plugin. -->","yoast_head_json":{"title":"CL12F.N50-Multi, 3,4 kW, kanalska, Low Static Duct, CAC, LG notranja enota - Iblo d.o.o., Ptuj","robots":{"index":"index","follow":"follow","max-snippet":"max-snippet:-1","max-image-preview":"max-image-preview:large","max-video-preview":"max-video-preview:-1"},"canonical":"https:\/\/iblo.si\/en\/izdelek\/notranja-enota-cl12f-n50-kanalska-low-static-duct-cac-multi-2\/","og_locale":"en_US","og_type":"article","og_title":"CL12F.N50-Multi, 3,4 kW, kanalska, Low Static Duct, CAC, LG notranja enota - Iblo d.o.o., Ptuj","og_description":"NOTRANJA ENOTA CL12F.N50Kapaciteta Hlajenje\/Ogrevanje Nazivno kW 3,4\/4,0Priklju\u010dna mo\u010d Visok.\/Sred.\/Nizk. W 21\/15\/13Delovni tok Visok.\/Sred.\/Nizk. A 0,21\/0,16\/0,14Napajanje Faza 1~ Napetost V 220-240 Frekvenca Hz 50Pretok zraka Visok.\/Sred.\/Nizk. m3\/min 11,5\/9,5\/8,0Zvo\u010dni tlak Visok.\/Sred.\/Nizk. dB (A) 35\/30\/27Zvo\u010dna mo\u010d Nazivno dB (A) 55Razvla\u017eevanje l\/uro 0,9Dimenzije V x \u0160 x G mm 900 X 190 X 460Neto te\u017ea kg 18Velikost cevnih priklju\u010dkov [&hellip;]","og_url":"https:\/\/iblo.si\/en\/izdelek\/notranja-enota-cl12f-n50-kanalska-low-static-duct-cac-multi-2\/","og_site_name":"Iblo d.o.o., Ptuj","article_publisher":"https:\/\/www.facebook.com\/ibloptuj\/","article_modified_time":"2026-04-24T04:00:10+00:00","og_image":[{"width":800,"height":800,"url":"https:\/\/iblo.si\/wp-content\/uploads\/2023\/10\/CL12F.N50-Multi-1-243.jpg","type":"image\/jpeg"}],"twitter_card":"summary_large_image","twitter_misc":{"Est. reading time":"1 minute"},"schema":{"@context":"https:\/\/schema.org","@graph":[{"@type":"WebPage","@id":"https:\/\/iblo.si\/en\/izdelek\/notranja-enota-cl12f-n50-kanalska-low-static-duct-cac-multi-2\/","url":"https:\/\/iblo.si\/en\/izdelek\/notranja-enota-cl12f-n50-kanalska-low-static-duct-cac-multi-2\/","name":"CL12F.N50-Multi, 3,4 kW, kanalska, Low Static Duct, CAC, LG notranja enota - Iblo d.o.o., Ptuj","isPartOf":{"@id":"https:\/\/iblo.si\/en\/#website"},"primaryImageOfPage":{"@id":"https:\/\/iblo.si\/en\/izdelek\/notranja-enota-cl12f-n50-kanalska-low-static-duct-cac-multi-2\/#primaryimage"},"image":{"@id":"https:\/\/iblo.si\/en\/izdelek\/notranja-enota-cl12f-n50-kanalska-low-static-duct-cac-multi-2\/#primaryimage"},"thumbnailUrl":"https:\/\/iblo.si\/wp-content\/uploads\/2023\/10\/CL12F.N50-Multi-1-243.jpg","datePublished":"2021-07-06T09:00:21+00:00","dateModified":"2026-04-24T04:00:10+00:00","breadcrumb":{"@id":"https:\/\/iblo.si\/en\/izdelek\/notranja-enota-cl12f-n50-kanalska-low-static-duct-cac-multi-2\/#breadcrumb"},"inLanguage":"en-US","potentialAction":[{"@type":"ReadAction","target":["https:\/\/iblo.si\/en\/izdelek\/notranja-enota-cl12f-n50-kanalska-low-static-duct-cac-multi-2\/"]}]},{"@type":"ImageObject","inLanguage":"en-US","@id":"https:\/\/iblo.si\/en\/izdelek\/notranja-enota-cl12f-n50-kanalska-low-static-duct-cac-multi-2\/#primaryimage","url":"https:\/\/iblo.si\/wp-content\/uploads\/2023\/10\/CL12F.N50-Multi-1-243.jpg","contentUrl":"https:\/\/iblo.si\/wp-content\/uploads\/2023\/10\/CL12F.N50-Multi-1-243.jpg","width":800,"height":800},{"@type":"BreadcrumbList","@id":"https:\/\/iblo.si\/en\/izdelek\/notranja-enota-cl12f-n50-kanalska-low-static-duct-cac-multi-2\/#breadcrumb","itemListElement":[{"@type":"ListItem","position":1,"name":"Home","item":"https:\/\/iblo.si\/en\/"},{"@type":"ListItem","position":2,"name":"Shop","item":"https:\/\/iblo.si\/trgovina\/"},{"@type":"ListItem","position":3,"name":"CL12F.N50-Multi, 3,4 kW, kanalska, Low Static Duct, CAC, LG notranja enota"}]},{"@type":"WebSite","@id":"https:\/\/iblo.si\/en\/#website","url":"https:\/\/iblo.si\/en\/","name":"Iblo d.o.o., Ptuj","description":"Klimatske naprave in sistemi LG","publisher":{"@id":"https:\/\/iblo.si\/en\/#organization"},"potentialAction":[{"@type":"SearchAction","target":{"@type":"EntryPoint","urlTemplate":"https:\/\/iblo.si\/en\/?s={search_term_string}"},"query-input":{"@type":"PropertyValueSpecification","valueRequired":true,"valueName":"search_term_string"}}],"inLanguage":"en-US"},{"@type":"Organization","@id":"https:\/\/iblo.si\/en\/#organization","name":"iblo d.o.o.","url":"https:\/\/iblo.si\/en\/","logo":{"@type":"ImageObject","inLanguage":"en-US","@id":"https:\/\/iblo.si\/en\/#\/schema\/logo\/image\/","url":"https:\/\/i0.wp.com\/iblo.si\/wp-content\/uploads\/2020\/08\/iblo-logo.png?fit=487%2C308&ssl=1","contentUrl":"https:\/\/i0.wp.com\/iblo.si\/wp-content\/uploads\/2020\/08\/iblo-logo.png?fit=487%2C308&ssl=1","width":487,"height":308,"caption":"iblo d.o.o."},"image":{"@id":"https:\/\/iblo.si\/en\/#\/schema\/logo\/image\/"},"sameAs":["https:\/\/www.facebook.com\/ibloptuj\/"]}]}},"_links":{"self":[{"href":"https:\/\/iblo.si\/en\/wp-json\/wp\/v2\/product\/675371","targetHints":{"allow":["GET"]}}],"collection":[{"href":"https:\/\/iblo.si\/en\/wp-json\/wp\/v2\/product"}],"about":[{"href":"https:\/\/iblo.si\/en\/wp-json\/wp\/v2\/types\/product"}],"wp:featuredmedia":[{"embeddable":true,"href":"https:\/\/iblo.si\/en\/wp-json\/wp\/v2\/media\/675372"}],"wp:attachment":[{"href":"https:\/\/iblo.si\/en\/wp-json\/wp\/v2\/media?parent=675371"}],"wp:term":[{"taxonomy":"product_brand","embeddable":true,"href":"https:\/\/iblo.si\/en\/wp-json\/wp\/v2\/product_brand?post=675371"},{"taxonomy":"product_cat","embeddable":true,"href":"https:\/\/iblo.si\/en\/wp-json\/wp\/v2\/product_cat?post=675371"},{"taxonomy":"product_tag","embeddable":true,"href":"https:\/\/iblo.si\/en\/wp-json\/wp\/v2\/product_tag?post=675371"}],"curies":[{"name":"wp","href":"https:\/\/api.w.org\/{rel}","templated":true}]}}