{"id":675627,"date":"2022-06-10T09:00:35","date_gmt":"2022-06-10T07:00:35","guid":{"rendered":"https:\/\/vsi.iblo.si\/product\/klima-naprava-dc09rk-nsj-dc09rk-ul2-25-kw-deluxe\/"},"modified":"2026-04-24T06:00:12","modified_gmt":"2026-04-24T04:00:12","slug":"klima-naprava-dc09rk-nsj-dc09rk-ul2-25-kw-deluxe","status":"publish","type":"product","link":"https:\/\/iblo.si\/en\/izdelek\/klima-naprava-dc09rk-nsj-dc09rk-ul2-25-kw-deluxe\/","title":{"rendered":"DC09RK.NSJ-DC09RK.UL2, LG set, 2,5 kW, DualCool Special DC1"},"content":{"rendered":"<p>NOTRANJA ENOTA    DC09RK NSJ<br \/>Kapaciteta Hlajenje Min.\/Nazivno\/Maks. kW 0,89\/2,50\/3,70<br \/> Ogrevanje Min.\/Nazivno\/Maks. kW 0,89\/3,20\/5,00<br \/> Ogrevanje -7 \u00b0C Nazivno kW 3,2<br \/>Priklju\u010dna mo\u010d Hlajenje\/Ogrevanje Nazivno W 572\/711<br \/>EER   W\/W 4,37<br \/>SEER    7,9<br \/>P dizajn C   kW 2,5<br \/>Koeficient u\u010dinka (COP)   W\/W 4,5<br \/>SCOP  (Povpre\u010dno\/Topleje)  4,60\/5,40<br \/>P dizajn H (Povpre\u010dno \/ Topleje)   kW 2,80\/1,50<br \/>Energijski razred (lestvica A+++ do D) Hlajenje   A++<br \/> Ogrevanje (Povpre\u010dno\/Topleje)  A++\/A++<br \/>Letna poraba energije Hlajenje  kWh 111<br \/> Ogrevanje (Povpre\u010dno\/Topleje) kWh 852\/389<br \/>Zvo\u010dni tlak* Hlajenje SPANJE\/NIZ.\/SRED.\/VISOK. dB (A) 19\/27\/37\/42<br \/> Ogrevanje NIZK.\/SRED.\/VISOK. dB (A) 27\/37\/42<br \/>Zvo\u010dna mo\u010d Hlajenje  dB (A) 60<br \/>Pretok zraka  Hlajenje SPANJE\/NIZ.\/SRED.\/VISOK.\/Maks (Mo\u010d) m3\/min 3,5\/5,5\/9,0<br \/>    11,0\/13,0<br \/> Ogrevanje NIZK.\/SRED.\/VISOK. m3\/min 6,5\/9,0\/11,0<br \/>Razvla\u017eevanje   l\/uro 1,1<br \/>Delovni tok  Hlajenje Min.\/Nazivno\/Maks. A 1,00\/2,50\/6,00<br \/> Ogrevanje Min.\/Nazivno\/Maks. A 1,00\/3,20\/7,00<br \/>Za\u010detni delovni tok Hlajenje\/Ogrevanje Nazivno A 2,50\/3,20<br \/>Napajanje    <br \/> Faza   1~<br \/> Napetost  V 220 ~ 240<br \/> Frekvenca  Hz 50<br \/>Tokovni odklopnik (varovalka)   A 15<br \/>Napajalni kabel   \u0160t. kabl x mm2 3 X 1,0<br \/>Napajalni in drugi kabli   \u0160t. kabl x mm2 4 X 1,0 (vklju\u010dno z ozemljitvijo)<br \/>Dimenzije (\u0160 x V x G)   mm 837 X 308 X 189<br \/>Neto te\u017ea   kg 9,1<br \/>Izhodna mo\u010d ventilatorja   W 30<\/p>\n<p>ZUNANJA ENOTA    DC09RK UL2<br \/>Podro\u010dje delovanja Hlajenje Min.\/Maks. \u00b0C DB  -15\/48<br \/> Ogrevanje Min.\/Maks. \u00b0C DB  -15\/24<br \/>Zvo\u010dni tlak* Hlajenje\/Ogrevanje Vi\u0161ina dB (A) 49\/51<br \/>Zvo\u010dna mo\u010d Hlajenje Vi\u0161ina dB (A) 65<br \/>Pretok zraka  Vi\u0161ina m3\/min 35<br \/>Cevovod Teko\u010dina (zun. enota.\/notr. enota) Min.\/Maks. m  3\/20<br \/> Vi\u0161inska razlika (zun. enota.\/notr. enota) Min.\/Maks. m 10<br \/>Velikost cevnih priklju\u010dkov Teko\u010dina Premer (zunanji) mm (palec) 6,35 (1\/4)<br \/> Plin Premer (zunanji) mm (palec) 9,52 (3\/8)<br \/>Velikost priklju\u010dka drena\u017ene cevi  Premer (zunanji) mm (palec) 21,5 (27\/32)<br \/>Hladilno sredstvo Vrsta   R32<br \/> Napolnjeno pri 7,5 m  kg 0,8<br \/>   t-CO2 ekv. 0,54<br \/> Dodatno polnjenje  g\/m 20<br \/> GWP   675<br \/>Izhodna mo\u010d ventilatorja   W 43<br \/>Vrsta kompresorja (tip)    Dvojni rotacijski inverter<br \/>Neto te\u017ea   kg 34,1<br \/>Dimenzije (\u0160 x V x G)   mm 770 x 545 x 288<\/p>\n<p>PRIBOR IN OSTALO    <br \/>Kompatibilno s sistemom &#8220;multi&#8221;    Da<br \/>PI 485    Da<br \/>Breznapetostni kontakt    Da<br \/>\u017di\u010dni daljinski upravljalnik    Da<\/p>\n","protected":false},"excerpt":{"rendered":"<p>NOTRANJA ENOTA DC09RK NSJKapaciteta Hlajenje Min.\/Nazivno\/Maks. kW 0,89\/2,50\/3,70 Ogrevanje Min.\/Nazivno\/Maks. kW 0,89\/3,20\/5,00 Ogrevanje -7 \u00b0C Nazivno kW 3,2Priklju\u010dna mo\u010d Hlajenje\/Ogrevanje Nazivno W 572\/711EER W\/W 4,37SEER 7,9P dizajn C kW 2,5Koeficient u\u010dinka (COP) W\/W 4,5SCOP (Povpre\u010dno\/Topleje) 4,60\/5,40P dizajn H (Povpre\u010dno \/ Topleje) kW 2,80\/1,50Energijski razred (lestvica A+++ do D) Hlajenje A++ Ogrevanje (Povpre\u010dno\/Topleje) A++\/A++Letna poraba energije [&hellip;]<\/p>\n","protected":false},"featured_media":709506,"template":"","meta":[],"product_brand":[],"product_cat":[334,335,364],"product_tag":[],"class_list":{"0":"post-675627","1":"product","2":"type-product","3":"status-publish","4":"has-post-thumbnail","6":"product_cat-klima-naprave","7":"product_cat-samostojne-naprave","8":"product_cat-stenske-enote-seti","10":"first","11":"instock","12":"taxable","13":"shipping-taxable","14":"purchasable","15":"product-type-simple"},"yoast_head":"<!-- This site is optimized with the Yoast SEO plugin v27.4 - https:\/\/yoast.com\/product\/yoast-seo-wordpress\/ -->\n<title>DC09RK.NSJ-DC09RK.UL2, LG set, 2,5 kW, DualCool Special DC1 - Iblo d.o.o., Ptuj<\/title>\n<meta name=\"robots\" content=\"index, follow, max-snippet:-1, max-image-preview:large, max-video-preview:-1\" \/>\n<link rel=\"canonical\" href=\"https:\/\/iblo.si\/en\/izdelek\/klima-naprava-dc09rk-nsj-dc09rk-ul2-25-kw-deluxe\/\" \/>\n<meta property=\"og:locale\" content=\"en_US\" \/>\n<meta property=\"og:type\" content=\"article\" \/>\n<meta property=\"og:title\" content=\"DC09RK.NSJ-DC09RK.UL2, LG set, 2,5 kW, DualCool Special DC1 - Iblo d.o.o., Ptuj\" \/>\n<meta property=\"og:description\" content=\"NOTRANJA ENOTA DC09RK NSJKapaciteta Hlajenje Min.\/Nazivno\/Maks. kW 0,89\/2,50\/3,70 Ogrevanje Min.\/Nazivno\/Maks. kW 0,89\/3,20\/5,00 Ogrevanje -7 \u00b0C Nazivno kW 3,2Priklju\u010dna mo\u010d Hlajenje\/Ogrevanje Nazivno W 572\/711EER W\/W 4,37SEER 7,9P dizajn C kW 2,5Koeficient u\u010dinka (COP) W\/W 4,5SCOP (Povpre\u010dno\/Topleje) 4,60\/5,40P dizajn H (Povpre\u010dno \/ Topleje) kW 2,80\/1,50Energijski razred (lestvica A+++ do D) Hlajenje A++ Ogrevanje (Povpre\u010dno\/Topleje) A++\/A++Letna poraba energije [&hellip;]\" \/>\n<meta property=\"og:url\" content=\"https:\/\/iblo.si\/en\/izdelek\/klima-naprava-dc09rk-nsj-dc09rk-ul2-25-kw-deluxe\/\" \/>\n<meta property=\"og:site_name\" content=\"Iblo d.o.o., Ptuj\" \/>\n<meta property=\"article:publisher\" content=\"https:\/\/www.facebook.com\/ibloptuj\/\" \/>\n<meta property=\"article:modified_time\" content=\"2026-04-24T04:00:12+00:00\" \/>\n<meta property=\"og:image\" content=\"https:\/\/iblo.si\/wp-content\/uploads\/2022\/06\/DC09RK.NSJ-DC09RK.UL2_-2.jpg\" \/>\n\t<meta property=\"og:image:width\" content=\"800\" \/>\n\t<meta property=\"og:image:height\" content=\"800\" \/>\n\t<meta property=\"og:image:type\" content=\"image\/jpeg\" \/>\n<meta name=\"twitter:card\" content=\"summary_large_image\" \/>\n<meta name=\"twitter:label1\" content=\"Est. reading time\" \/>\n\t<meta name=\"twitter:data1\" content=\"2 minutes\" \/>\n<script type=\"application\/ld+json\" class=\"yoast-schema-graph\">{\"@context\":\"https:\\\/\\\/schema.org\",\"@graph\":[{\"@type\":\"WebPage\",\"@id\":\"https:\\\/\\\/iblo.si\\\/en\\\/izdelek\\\/klima-naprava-dc09rk-nsj-dc09rk-ul2-25-kw-deluxe\\\/\",\"url\":\"https:\\\/\\\/iblo.si\\\/en\\\/izdelek\\\/klima-naprava-dc09rk-nsj-dc09rk-ul2-25-kw-deluxe\\\/\",\"name\":\"DC09RK.NSJ-DC09RK.UL2, LG set, 2,5 kW, DualCool Special DC1 - Iblo d.o.o., Ptuj\",\"isPartOf\":{\"@id\":\"https:\\\/\\\/iblo.si\\\/en\\\/#website\"},\"primaryImageOfPage\":{\"@id\":\"https:\\\/\\\/iblo.si\\\/en\\\/izdelek\\\/klima-naprava-dc09rk-nsj-dc09rk-ul2-25-kw-deluxe\\\/#primaryimage\"},\"image\":{\"@id\":\"https:\\\/\\\/iblo.si\\\/en\\\/izdelek\\\/klima-naprava-dc09rk-nsj-dc09rk-ul2-25-kw-deluxe\\\/#primaryimage\"},\"thumbnailUrl\":\"https:\\\/\\\/iblo.si\\\/wp-content\\\/uploads\\\/2022\\\/06\\\/DC09RK.NSJ-DC09RK.UL2_-2.jpg\",\"datePublished\":\"2022-06-10T07:00:35+00:00\",\"dateModified\":\"2026-04-24T04:00:12+00:00\",\"breadcrumb\":{\"@id\":\"https:\\\/\\\/iblo.si\\\/en\\\/izdelek\\\/klima-naprava-dc09rk-nsj-dc09rk-ul2-25-kw-deluxe\\\/#breadcrumb\"},\"inLanguage\":\"en-US\",\"potentialAction\":[{\"@type\":\"ReadAction\",\"target\":[\"https:\\\/\\\/iblo.si\\\/en\\\/izdelek\\\/klima-naprava-dc09rk-nsj-dc09rk-ul2-25-kw-deluxe\\\/\"]}]},{\"@type\":\"ImageObject\",\"inLanguage\":\"en-US\",\"@id\":\"https:\\\/\\\/iblo.si\\\/en\\\/izdelek\\\/klima-naprava-dc09rk-nsj-dc09rk-ul2-25-kw-deluxe\\\/#primaryimage\",\"url\":\"https:\\\/\\\/iblo.si\\\/wp-content\\\/uploads\\\/2022\\\/06\\\/DC09RK.NSJ-DC09RK.UL2_-2.jpg\",\"contentUrl\":\"https:\\\/\\\/iblo.si\\\/wp-content\\\/uploads\\\/2022\\\/06\\\/DC09RK.NSJ-DC09RK.UL2_-2.jpg\",\"width\":800,\"height\":800},{\"@type\":\"BreadcrumbList\",\"@id\":\"https:\\\/\\\/iblo.si\\\/en\\\/izdelek\\\/klima-naprava-dc09rk-nsj-dc09rk-ul2-25-kw-deluxe\\\/#breadcrumb\",\"itemListElement\":[{\"@type\":\"ListItem\",\"position\":1,\"name\":\"Home\",\"item\":\"https:\\\/\\\/iblo.si\\\/en\\\/\"},{\"@type\":\"ListItem\",\"position\":2,\"name\":\"Shop\",\"item\":\"https:\\\/\\\/iblo.si\\\/trgovina\\\/\"},{\"@type\":\"ListItem\",\"position\":3,\"name\":\"DC09RK.NSJ-DC09RK.UL2, LG set, 2,5 kW, DualCool Special DC1\"}]},{\"@type\":\"WebSite\",\"@id\":\"https:\\\/\\\/iblo.si\\\/en\\\/#website\",\"url\":\"https:\\\/\\\/iblo.si\\\/en\\\/\",\"name\":\"Iblo d.o.o., Ptuj\",\"description\":\"Klimatske naprave in sistemi LG\",\"publisher\":{\"@id\":\"https:\\\/\\\/iblo.si\\\/en\\\/#organization\"},\"potentialAction\":[{\"@type\":\"SearchAction\",\"target\":{\"@type\":\"EntryPoint\",\"urlTemplate\":\"https:\\\/\\\/iblo.si\\\/en\\\/?s={search_term_string}\"},\"query-input\":{\"@type\":\"PropertyValueSpecification\",\"valueRequired\":true,\"valueName\":\"search_term_string\"}}],\"inLanguage\":\"en-US\"},{\"@type\":\"Organization\",\"@id\":\"https:\\\/\\\/iblo.si\\\/en\\\/#organization\",\"name\":\"iblo d.o.o.\",\"url\":\"https:\\\/\\\/iblo.si\\\/en\\\/\",\"logo\":{\"@type\":\"ImageObject\",\"inLanguage\":\"en-US\",\"@id\":\"https:\\\/\\\/iblo.si\\\/en\\\/#\\\/schema\\\/logo\\\/image\\\/\",\"url\":\"https:\\\/\\\/i0.wp.com\\\/iblo.si\\\/wp-content\\\/uploads\\\/2020\\\/08\\\/iblo-logo.png?fit=487%2C308&ssl=1\",\"contentUrl\":\"https:\\\/\\\/i0.wp.com\\\/iblo.si\\\/wp-content\\\/uploads\\\/2020\\\/08\\\/iblo-logo.png?fit=487%2C308&ssl=1\",\"width\":487,\"height\":308,\"caption\":\"iblo d.o.o.\"},\"image\":{\"@id\":\"https:\\\/\\\/iblo.si\\\/en\\\/#\\\/schema\\\/logo\\\/image\\\/\"},\"sameAs\":[\"https:\\\/\\\/www.facebook.com\\\/ibloptuj\\\/\"]}]}<\/script>\n<!-- \/ Yoast SEO plugin. -->","yoast_head_json":{"title":"DC09RK.NSJ-DC09RK.UL2, LG set, 2,5 kW, DualCool Special DC1 - Iblo d.o.o., Ptuj","robots":{"index":"index","follow":"follow","max-snippet":"max-snippet:-1","max-image-preview":"max-image-preview:large","max-video-preview":"max-video-preview:-1"},"canonical":"https:\/\/iblo.si\/en\/izdelek\/klima-naprava-dc09rk-nsj-dc09rk-ul2-25-kw-deluxe\/","og_locale":"en_US","og_type":"article","og_title":"DC09RK.NSJ-DC09RK.UL2, LG set, 2,5 kW, DualCool Special DC1 - Iblo d.o.o., Ptuj","og_description":"NOTRANJA ENOTA DC09RK NSJKapaciteta Hlajenje Min.\/Nazivno\/Maks. kW 0,89\/2,50\/3,70 Ogrevanje Min.\/Nazivno\/Maks. kW 0,89\/3,20\/5,00 Ogrevanje -7 \u00b0C Nazivno kW 3,2Priklju\u010dna mo\u010d Hlajenje\/Ogrevanje Nazivno W 572\/711EER W\/W 4,37SEER 7,9P dizajn C kW 2,5Koeficient u\u010dinka (COP) W\/W 4,5SCOP (Povpre\u010dno\/Topleje) 4,60\/5,40P dizajn H (Povpre\u010dno \/ Topleje) kW 2,80\/1,50Energijski razred (lestvica A+++ do D) Hlajenje A++ Ogrevanje (Povpre\u010dno\/Topleje) A++\/A++Letna poraba energije [&hellip;]","og_url":"https:\/\/iblo.si\/en\/izdelek\/klima-naprava-dc09rk-nsj-dc09rk-ul2-25-kw-deluxe\/","og_site_name":"Iblo d.o.o., Ptuj","article_publisher":"https:\/\/www.facebook.com\/ibloptuj\/","article_modified_time":"2026-04-24T04:00:12+00:00","og_image":[{"width":800,"height":800,"url":"https:\/\/iblo.si\/wp-content\/uploads\/2022\/06\/DC09RK.NSJ-DC09RK.UL2_-2.jpg","type":"image\/jpeg"}],"twitter_card":"summary_large_image","twitter_misc":{"Est. reading time":"2 minutes"},"schema":{"@context":"https:\/\/schema.org","@graph":[{"@type":"WebPage","@id":"https:\/\/iblo.si\/en\/izdelek\/klima-naprava-dc09rk-nsj-dc09rk-ul2-25-kw-deluxe\/","url":"https:\/\/iblo.si\/en\/izdelek\/klima-naprava-dc09rk-nsj-dc09rk-ul2-25-kw-deluxe\/","name":"DC09RK.NSJ-DC09RK.UL2, LG set, 2,5 kW, DualCool Special DC1 - Iblo d.o.o., Ptuj","isPartOf":{"@id":"https:\/\/iblo.si\/en\/#website"},"primaryImageOfPage":{"@id":"https:\/\/iblo.si\/en\/izdelek\/klima-naprava-dc09rk-nsj-dc09rk-ul2-25-kw-deluxe\/#primaryimage"},"image":{"@id":"https:\/\/iblo.si\/en\/izdelek\/klima-naprava-dc09rk-nsj-dc09rk-ul2-25-kw-deluxe\/#primaryimage"},"thumbnailUrl":"https:\/\/iblo.si\/wp-content\/uploads\/2022\/06\/DC09RK.NSJ-DC09RK.UL2_-2.jpg","datePublished":"2022-06-10T07:00:35+00:00","dateModified":"2026-04-24T04:00:12+00:00","breadcrumb":{"@id":"https:\/\/iblo.si\/en\/izdelek\/klima-naprava-dc09rk-nsj-dc09rk-ul2-25-kw-deluxe\/#breadcrumb"},"inLanguage":"en-US","potentialAction":[{"@type":"ReadAction","target":["https:\/\/iblo.si\/en\/izdelek\/klima-naprava-dc09rk-nsj-dc09rk-ul2-25-kw-deluxe\/"]}]},{"@type":"ImageObject","inLanguage":"en-US","@id":"https:\/\/iblo.si\/en\/izdelek\/klima-naprava-dc09rk-nsj-dc09rk-ul2-25-kw-deluxe\/#primaryimage","url":"https:\/\/iblo.si\/wp-content\/uploads\/2022\/06\/DC09RK.NSJ-DC09RK.UL2_-2.jpg","contentUrl":"https:\/\/iblo.si\/wp-content\/uploads\/2022\/06\/DC09RK.NSJ-DC09RK.UL2_-2.jpg","width":800,"height":800},{"@type":"BreadcrumbList","@id":"https:\/\/iblo.si\/en\/izdelek\/klima-naprava-dc09rk-nsj-dc09rk-ul2-25-kw-deluxe\/#breadcrumb","itemListElement":[{"@type":"ListItem","position":1,"name":"Home","item":"https:\/\/iblo.si\/en\/"},{"@type":"ListItem","position":2,"name":"Shop","item":"https:\/\/iblo.si\/trgovina\/"},{"@type":"ListItem","position":3,"name":"DC09RK.NSJ-DC09RK.UL2, LG set, 2,5 kW, DualCool Special DC1"}]},{"@type":"WebSite","@id":"https:\/\/iblo.si\/en\/#website","url":"https:\/\/iblo.si\/en\/","name":"Iblo d.o.o., Ptuj","description":"Klimatske naprave in sistemi LG","publisher":{"@id":"https:\/\/iblo.si\/en\/#organization"},"potentialAction":[{"@type":"SearchAction","target":{"@type":"EntryPoint","urlTemplate":"https:\/\/iblo.si\/en\/?s={search_term_string}"},"query-input":{"@type":"PropertyValueSpecification","valueRequired":true,"valueName":"search_term_string"}}],"inLanguage":"en-US"},{"@type":"Organization","@id":"https:\/\/iblo.si\/en\/#organization","name":"iblo d.o.o.","url":"https:\/\/iblo.si\/en\/","logo":{"@type":"ImageObject","inLanguage":"en-US","@id":"https:\/\/iblo.si\/en\/#\/schema\/logo\/image\/","url":"https:\/\/i0.wp.com\/iblo.si\/wp-content\/uploads\/2020\/08\/iblo-logo.png?fit=487%2C308&ssl=1","contentUrl":"https:\/\/i0.wp.com\/iblo.si\/wp-content\/uploads\/2020\/08\/iblo-logo.png?fit=487%2C308&ssl=1","width":487,"height":308,"caption":"iblo d.o.o."},"image":{"@id":"https:\/\/iblo.si\/en\/#\/schema\/logo\/image\/"},"sameAs":["https:\/\/www.facebook.com\/ibloptuj\/"]}]}},"_links":{"self":[{"href":"https:\/\/iblo.si\/en\/wp-json\/wp\/v2\/product\/675627","targetHints":{"allow":["GET"]}}],"collection":[{"href":"https:\/\/iblo.si\/en\/wp-json\/wp\/v2\/product"}],"about":[{"href":"https:\/\/iblo.si\/en\/wp-json\/wp\/v2\/types\/product"}],"wp:featuredmedia":[{"embeddable":true,"href":"https:\/\/iblo.si\/en\/wp-json\/wp\/v2\/media\/709506"}],"wp:attachment":[{"href":"https:\/\/iblo.si\/en\/wp-json\/wp\/v2\/media?parent=675627"}],"wp:term":[{"taxonomy":"product_brand","embeddable":true,"href":"https:\/\/iblo.si\/en\/wp-json\/wp\/v2\/product_brand?post=675627"},{"taxonomy":"product_cat","embeddable":true,"href":"https:\/\/iblo.si\/en\/wp-json\/wp\/v2\/product_cat?post=675627"},{"taxonomy":"product_tag","embeddable":true,"href":"https:\/\/iblo.si\/en\/wp-json\/wp\/v2\/product_tag?post=675627"}],"curies":[{"name":"wp","href":"https:\/\/api.w.org\/{rel}","templated":true}]}}