{"id":706829,"date":"2025-05-08T18:00:10","date_gmt":"2025-05-08T16:00:10","guid":{"rendered":"https:\/\/iblo.si\/product\/ac18bk-nsk-multi\/"},"modified":"2026-04-24T06:00:10","modified_gmt":"2026-04-24T04:00:10","slug":"ac18bk-nsk-multi","status":"publish","type":"product","link":"https:\/\/iblo.si\/en\/izdelek\/ac18bk-nsk-multi\/","title":{"rendered":"AC18BK.NSK-Multi, 5,0 kW, ArtCool Mirror \u010crna, LG notranja enota"},"content":{"rendered":"<p>NOTRANJA ENOTA    AC18BK.NSK<br \/>Dimenzije (\u0160 x V x G)  Neto mm 998 X 345 X 212<br \/>  Po\u0161iljanje mm 1.053 X 424 X 278<br \/>Te\u017ea  Neto kg 12,8<br \/>Vrsta zra\u010dnega filtra    Predfilter (pralni),<br \/>    Alergijski filter<br \/>Pretok zraka Hlajenje Zelo vis.\/Vis.\/Sred.\/Niz. m3\/min 15,5\/14,5\/13,0\/10,5<br \/> Ogrevanje Zelo vis.\/Vis.\/Sred.\/Niz. m3\/min  18,5\/16,0\/13,5\/11,0<br \/>Raven zvo\u010dnega tlaka Hlajenje Zelo vis.\/Vis.Sred.\/Niz.\/Zelo niz. dB (A)  47\/44\/39\/34\/31<br \/> Ogrevanje Zelo vis.\/Vis.\/Sred.\/Niz. dB (A) 48\/44\/39\/34<br \/>Raven zvo\u010dne mo\u010di   dB (A) 60<br \/>Razvla\u017eevanje   l\/uro 1,8<br \/>Velikost priklju\u010dka drena\u017ene cevi  Zun. e., Not. e.  mm 21,5 16<br \/>Mo\u010d Hlajenje Min. ~ Nom. ~ Maks. kW 0,9\/5,0\/5,5<br \/> Ogrevanje Min. ~ Nom. ~ Maks. kW 0,9\/5,8\/6,4<br \/> Ogrevanje -7 \u00b0C Maks. kW 4,2<br \/>Priklju\u010dna mo\u010d Hlajenje Min. ~ Nom. ~ Maks. W 210\/1.562\/1.940<br \/> Ogrevanje Min. ~ Nom. ~ Maks. W 210\/1.611\/2.000<br \/>Delovni tok Hlajenje Min. ~ Nom. ~ Maks. A 1,2\/6,9\/9,0<br \/> Ogrevanje Min. ~ Nom. ~ Maks. A 1,2\/7,1\/9,5<br \/>EER   W\/W 3,2<br \/>SEER   &#8211; 7<br \/>Koeficient u\u010dinka (COP)   W\/W 3,6<br \/>SCOP (Povpre\u010dno\/Topleje)   &#8211; 4,3 (5,3)<br \/>P dizajn C\/P dizajn H   kW 5,0\/3,9<br \/>Energijski razred (lestvica A+++ do D)  Hlajenje &#8211; A++<br \/>  Ogrevanje (Povpre\u010dno\/Topleje) &#8211; A+ (A+++)<br \/>Letna poraba energije  Hlajenje kWh 250<br \/>  Ogrevanje (Povpre\u010dno\/Topleje) kWh 1.270 (555)<\/p>\n<p>PRIBOR IN OSTALO    <br \/>Kompatibilno s sistemom &#8220;multi&#8221;    Da<br \/>PI 485    Da<br \/>Breznapetostni kontakt    Da<br \/>\u017di\u010dni daljinski upravljalnik    Da<\/p>\n","protected":false},"excerpt":{"rendered":"<p>NOTRANJA ENOTA AC18BK.NSKDimenzije (\u0160 x V x G) Neto mm 998 X 345 X 212 Po\u0161iljanje mm 1.053 X 424 X 278Te\u017ea Neto kg 12,8Vrsta zra\u010dnega filtra Predfilter (pralni), Alergijski filterPretok zraka Hlajenje Zelo vis.\/Vis.\/Sred.\/Niz. m3\/min 15,5\/14,5\/13,0\/10,5 Ogrevanje Zelo vis.\/Vis.\/Sred.\/Niz. m3\/min 18,5\/16,0\/13,5\/11,0Raven zvo\u010dnega tlaka Hlajenje Zelo vis.\/Vis.Sred.\/Niz.\/Zelo niz. dB (A) 47\/44\/39\/34\/31 Ogrevanje Zelo vis.\/Vis.\/Sred.\/Niz. dB [&hellip;]<\/p>\n","protected":false},"featured_media":707924,"template":"","meta":[],"product_brand":[],"product_cat":[334,337,400],"product_tag":[],"class_list":{"0":"post-706829","1":"product","2":"type-product","3":"status-publish","4":"has-post-thumbnail","6":"product_cat-klima-naprave","7":"product_cat-multi-split-naprave","8":"product_cat-multisplit-stenske-enote","10":"first","11":"instock","12":"taxable","13":"shipping-taxable","14":"purchasable","15":"product-type-simple"},"yoast_head":"<!-- This site is optimized with the Yoast SEO plugin v27.4 - https:\/\/yoast.com\/product\/yoast-seo-wordpress\/ -->\n<title>AC18BK.NSK-Multi, 5,0 kW, ArtCool Mirror \u010crna, LG notranja enota - Iblo d.o.o., Ptuj<\/title>\n<meta name=\"robots\" content=\"index, follow, max-snippet:-1, max-image-preview:large, max-video-preview:-1\" \/>\n<link rel=\"canonical\" href=\"https:\/\/iblo.si\/en\/izdelek\/ac18bk-nsk-multi\/\" \/>\n<meta property=\"og:locale\" content=\"en_US\" \/>\n<meta property=\"og:type\" content=\"article\" \/>\n<meta property=\"og:title\" content=\"AC18BK.NSK-Multi, 5,0 kW, ArtCool Mirror \u010crna, LG notranja enota - Iblo d.o.o., Ptuj\" \/>\n<meta property=\"og:description\" content=\"NOTRANJA ENOTA AC18BK.NSKDimenzije (\u0160 x V x G) Neto mm 998 X 345 X 212 Po\u0161iljanje mm 1.053 X 424 X 278Te\u017ea Neto kg 12,8Vrsta zra\u010dnega filtra Predfilter (pralni), Alergijski filterPretok zraka Hlajenje Zelo vis.\/Vis.\/Sred.\/Niz. m3\/min 15,5\/14,5\/13,0\/10,5 Ogrevanje Zelo vis.\/Vis.\/Sred.\/Niz. m3\/min 18,5\/16,0\/13,5\/11,0Raven zvo\u010dnega tlaka Hlajenje Zelo vis.\/Vis.Sred.\/Niz.\/Zelo niz. dB (A) 47\/44\/39\/34\/31 Ogrevanje Zelo vis.\/Vis.\/Sred.\/Niz. dB [&hellip;]\" \/>\n<meta property=\"og:url\" content=\"https:\/\/iblo.si\/en\/izdelek\/ac18bk-nsk-multi\/\" \/>\n<meta property=\"og:site_name\" content=\"Iblo d.o.o., Ptuj\" \/>\n<meta property=\"article:publisher\" content=\"https:\/\/www.facebook.com\/ibloptuj\/\" \/>\n<meta property=\"article:modified_time\" content=\"2026-04-24T04:00:10+00:00\" \/>\n<meta property=\"og:image\" content=\"https:\/\/iblo.si\/wp-content\/uploads\/2025\/05\/AC18BK.NSK-Multi-1.jpg\" \/>\n\t<meta property=\"og:image:width\" content=\"800\" \/>\n\t<meta property=\"og:image:height\" content=\"800\" \/>\n\t<meta property=\"og:image:type\" content=\"image\/jpeg\" \/>\n<meta name=\"twitter:card\" content=\"summary_large_image\" \/>\n<meta name=\"twitter:label1\" content=\"Est. reading time\" \/>\n\t<meta name=\"twitter:data1\" content=\"1 minute\" \/>\n<script type=\"application\/ld+json\" class=\"yoast-schema-graph\">{\"@context\":\"https:\\\/\\\/schema.org\",\"@graph\":[{\"@type\":\"WebPage\",\"@id\":\"https:\\\/\\\/iblo.si\\\/en\\\/izdelek\\\/ac18bk-nsk-multi\\\/\",\"url\":\"https:\\\/\\\/iblo.si\\\/en\\\/izdelek\\\/ac18bk-nsk-multi\\\/\",\"name\":\"AC18BK.NSK-Multi, 5,0 kW, ArtCool Mirror \u010crna, LG notranja enota - Iblo d.o.o., Ptuj\",\"isPartOf\":{\"@id\":\"https:\\\/\\\/iblo.si\\\/en\\\/#website\"},\"primaryImageOfPage\":{\"@id\":\"https:\\\/\\\/iblo.si\\\/en\\\/izdelek\\\/ac18bk-nsk-multi\\\/#primaryimage\"},\"image\":{\"@id\":\"https:\\\/\\\/iblo.si\\\/en\\\/izdelek\\\/ac18bk-nsk-multi\\\/#primaryimage\"},\"thumbnailUrl\":\"https:\\\/\\\/iblo.si\\\/wp-content\\\/uploads\\\/2025\\\/05\\\/AC18BK.NSK-Multi-1.jpg\",\"datePublished\":\"2025-05-08T16:00:10+00:00\",\"dateModified\":\"2026-04-24T04:00:10+00:00\",\"breadcrumb\":{\"@id\":\"https:\\\/\\\/iblo.si\\\/en\\\/izdelek\\\/ac18bk-nsk-multi\\\/#breadcrumb\"},\"inLanguage\":\"en-US\",\"potentialAction\":[{\"@type\":\"ReadAction\",\"target\":[\"https:\\\/\\\/iblo.si\\\/en\\\/izdelek\\\/ac18bk-nsk-multi\\\/\"]}]},{\"@type\":\"ImageObject\",\"inLanguage\":\"en-US\",\"@id\":\"https:\\\/\\\/iblo.si\\\/en\\\/izdelek\\\/ac18bk-nsk-multi\\\/#primaryimage\",\"url\":\"https:\\\/\\\/iblo.si\\\/wp-content\\\/uploads\\\/2025\\\/05\\\/AC18BK.NSK-Multi-1.jpg\",\"contentUrl\":\"https:\\\/\\\/iblo.si\\\/wp-content\\\/uploads\\\/2025\\\/05\\\/AC18BK.NSK-Multi-1.jpg\",\"width\":800,\"height\":800},{\"@type\":\"BreadcrumbList\",\"@id\":\"https:\\\/\\\/iblo.si\\\/en\\\/izdelek\\\/ac18bk-nsk-multi\\\/#breadcrumb\",\"itemListElement\":[{\"@type\":\"ListItem\",\"position\":1,\"name\":\"Home\",\"item\":\"https:\\\/\\\/iblo.si\\\/en\\\/\"},{\"@type\":\"ListItem\",\"position\":2,\"name\":\"Shop\",\"item\":\"https:\\\/\\\/iblo.si\\\/trgovina\\\/\"},{\"@type\":\"ListItem\",\"position\":3,\"name\":\"AC18BK.NSK-Multi, 5,0 kW, ArtCool Mirror \u010crna, LG notranja enota\"}]},{\"@type\":\"WebSite\",\"@id\":\"https:\\\/\\\/iblo.si\\\/en\\\/#website\",\"url\":\"https:\\\/\\\/iblo.si\\\/en\\\/\",\"name\":\"Iblo d.o.o., Ptuj\",\"description\":\"Klimatske naprave in sistemi LG\",\"publisher\":{\"@id\":\"https:\\\/\\\/iblo.si\\\/en\\\/#organization\"},\"potentialAction\":[{\"@type\":\"SearchAction\",\"target\":{\"@type\":\"EntryPoint\",\"urlTemplate\":\"https:\\\/\\\/iblo.si\\\/en\\\/?s={search_term_string}\"},\"query-input\":{\"@type\":\"PropertyValueSpecification\",\"valueRequired\":true,\"valueName\":\"search_term_string\"}}],\"inLanguage\":\"en-US\"},{\"@type\":\"Organization\",\"@id\":\"https:\\\/\\\/iblo.si\\\/en\\\/#organization\",\"name\":\"iblo d.o.o.\",\"url\":\"https:\\\/\\\/iblo.si\\\/en\\\/\",\"logo\":{\"@type\":\"ImageObject\",\"inLanguage\":\"en-US\",\"@id\":\"https:\\\/\\\/iblo.si\\\/en\\\/#\\\/schema\\\/logo\\\/image\\\/\",\"url\":\"https:\\\/\\\/i0.wp.com\\\/iblo.si\\\/wp-content\\\/uploads\\\/2020\\\/08\\\/iblo-logo.png?fit=487%2C308&ssl=1\",\"contentUrl\":\"https:\\\/\\\/i0.wp.com\\\/iblo.si\\\/wp-content\\\/uploads\\\/2020\\\/08\\\/iblo-logo.png?fit=487%2C308&ssl=1\",\"width\":487,\"height\":308,\"caption\":\"iblo d.o.o.\"},\"image\":{\"@id\":\"https:\\\/\\\/iblo.si\\\/en\\\/#\\\/schema\\\/logo\\\/image\\\/\"},\"sameAs\":[\"https:\\\/\\\/www.facebook.com\\\/ibloptuj\\\/\"]}]}<\/script>\n<!-- \/ Yoast SEO plugin. -->","yoast_head_json":{"title":"AC18BK.NSK-Multi, 5,0 kW, ArtCool Mirror \u010crna, LG notranja enota - Iblo d.o.o., Ptuj","robots":{"index":"index","follow":"follow","max-snippet":"max-snippet:-1","max-image-preview":"max-image-preview:large","max-video-preview":"max-video-preview:-1"},"canonical":"https:\/\/iblo.si\/en\/izdelek\/ac18bk-nsk-multi\/","og_locale":"en_US","og_type":"article","og_title":"AC18BK.NSK-Multi, 5,0 kW, ArtCool Mirror \u010crna, LG notranja enota - Iblo d.o.o., Ptuj","og_description":"NOTRANJA ENOTA AC18BK.NSKDimenzije (\u0160 x V x G) Neto mm 998 X 345 X 212 Po\u0161iljanje mm 1.053 X 424 X 278Te\u017ea Neto kg 12,8Vrsta zra\u010dnega filtra Predfilter (pralni), Alergijski filterPretok zraka Hlajenje Zelo vis.\/Vis.\/Sred.\/Niz. m3\/min 15,5\/14,5\/13,0\/10,5 Ogrevanje Zelo vis.\/Vis.\/Sred.\/Niz. m3\/min 18,5\/16,0\/13,5\/11,0Raven zvo\u010dnega tlaka Hlajenje Zelo vis.\/Vis.Sred.\/Niz.\/Zelo niz. dB (A) 47\/44\/39\/34\/31 Ogrevanje Zelo vis.\/Vis.\/Sred.\/Niz. dB [&hellip;]","og_url":"https:\/\/iblo.si\/en\/izdelek\/ac18bk-nsk-multi\/","og_site_name":"Iblo d.o.o., Ptuj","article_publisher":"https:\/\/www.facebook.com\/ibloptuj\/","article_modified_time":"2026-04-24T04:00:10+00:00","og_image":[{"width":800,"height":800,"url":"https:\/\/iblo.si\/wp-content\/uploads\/2025\/05\/AC18BK.NSK-Multi-1.jpg","type":"image\/jpeg"}],"twitter_card":"summary_large_image","twitter_misc":{"Est. reading time":"1 minute"},"schema":{"@context":"https:\/\/schema.org","@graph":[{"@type":"WebPage","@id":"https:\/\/iblo.si\/en\/izdelek\/ac18bk-nsk-multi\/","url":"https:\/\/iblo.si\/en\/izdelek\/ac18bk-nsk-multi\/","name":"AC18BK.NSK-Multi, 5,0 kW, ArtCool Mirror \u010crna, LG notranja enota - Iblo d.o.o., Ptuj","isPartOf":{"@id":"https:\/\/iblo.si\/en\/#website"},"primaryImageOfPage":{"@id":"https:\/\/iblo.si\/en\/izdelek\/ac18bk-nsk-multi\/#primaryimage"},"image":{"@id":"https:\/\/iblo.si\/en\/izdelek\/ac18bk-nsk-multi\/#primaryimage"},"thumbnailUrl":"https:\/\/iblo.si\/wp-content\/uploads\/2025\/05\/AC18BK.NSK-Multi-1.jpg","datePublished":"2025-05-08T16:00:10+00:00","dateModified":"2026-04-24T04:00:10+00:00","breadcrumb":{"@id":"https:\/\/iblo.si\/en\/izdelek\/ac18bk-nsk-multi\/#breadcrumb"},"inLanguage":"en-US","potentialAction":[{"@type":"ReadAction","target":["https:\/\/iblo.si\/en\/izdelek\/ac18bk-nsk-multi\/"]}]},{"@type":"ImageObject","inLanguage":"en-US","@id":"https:\/\/iblo.si\/en\/izdelek\/ac18bk-nsk-multi\/#primaryimage","url":"https:\/\/iblo.si\/wp-content\/uploads\/2025\/05\/AC18BK.NSK-Multi-1.jpg","contentUrl":"https:\/\/iblo.si\/wp-content\/uploads\/2025\/05\/AC18BK.NSK-Multi-1.jpg","width":800,"height":800},{"@type":"BreadcrumbList","@id":"https:\/\/iblo.si\/en\/izdelek\/ac18bk-nsk-multi\/#breadcrumb","itemListElement":[{"@type":"ListItem","position":1,"name":"Home","item":"https:\/\/iblo.si\/en\/"},{"@type":"ListItem","position":2,"name":"Shop","item":"https:\/\/iblo.si\/trgovina\/"},{"@type":"ListItem","position":3,"name":"AC18BK.NSK-Multi, 5,0 kW, ArtCool Mirror \u010crna, LG notranja enota"}]},{"@type":"WebSite","@id":"https:\/\/iblo.si\/en\/#website","url":"https:\/\/iblo.si\/en\/","name":"Iblo d.o.o., Ptuj","description":"Klimatske naprave in sistemi LG","publisher":{"@id":"https:\/\/iblo.si\/en\/#organization"},"potentialAction":[{"@type":"SearchAction","target":{"@type":"EntryPoint","urlTemplate":"https:\/\/iblo.si\/en\/?s={search_term_string}"},"query-input":{"@type":"PropertyValueSpecification","valueRequired":true,"valueName":"search_term_string"}}],"inLanguage":"en-US"},{"@type":"Organization","@id":"https:\/\/iblo.si\/en\/#organization","name":"iblo d.o.o.","url":"https:\/\/iblo.si\/en\/","logo":{"@type":"ImageObject","inLanguage":"en-US","@id":"https:\/\/iblo.si\/en\/#\/schema\/logo\/image\/","url":"https:\/\/i0.wp.com\/iblo.si\/wp-content\/uploads\/2020\/08\/iblo-logo.png?fit=487%2C308&ssl=1","contentUrl":"https:\/\/i0.wp.com\/iblo.si\/wp-content\/uploads\/2020\/08\/iblo-logo.png?fit=487%2C308&ssl=1","width":487,"height":308,"caption":"iblo d.o.o."},"image":{"@id":"https:\/\/iblo.si\/en\/#\/schema\/logo\/image\/"},"sameAs":["https:\/\/www.facebook.com\/ibloptuj\/"]}]}},"_links":{"self":[{"href":"https:\/\/iblo.si\/en\/wp-json\/wp\/v2\/product\/706829","targetHints":{"allow":["GET"]}}],"collection":[{"href":"https:\/\/iblo.si\/en\/wp-json\/wp\/v2\/product"}],"about":[{"href":"https:\/\/iblo.si\/en\/wp-json\/wp\/v2\/types\/product"}],"wp:featuredmedia":[{"embeddable":true,"href":"https:\/\/iblo.si\/en\/wp-json\/wp\/v2\/media\/707924"}],"wp:attachment":[{"href":"https:\/\/iblo.si\/en\/wp-json\/wp\/v2\/media?parent=706829"}],"wp:term":[{"taxonomy":"product_brand","embeddable":true,"href":"https:\/\/iblo.si\/en\/wp-json\/wp\/v2\/product_brand?post=706829"},{"taxonomy":"product_cat","embeddable":true,"href":"https:\/\/iblo.si\/en\/wp-json\/wp\/v2\/product_cat?post=706829"},{"taxonomy":"product_tag","embeddable":true,"href":"https:\/\/iblo.si\/en\/wp-json\/wp\/v2\/product_tag?post=706829"}],"curies":[{"name":"wp","href":"https:\/\/api.w.org\/{rel}","templated":true}]}}