{"id":706843,"date":"2025-05-13T18:00:07","date_gmt":"2025-05-13T16:00:07","guid":{"rendered":"https:\/\/iblo.si\/product\/a09ga2-nse-multi\/"},"modified":"2026-04-30T06:00:06","modified_gmt":"2026-04-30T04:00:06","slug":"a09ga2-nse-multi","status":"publish","type":"product","link":"https:\/\/iblo.si\/en\/izdelek\/a09ga2-nse-multi\/","title":{"rendered":"A09GA2.NSE-Multi, 2,5 kW, ArtCool Gallery Premium (LCD), LG notranja enota"},"content":{"rendered":"<p>KLJU\u010cNE ZNA\u010cILNOSTI:<\/p>\n<p>Notranja enota v obliki okvirja<br \/>68 cm zaslon Full HD<br \/>Nalaganje fotografij<br \/>Mirroring &#8211; prenos vsebine s telefona na ekran klima naprave (npr. slike, videe, \u2026)<br \/>3-smerni indirektni pretok zraka<br \/>DUAL kompresor<\/p>\n<p>NOTRANJA ENOTA    A09GA2.NSE<\/p>\n<p>Dimenzije (\u0160 x V x G)  Neto mm 652 X 158 X 652<br \/>  Po\u0161iljanje mm 744 X 235 X 736<br \/>Te\u017ea  Neto kg 20<br \/>Vrsta zra\u010dnega filtra    Predfilter (ki ga je mogo\u010de prati)<br \/>Pretok zraka Hlajenje Zelo vis.\/Vis.\/Sred.\/Niz. m3\/min 11,0\/10,0\/8,0\/6,0<br \/> Ogrevanje Zelo vis.\/Vis.\/Sred.\/Niz. m3\/min 11,0\/10,0\/8,0\/6,0<br \/>Raven zvo\u010dnega tlaka Hlajenje Zelo vis.\/Vis.Sred.\/Niz.\/Zelo niz. dB (A)  -\/ 42\/36\/28\/20<br \/> Ogrevanje Zelo vis.\/Vis.\/Sred.\/Niz. dB (A)  &#8211; \/42\/36\/28<br \/>Raven zvo\u010dne mo\u010di   dB (A) 60<br \/>Razvla\u017eevanje   l\/uro 1,1<br \/>Velikost priklju\u010dka drena\u017ene cevi  Zun. e., Not. e.  mm 21,5 16<\/p>\n<p>Mo\u010d Hlajenje Min. ~ Nom. ~ Maks. kW 0,89\/2,6\/3,7<br \/> Ogrevanje Min. ~ Nom. ~ Maks. kW 0,89\/3,3\/4,1<br \/> Ogrevanje -7 \u00b0C  Maks. kW 2,6<br \/>Priklju\u010dna mo\u010d Hlajenje Min. ~ Nom. ~ Maks. W 200\/623\/1.400<br \/> Ogrevanje Min. ~ Nom. ~ Maks. W 200\/808\/1.650<br \/>Delovni tok Hlajenje Min. ~ Nom. ~ Maks. A 1,1\/3,0\/6,0<br \/> Ogrevanje Min. ~ Nom. ~ Maks. A 1,1\/3,7\/7,2<br \/>EER   W\/W 4,17<br \/>SEER   &#8211; 7,3<br \/>Koeficient u\u010dinka (COP)   W\/W 4,08<br \/>SCOP (Povpre\u010dno\/Topleje)   &#8211; 4,3 (5,0)<br \/>P dizajn C\/P dizajn H   kW 2,6\/2,8<br \/>Energijski razred (lestvica A+++ do D)  Hlajenje &#8211; A++<br \/>  Ogrevanje (Povpre\u010dno\/Topleje) &#8211; A+ (A++)<br \/>Letna poraba energije  Hlajenje kWh 124<br \/>  Ogrevanje (Povpre\u010dno\/Topleje) kWh 911 (413)<\/p>\n<p>PRIBOR IN OSTALO    <\/p>\n<p>Kompatibilno s sistemom &#8220;multi&#8221;    Da<br \/>PI 485    Da<br \/>Breznapetostni kontakt    Da<br \/>\u017di\u010dni daljinski upravljalnik    Da<\/p>\n","protected":false},"excerpt":{"rendered":"<p>KLJU\u010cNE ZNA\u010cILNOSTI: Notranja enota v obliki okvirja68 cm zaslon Full HDNalaganje fotografijMirroring &#8211; prenos vsebine s telefona na ekran klima naprave (npr. slike, videe, \u2026)3-smerni indirektni pretok zrakaDUAL kompresor NOTRANJA ENOTA A09GA2.NSE Dimenzije (\u0160 x V x G) Neto mm 652 X 158 X 652 Po\u0161iljanje mm 744 X 235 X 736Te\u017ea Neto kg 20Vrsta [&hellip;]<\/p>\n","protected":false},"featured_media":707203,"template":"","meta":[],"product_brand":[],"product_cat":[334,337,400],"product_tag":[],"class_list":{"0":"post-706843","1":"product","2":"type-product","3":"status-publish","4":"has-post-thumbnail","6":"product_cat-klima-naprave","7":"product_cat-multi-split-naprave","8":"product_cat-multisplit-stenske-enote","10":"first","11":"instock","12":"taxable","13":"shipping-taxable","14":"purchasable","15":"product-type-simple"},"yoast_head":"<!-- This site is optimized with the Yoast SEO plugin v27.5 - https:\/\/yoast.com\/product\/yoast-seo-wordpress\/ -->\n<title>A09GA2.NSE-Multi, 2,5 kW, ArtCool Gallery Premium (LCD), LG notranja enota - Iblo d.o.o., Ptuj<\/title>\n<meta name=\"robots\" content=\"index, follow, max-snippet:-1, max-image-preview:large, max-video-preview:-1\" \/>\n<link rel=\"canonical\" href=\"https:\/\/iblo.si\/en\/izdelek\/a09ga2-nse-multi\/\" \/>\n<meta property=\"og:locale\" content=\"en_US\" \/>\n<meta property=\"og:type\" content=\"article\" \/>\n<meta property=\"og:title\" content=\"A09GA2.NSE-Multi, 2,5 kW, ArtCool Gallery Premium (LCD), LG notranja enota - Iblo d.o.o., Ptuj\" \/>\n<meta property=\"og:description\" content=\"KLJU\u010cNE ZNA\u010cILNOSTI: Notranja enota v obliki okvirja68 cm zaslon Full HDNalaganje fotografijMirroring &#8211; prenos vsebine s telefona na ekran klima naprave (npr. slike, videe, \u2026)3-smerni indirektni pretok zrakaDUAL kompresor NOTRANJA ENOTA A09GA2.NSE Dimenzije (\u0160 x V x G) Neto mm 652 X 158 X 652 Po\u0161iljanje mm 744 X 235 X 736Te\u017ea Neto kg 20Vrsta [&hellip;]\" \/>\n<meta property=\"og:url\" content=\"https:\/\/iblo.si\/en\/izdelek\/a09ga2-nse-multi\/\" \/>\n<meta property=\"og:site_name\" content=\"Iblo d.o.o., Ptuj\" \/>\n<meta property=\"article:publisher\" content=\"https:\/\/www.facebook.com\/ibloptuj\/\" \/>\n<meta property=\"article:modified_time\" content=\"2026-04-30T04:00:06+00:00\" \/>\n<meta property=\"og:image\" content=\"https:\/\/iblo.si\/wp-content\/uploads\/2025\/05\/A09GA2.NSE-Multi-1.jpg\" \/>\n\t<meta property=\"og:image:width\" content=\"800\" \/>\n\t<meta property=\"og:image:height\" content=\"800\" \/>\n\t<meta property=\"og:image:type\" content=\"image\/jpeg\" \/>\n<meta name=\"twitter:card\" content=\"summary_large_image\" \/>\n<meta name=\"twitter:label1\" content=\"Est. reading time\" \/>\n\t<meta name=\"twitter:data1\" content=\"1 minute\" \/>\n<script type=\"application\/ld+json\" class=\"yoast-schema-graph\">{\"@context\":\"https:\\\/\\\/schema.org\",\"@graph\":[{\"@type\":\"WebPage\",\"@id\":\"https:\\\/\\\/iblo.si\\\/en\\\/izdelek\\\/a09ga2-nse-multi\\\/\",\"url\":\"https:\\\/\\\/iblo.si\\\/en\\\/izdelek\\\/a09ga2-nse-multi\\\/\",\"name\":\"A09GA2.NSE-Multi, 2,5 kW, ArtCool Gallery Premium (LCD), LG notranja enota - Iblo d.o.o., Ptuj\",\"isPartOf\":{\"@id\":\"https:\\\/\\\/iblo.si\\\/en\\\/#website\"},\"primaryImageOfPage\":{\"@id\":\"https:\\\/\\\/iblo.si\\\/en\\\/izdelek\\\/a09ga2-nse-multi\\\/#primaryimage\"},\"image\":{\"@id\":\"https:\\\/\\\/iblo.si\\\/en\\\/izdelek\\\/a09ga2-nse-multi\\\/#primaryimage\"},\"thumbnailUrl\":\"https:\\\/\\\/iblo.si\\\/wp-content\\\/uploads\\\/2025\\\/05\\\/A09GA2.NSE-Multi-1.jpg\",\"datePublished\":\"2025-05-13T16:00:07+00:00\",\"dateModified\":\"2026-04-30T04:00:06+00:00\",\"breadcrumb\":{\"@id\":\"https:\\\/\\\/iblo.si\\\/en\\\/izdelek\\\/a09ga2-nse-multi\\\/#breadcrumb\"},\"inLanguage\":\"en-US\",\"potentialAction\":[{\"@type\":\"ReadAction\",\"target\":[\"https:\\\/\\\/iblo.si\\\/en\\\/izdelek\\\/a09ga2-nse-multi\\\/\"]}]},{\"@type\":\"ImageObject\",\"inLanguage\":\"en-US\",\"@id\":\"https:\\\/\\\/iblo.si\\\/en\\\/izdelek\\\/a09ga2-nse-multi\\\/#primaryimage\",\"url\":\"https:\\\/\\\/iblo.si\\\/wp-content\\\/uploads\\\/2025\\\/05\\\/A09GA2.NSE-Multi-1.jpg\",\"contentUrl\":\"https:\\\/\\\/iblo.si\\\/wp-content\\\/uploads\\\/2025\\\/05\\\/A09GA2.NSE-Multi-1.jpg\",\"width\":800,\"height\":800},{\"@type\":\"BreadcrumbList\",\"@id\":\"https:\\\/\\\/iblo.si\\\/en\\\/izdelek\\\/a09ga2-nse-multi\\\/#breadcrumb\",\"itemListElement\":[{\"@type\":\"ListItem\",\"position\":1,\"name\":\"Home\",\"item\":\"https:\\\/\\\/iblo.si\\\/en\\\/\"},{\"@type\":\"ListItem\",\"position\":2,\"name\":\"Shop\",\"item\":\"https:\\\/\\\/iblo.si\\\/trgovina\\\/\"},{\"@type\":\"ListItem\",\"position\":3,\"name\":\"A09GA2.NSE-Multi, 2,5 kW, ArtCool Gallery Premium (LCD), LG notranja enota\"}]},{\"@type\":\"WebSite\",\"@id\":\"https:\\\/\\\/iblo.si\\\/en\\\/#website\",\"url\":\"https:\\\/\\\/iblo.si\\\/en\\\/\",\"name\":\"Iblo d.o.o., Ptuj\",\"description\":\"Klimatske naprave in sistemi LG\",\"publisher\":{\"@id\":\"https:\\\/\\\/iblo.si\\\/en\\\/#organization\"},\"potentialAction\":[{\"@type\":\"SearchAction\",\"target\":{\"@type\":\"EntryPoint\",\"urlTemplate\":\"https:\\\/\\\/iblo.si\\\/en\\\/?s={search_term_string}\"},\"query-input\":{\"@type\":\"PropertyValueSpecification\",\"valueRequired\":true,\"valueName\":\"search_term_string\"}}],\"inLanguage\":\"en-US\"},{\"@type\":\"Organization\",\"@id\":\"https:\\\/\\\/iblo.si\\\/en\\\/#organization\",\"name\":\"iblo d.o.o.\",\"url\":\"https:\\\/\\\/iblo.si\\\/en\\\/\",\"logo\":{\"@type\":\"ImageObject\",\"inLanguage\":\"en-US\",\"@id\":\"https:\\\/\\\/iblo.si\\\/en\\\/#\\\/schema\\\/logo\\\/image\\\/\",\"url\":\"https:\\\/\\\/i0.wp.com\\\/iblo.si\\\/wp-content\\\/uploads\\\/2020\\\/08\\\/iblo-logo.png?fit=487%2C308&ssl=1\",\"contentUrl\":\"https:\\\/\\\/i0.wp.com\\\/iblo.si\\\/wp-content\\\/uploads\\\/2020\\\/08\\\/iblo-logo.png?fit=487%2C308&ssl=1\",\"width\":487,\"height\":308,\"caption\":\"iblo d.o.o.\"},\"image\":{\"@id\":\"https:\\\/\\\/iblo.si\\\/en\\\/#\\\/schema\\\/logo\\\/image\\\/\"},\"sameAs\":[\"https:\\\/\\\/www.facebook.com\\\/ibloptuj\\\/\"]}]}<\/script>\n<!-- \/ Yoast SEO plugin. -->","yoast_head_json":{"title":"A09GA2.NSE-Multi, 2,5 kW, ArtCool Gallery Premium (LCD), LG notranja enota - Iblo d.o.o., Ptuj","robots":{"index":"index","follow":"follow","max-snippet":"max-snippet:-1","max-image-preview":"max-image-preview:large","max-video-preview":"max-video-preview:-1"},"canonical":"https:\/\/iblo.si\/en\/izdelek\/a09ga2-nse-multi\/","og_locale":"en_US","og_type":"article","og_title":"A09GA2.NSE-Multi, 2,5 kW, ArtCool Gallery Premium (LCD), LG notranja enota - Iblo d.o.o., Ptuj","og_description":"KLJU\u010cNE ZNA\u010cILNOSTI: Notranja enota v obliki okvirja68 cm zaslon Full HDNalaganje fotografijMirroring &#8211; prenos vsebine s telefona na ekran klima naprave (npr. slike, videe, \u2026)3-smerni indirektni pretok zrakaDUAL kompresor NOTRANJA ENOTA A09GA2.NSE Dimenzije (\u0160 x V x G) Neto mm 652 X 158 X 652 Po\u0161iljanje mm 744 X 235 X 736Te\u017ea Neto kg 20Vrsta [&hellip;]","og_url":"https:\/\/iblo.si\/en\/izdelek\/a09ga2-nse-multi\/","og_site_name":"Iblo d.o.o., Ptuj","article_publisher":"https:\/\/www.facebook.com\/ibloptuj\/","article_modified_time":"2026-04-30T04:00:06+00:00","og_image":[{"width":800,"height":800,"url":"https:\/\/iblo.si\/wp-content\/uploads\/2025\/05\/A09GA2.NSE-Multi-1.jpg","type":"image\/jpeg"}],"twitter_card":"summary_large_image","twitter_misc":{"Est. reading time":"1 minute"},"schema":{"@context":"https:\/\/schema.org","@graph":[{"@type":"WebPage","@id":"https:\/\/iblo.si\/en\/izdelek\/a09ga2-nse-multi\/","url":"https:\/\/iblo.si\/en\/izdelek\/a09ga2-nse-multi\/","name":"A09GA2.NSE-Multi, 2,5 kW, ArtCool Gallery Premium (LCD), LG notranja enota - Iblo d.o.o., Ptuj","isPartOf":{"@id":"https:\/\/iblo.si\/en\/#website"},"primaryImageOfPage":{"@id":"https:\/\/iblo.si\/en\/izdelek\/a09ga2-nse-multi\/#primaryimage"},"image":{"@id":"https:\/\/iblo.si\/en\/izdelek\/a09ga2-nse-multi\/#primaryimage"},"thumbnailUrl":"https:\/\/iblo.si\/wp-content\/uploads\/2025\/05\/A09GA2.NSE-Multi-1.jpg","datePublished":"2025-05-13T16:00:07+00:00","dateModified":"2026-04-30T04:00:06+00:00","breadcrumb":{"@id":"https:\/\/iblo.si\/en\/izdelek\/a09ga2-nse-multi\/#breadcrumb"},"inLanguage":"en-US","potentialAction":[{"@type":"ReadAction","target":["https:\/\/iblo.si\/en\/izdelek\/a09ga2-nse-multi\/"]}]},{"@type":"ImageObject","inLanguage":"en-US","@id":"https:\/\/iblo.si\/en\/izdelek\/a09ga2-nse-multi\/#primaryimage","url":"https:\/\/iblo.si\/wp-content\/uploads\/2025\/05\/A09GA2.NSE-Multi-1.jpg","contentUrl":"https:\/\/iblo.si\/wp-content\/uploads\/2025\/05\/A09GA2.NSE-Multi-1.jpg","width":800,"height":800},{"@type":"BreadcrumbList","@id":"https:\/\/iblo.si\/en\/izdelek\/a09ga2-nse-multi\/#breadcrumb","itemListElement":[{"@type":"ListItem","position":1,"name":"Home","item":"https:\/\/iblo.si\/en\/"},{"@type":"ListItem","position":2,"name":"Shop","item":"https:\/\/iblo.si\/trgovina\/"},{"@type":"ListItem","position":3,"name":"A09GA2.NSE-Multi, 2,5 kW, ArtCool Gallery Premium (LCD), LG notranja enota"}]},{"@type":"WebSite","@id":"https:\/\/iblo.si\/en\/#website","url":"https:\/\/iblo.si\/en\/","name":"Iblo d.o.o., Ptuj","description":"Klimatske naprave in sistemi LG","publisher":{"@id":"https:\/\/iblo.si\/en\/#organization"},"potentialAction":[{"@type":"SearchAction","target":{"@type":"EntryPoint","urlTemplate":"https:\/\/iblo.si\/en\/?s={search_term_string}"},"query-input":{"@type":"PropertyValueSpecification","valueRequired":true,"valueName":"search_term_string"}}],"inLanguage":"en-US"},{"@type":"Organization","@id":"https:\/\/iblo.si\/en\/#organization","name":"iblo d.o.o.","url":"https:\/\/iblo.si\/en\/","logo":{"@type":"ImageObject","inLanguage":"en-US","@id":"https:\/\/iblo.si\/en\/#\/schema\/logo\/image\/","url":"https:\/\/i0.wp.com\/iblo.si\/wp-content\/uploads\/2020\/08\/iblo-logo.png?fit=487%2C308&ssl=1","contentUrl":"https:\/\/i0.wp.com\/iblo.si\/wp-content\/uploads\/2020\/08\/iblo-logo.png?fit=487%2C308&ssl=1","width":487,"height":308,"caption":"iblo d.o.o."},"image":{"@id":"https:\/\/iblo.si\/en\/#\/schema\/logo\/image\/"},"sameAs":["https:\/\/www.facebook.com\/ibloptuj\/"]}]}},"_links":{"self":[{"href":"https:\/\/iblo.si\/en\/wp-json\/wp\/v2\/product\/706843","targetHints":{"allow":["GET"]}}],"collection":[{"href":"https:\/\/iblo.si\/en\/wp-json\/wp\/v2\/product"}],"about":[{"href":"https:\/\/iblo.si\/en\/wp-json\/wp\/v2\/types\/product"}],"wp:featuredmedia":[{"embeddable":true,"href":"https:\/\/iblo.si\/en\/wp-json\/wp\/v2\/media\/707203"}],"wp:attachment":[{"href":"https:\/\/iblo.si\/en\/wp-json\/wp\/v2\/media?parent=706843"}],"wp:term":[{"taxonomy":"product_brand","embeddable":true,"href":"https:\/\/iblo.si\/en\/wp-json\/wp\/v2\/product_brand?post=706843"},{"taxonomy":"product_cat","embeddable":true,"href":"https:\/\/iblo.si\/en\/wp-json\/wp\/v2\/product_cat?post=706843"},{"taxonomy":"product_tag","embeddable":true,"href":"https:\/\/iblo.si\/en\/wp-json\/wp\/v2\/product_tag?post=706843"}],"curies":[{"name":"wp","href":"https:\/\/api.w.org\/{rel}","templated":true}]}}