{"id":708459,"date":"2025-05-20T15:43:32","date_gmt":"2025-05-20T13:43:32","guid":{"rendered":"https:\/\/iblo.si\/product\/s12ec-nsjs-multi\/"},"modified":"2026-04-24T06:00:24","modified_gmt":"2026-04-24T04:00:24","slug":"s12ec-nsjs-multi","status":"publish","type":"product","link":"https:\/\/iblo.si\/en\/izdelek\/s12ec-nsjs-multi\/","title":{"rendered":"S12EC.NSJS-Multi, 3,5 kW, DualCool Special EC, LG notranja enota"},"content":{"rendered":"<p>NOTRANJA ENOTA    S12EC.NSJS<br \/>Dimenzije (\u0160 x V x G)  Neto mm 837 X 308 X 189<br \/>  Po\u0161iljanje mm 880 X 380 X 240<br \/>Te\u017ea  Neto kg 8,7<br \/>Vrsta zra\u010dnega filtra    Predfilter (pralni)<br \/>Pretok zraka Hlajenje Zelo vis.\/Vis.\/Sred.\/Niz. m3\/min 12,5\/10,0\/7,5\/4,2<br \/> Ogrevanje Zelo vis.\/Vis.\/Sred.\/Niz. m3\/min 13,0\/10,0\/7,2\/5,6<br \/>Raven zvo\u010dnega tlaka Hlajenje Zelo vis.\/Vis.Sred.\/Niz.\/Zelo niz. dB (A) 45\/41\/35\/27\/19<br \/> Ogrevanje Zelo vis.\/Vis.\/Sred.\/Niz. dB (A) 45\/41\/35\/27<br \/>Raven zvo\u010dne mo\u010di   dB (A) 59<br \/>Razvla\u017eevanje   l\/uro 1,3<br \/>Velikost priklju\u010dka drena\u017ene cevi  Zun. e., Not. e.  mm 21,5 16<br \/>Mo\u010d Hlajenje Min. ~ Nom. ~ Maks. kW 0,89\/3,5\/4,04<br \/> Ogrevanje Min. ~ Nom. ~ Maks. kW 0,89\/3,71\/5,1<br \/> Ogrevanje -7 \u00b0C Maks. kW 3<br \/>Priklju\u010dna mo\u010d Hlajenje Min. ~ Nom. ~ Maks. W 200\/1.080\/1.400<br \/> Ogrevanje Min. ~ Nom. ~ Maks. W 195\/950\/1.600<br \/>Delovni tok Hlajenje Min. ~ Nom. ~ Maks. A 1,1\/4,7\/6,0<br \/> Ogrevanje Min. ~ Nom. ~ Maks. A 1,1\/4,3\/7,0<br \/>EER   W\/W 3,24<br \/>SEER   &#8211; 6,6<br \/>Koeficient u\u010dinka (COP)   W\/W 3,91<br \/>SCOP (Povpre\u010dno\/Topleje)   &#8211; 4,0 (4,9)<br \/>P dizajn C\/P dizajn H   kW 3.5 \/ 2.5 (1.3)<br \/>Energijski razred (lestvica A+++ do D)  Hlajenje &#8211; A++<br \/>  Ogrevanje (Povpre\u010dno\/Topleje) &#8211; A+ (A++)<br \/>Letna poraba energije  Hlajenje kWh 186<br \/>  Ogrevanje (Povpre\u010dno\/Topleje) kWh 875 (386)<\/p>\n<p>PRIBOR IN OSTALO    <br \/>Kompatibilno s sistemom &#8220;multi&#8221;    Da<br \/>PI 485    &#8211;<br \/>Breznapetostni kontakt    Da<br \/>\u017di\u010dni daljinski upravljalnik    Da<\/p>\n","protected":false},"excerpt":{"rendered":"<p>NOTRANJA ENOTA S12EC.NSJSDimenzije (\u0160 x V x G) Neto mm 837 X 308 X 189 Po\u0161iljanje mm 880 X 380 X 240Te\u017ea Neto kg 8,7Vrsta zra\u010dnega filtra Predfilter (pralni)Pretok zraka Hlajenje Zelo vis.\/Vis.\/Sred.\/Niz. m3\/min 12,5\/10,0\/7,5\/4,2 Ogrevanje Zelo vis.\/Vis.\/Sred.\/Niz. m3\/min 13,0\/10,0\/7,2\/5,6Raven zvo\u010dnega tlaka Hlajenje Zelo vis.\/Vis.Sred.\/Niz.\/Zelo niz. dB (A) 45\/41\/35\/27\/19 Ogrevanje Zelo vis.\/Vis.\/Sred.\/Niz. dB (A) 45\/41\/35\/27Raven [&hellip;]<\/p>\n","protected":false},"featured_media":708651,"template":"","meta":[],"product_brand":[],"product_cat":[334,337,400],"product_tag":[],"class_list":{"0":"post-708459","1":"product","2":"type-product","3":"status-publish","4":"has-post-thumbnail","6":"product_cat-klima-naprave","7":"product_cat-multi-split-naprave","8":"product_cat-multisplit-stenske-enote","10":"first","11":"outofstock","12":"taxable","13":"shipping-taxable","14":"purchasable","15":"product-type-simple"},"yoast_head":"<!-- This site is optimized with the Yoast SEO plugin v27.4 - https:\/\/yoast.com\/product\/yoast-seo-wordpress\/ -->\n<title>S12EC.NSJS-Multi, 3,5 kW, DualCool Special EC, LG notranja enota - Iblo d.o.o., Ptuj<\/title>\n<meta name=\"robots\" content=\"index, follow, max-snippet:-1, max-image-preview:large, max-video-preview:-1\" \/>\n<link rel=\"canonical\" href=\"https:\/\/iblo.si\/en\/izdelek\/s12ec-nsjs-multi\/\" \/>\n<meta property=\"og:locale\" content=\"en_US\" \/>\n<meta property=\"og:type\" content=\"article\" \/>\n<meta property=\"og:title\" content=\"S12EC.NSJS-Multi, 3,5 kW, DualCool Special EC, LG notranja enota - Iblo d.o.o., Ptuj\" \/>\n<meta property=\"og:description\" content=\"NOTRANJA ENOTA S12EC.NSJSDimenzije (\u0160 x V x G) Neto mm 837 X 308 X 189 Po\u0161iljanje mm 880 X 380 X 240Te\u017ea Neto kg 8,7Vrsta zra\u010dnega filtra Predfilter (pralni)Pretok zraka Hlajenje Zelo vis.\/Vis.\/Sred.\/Niz. m3\/min 12,5\/10,0\/7,5\/4,2 Ogrevanje Zelo vis.\/Vis.\/Sred.\/Niz. m3\/min 13,0\/10,0\/7,2\/5,6Raven zvo\u010dnega tlaka Hlajenje Zelo vis.\/Vis.Sred.\/Niz.\/Zelo niz. dB (A) 45\/41\/35\/27\/19 Ogrevanje Zelo vis.\/Vis.\/Sred.\/Niz. dB (A) 45\/41\/35\/27Raven [&hellip;]\" \/>\n<meta property=\"og:url\" content=\"https:\/\/iblo.si\/en\/izdelek\/s12ec-nsjs-multi\/\" \/>\n<meta property=\"og:site_name\" content=\"Iblo d.o.o., Ptuj\" \/>\n<meta property=\"article:publisher\" content=\"https:\/\/www.facebook.com\/ibloptuj\/\" \/>\n<meta property=\"article:modified_time\" content=\"2026-04-24T04:00:24+00:00\" \/>\n<meta property=\"og:image\" content=\"https:\/\/iblo.si\/wp-content\/uploads\/2025\/05\/S12EC.NSJS-Multi.jpg\" \/>\n\t<meta property=\"og:image:width\" content=\"800\" \/>\n\t<meta property=\"og:image:height\" content=\"800\" \/>\n\t<meta property=\"og:image:type\" content=\"image\/jpeg\" \/>\n<meta name=\"twitter:card\" content=\"summary_large_image\" \/>\n<meta name=\"twitter:label1\" content=\"Est. reading time\" \/>\n\t<meta name=\"twitter:data1\" content=\"1 minute\" \/>\n<script type=\"application\/ld+json\" class=\"yoast-schema-graph\">{\"@context\":\"https:\\\/\\\/schema.org\",\"@graph\":[{\"@type\":\"WebPage\",\"@id\":\"https:\\\/\\\/iblo.si\\\/en\\\/izdelek\\\/s12ec-nsjs-multi\\\/\",\"url\":\"https:\\\/\\\/iblo.si\\\/en\\\/izdelek\\\/s12ec-nsjs-multi\\\/\",\"name\":\"S12EC.NSJS-Multi, 3,5 kW, DualCool Special EC, LG notranja enota - Iblo d.o.o., Ptuj\",\"isPartOf\":{\"@id\":\"https:\\\/\\\/iblo.si\\\/en\\\/#website\"},\"primaryImageOfPage\":{\"@id\":\"https:\\\/\\\/iblo.si\\\/en\\\/izdelek\\\/s12ec-nsjs-multi\\\/#primaryimage\"},\"image\":{\"@id\":\"https:\\\/\\\/iblo.si\\\/en\\\/izdelek\\\/s12ec-nsjs-multi\\\/#primaryimage\"},\"thumbnailUrl\":\"https:\\\/\\\/iblo.si\\\/wp-content\\\/uploads\\\/2025\\\/05\\\/S12EC.NSJS-Multi.jpg\",\"datePublished\":\"2025-05-20T13:43:32+00:00\",\"dateModified\":\"2026-04-24T04:00:24+00:00\",\"breadcrumb\":{\"@id\":\"https:\\\/\\\/iblo.si\\\/en\\\/izdelek\\\/s12ec-nsjs-multi\\\/#breadcrumb\"},\"inLanguage\":\"en-US\",\"potentialAction\":[{\"@type\":\"ReadAction\",\"target\":[\"https:\\\/\\\/iblo.si\\\/en\\\/izdelek\\\/s12ec-nsjs-multi\\\/\"]}]},{\"@type\":\"ImageObject\",\"inLanguage\":\"en-US\",\"@id\":\"https:\\\/\\\/iblo.si\\\/en\\\/izdelek\\\/s12ec-nsjs-multi\\\/#primaryimage\",\"url\":\"https:\\\/\\\/iblo.si\\\/wp-content\\\/uploads\\\/2025\\\/05\\\/S12EC.NSJS-Multi.jpg\",\"contentUrl\":\"https:\\\/\\\/iblo.si\\\/wp-content\\\/uploads\\\/2025\\\/05\\\/S12EC.NSJS-Multi.jpg\",\"width\":800,\"height\":800},{\"@type\":\"BreadcrumbList\",\"@id\":\"https:\\\/\\\/iblo.si\\\/en\\\/izdelek\\\/s12ec-nsjs-multi\\\/#breadcrumb\",\"itemListElement\":[{\"@type\":\"ListItem\",\"position\":1,\"name\":\"Home\",\"item\":\"https:\\\/\\\/iblo.si\\\/en\\\/\"},{\"@type\":\"ListItem\",\"position\":2,\"name\":\"Shop\",\"item\":\"https:\\\/\\\/iblo.si\\\/trgovina\\\/\"},{\"@type\":\"ListItem\",\"position\":3,\"name\":\"S12EC.NSJS-Multi, 3,5 kW, DualCool Special EC, LG notranja enota\"}]},{\"@type\":\"WebSite\",\"@id\":\"https:\\\/\\\/iblo.si\\\/en\\\/#website\",\"url\":\"https:\\\/\\\/iblo.si\\\/en\\\/\",\"name\":\"Iblo d.o.o., Ptuj\",\"description\":\"Klimatske naprave in sistemi LG\",\"publisher\":{\"@id\":\"https:\\\/\\\/iblo.si\\\/en\\\/#organization\"},\"potentialAction\":[{\"@type\":\"SearchAction\",\"target\":{\"@type\":\"EntryPoint\",\"urlTemplate\":\"https:\\\/\\\/iblo.si\\\/en\\\/?s={search_term_string}\"},\"query-input\":{\"@type\":\"PropertyValueSpecification\",\"valueRequired\":true,\"valueName\":\"search_term_string\"}}],\"inLanguage\":\"en-US\"},{\"@type\":\"Organization\",\"@id\":\"https:\\\/\\\/iblo.si\\\/en\\\/#organization\",\"name\":\"iblo d.o.o.\",\"url\":\"https:\\\/\\\/iblo.si\\\/en\\\/\",\"logo\":{\"@type\":\"ImageObject\",\"inLanguage\":\"en-US\",\"@id\":\"https:\\\/\\\/iblo.si\\\/en\\\/#\\\/schema\\\/logo\\\/image\\\/\",\"url\":\"https:\\\/\\\/i0.wp.com\\\/iblo.si\\\/wp-content\\\/uploads\\\/2020\\\/08\\\/iblo-logo.png?fit=487%2C308&ssl=1\",\"contentUrl\":\"https:\\\/\\\/i0.wp.com\\\/iblo.si\\\/wp-content\\\/uploads\\\/2020\\\/08\\\/iblo-logo.png?fit=487%2C308&ssl=1\",\"width\":487,\"height\":308,\"caption\":\"iblo d.o.o.\"},\"image\":{\"@id\":\"https:\\\/\\\/iblo.si\\\/en\\\/#\\\/schema\\\/logo\\\/image\\\/\"},\"sameAs\":[\"https:\\\/\\\/www.facebook.com\\\/ibloptuj\\\/\"]}]}<\/script>\n<!-- \/ Yoast SEO plugin. -->","yoast_head_json":{"title":"S12EC.NSJS-Multi, 3,5 kW, DualCool Special EC, LG notranja enota - Iblo d.o.o., Ptuj","robots":{"index":"index","follow":"follow","max-snippet":"max-snippet:-1","max-image-preview":"max-image-preview:large","max-video-preview":"max-video-preview:-1"},"canonical":"https:\/\/iblo.si\/en\/izdelek\/s12ec-nsjs-multi\/","og_locale":"en_US","og_type":"article","og_title":"S12EC.NSJS-Multi, 3,5 kW, DualCool Special EC, LG notranja enota - Iblo d.o.o., Ptuj","og_description":"NOTRANJA ENOTA S12EC.NSJSDimenzije (\u0160 x V x G) Neto mm 837 X 308 X 189 Po\u0161iljanje mm 880 X 380 X 240Te\u017ea Neto kg 8,7Vrsta zra\u010dnega filtra Predfilter (pralni)Pretok zraka Hlajenje Zelo vis.\/Vis.\/Sred.\/Niz. m3\/min 12,5\/10,0\/7,5\/4,2 Ogrevanje Zelo vis.\/Vis.\/Sred.\/Niz. m3\/min 13,0\/10,0\/7,2\/5,6Raven zvo\u010dnega tlaka Hlajenje Zelo vis.\/Vis.Sred.\/Niz.\/Zelo niz. dB (A) 45\/41\/35\/27\/19 Ogrevanje Zelo vis.\/Vis.\/Sred.\/Niz. dB (A) 45\/41\/35\/27Raven [&hellip;]","og_url":"https:\/\/iblo.si\/en\/izdelek\/s12ec-nsjs-multi\/","og_site_name":"Iblo d.o.o., Ptuj","article_publisher":"https:\/\/www.facebook.com\/ibloptuj\/","article_modified_time":"2026-04-24T04:00:24+00:00","og_image":[{"width":800,"height":800,"url":"https:\/\/iblo.si\/wp-content\/uploads\/2025\/05\/S12EC.NSJS-Multi.jpg","type":"image\/jpeg"}],"twitter_card":"summary_large_image","twitter_misc":{"Est. reading time":"1 minute"},"schema":{"@context":"https:\/\/schema.org","@graph":[{"@type":"WebPage","@id":"https:\/\/iblo.si\/en\/izdelek\/s12ec-nsjs-multi\/","url":"https:\/\/iblo.si\/en\/izdelek\/s12ec-nsjs-multi\/","name":"S12EC.NSJS-Multi, 3,5 kW, DualCool Special EC, LG notranja enota - Iblo d.o.o., Ptuj","isPartOf":{"@id":"https:\/\/iblo.si\/en\/#website"},"primaryImageOfPage":{"@id":"https:\/\/iblo.si\/en\/izdelek\/s12ec-nsjs-multi\/#primaryimage"},"image":{"@id":"https:\/\/iblo.si\/en\/izdelek\/s12ec-nsjs-multi\/#primaryimage"},"thumbnailUrl":"https:\/\/iblo.si\/wp-content\/uploads\/2025\/05\/S12EC.NSJS-Multi.jpg","datePublished":"2025-05-20T13:43:32+00:00","dateModified":"2026-04-24T04:00:24+00:00","breadcrumb":{"@id":"https:\/\/iblo.si\/en\/izdelek\/s12ec-nsjs-multi\/#breadcrumb"},"inLanguage":"en-US","potentialAction":[{"@type":"ReadAction","target":["https:\/\/iblo.si\/en\/izdelek\/s12ec-nsjs-multi\/"]}]},{"@type":"ImageObject","inLanguage":"en-US","@id":"https:\/\/iblo.si\/en\/izdelek\/s12ec-nsjs-multi\/#primaryimage","url":"https:\/\/iblo.si\/wp-content\/uploads\/2025\/05\/S12EC.NSJS-Multi.jpg","contentUrl":"https:\/\/iblo.si\/wp-content\/uploads\/2025\/05\/S12EC.NSJS-Multi.jpg","width":800,"height":800},{"@type":"BreadcrumbList","@id":"https:\/\/iblo.si\/en\/izdelek\/s12ec-nsjs-multi\/#breadcrumb","itemListElement":[{"@type":"ListItem","position":1,"name":"Home","item":"https:\/\/iblo.si\/en\/"},{"@type":"ListItem","position":2,"name":"Shop","item":"https:\/\/iblo.si\/trgovina\/"},{"@type":"ListItem","position":3,"name":"S12EC.NSJS-Multi, 3,5 kW, DualCool Special EC, LG notranja enota"}]},{"@type":"WebSite","@id":"https:\/\/iblo.si\/en\/#website","url":"https:\/\/iblo.si\/en\/","name":"Iblo d.o.o., Ptuj","description":"Klimatske naprave in sistemi LG","publisher":{"@id":"https:\/\/iblo.si\/en\/#organization"},"potentialAction":[{"@type":"SearchAction","target":{"@type":"EntryPoint","urlTemplate":"https:\/\/iblo.si\/en\/?s={search_term_string}"},"query-input":{"@type":"PropertyValueSpecification","valueRequired":true,"valueName":"search_term_string"}}],"inLanguage":"en-US"},{"@type":"Organization","@id":"https:\/\/iblo.si\/en\/#organization","name":"iblo d.o.o.","url":"https:\/\/iblo.si\/en\/","logo":{"@type":"ImageObject","inLanguage":"en-US","@id":"https:\/\/iblo.si\/en\/#\/schema\/logo\/image\/","url":"https:\/\/i0.wp.com\/iblo.si\/wp-content\/uploads\/2020\/08\/iblo-logo.png?fit=487%2C308&ssl=1","contentUrl":"https:\/\/i0.wp.com\/iblo.si\/wp-content\/uploads\/2020\/08\/iblo-logo.png?fit=487%2C308&ssl=1","width":487,"height":308,"caption":"iblo d.o.o."},"image":{"@id":"https:\/\/iblo.si\/en\/#\/schema\/logo\/image\/"},"sameAs":["https:\/\/www.facebook.com\/ibloptuj\/"]}]}},"_links":{"self":[{"href":"https:\/\/iblo.si\/en\/wp-json\/wp\/v2\/product\/708459","targetHints":{"allow":["GET"]}}],"collection":[{"href":"https:\/\/iblo.si\/en\/wp-json\/wp\/v2\/product"}],"about":[{"href":"https:\/\/iblo.si\/en\/wp-json\/wp\/v2\/types\/product"}],"wp:featuredmedia":[{"embeddable":true,"href":"https:\/\/iblo.si\/en\/wp-json\/wp\/v2\/media\/708651"}],"wp:attachment":[{"href":"https:\/\/iblo.si\/en\/wp-json\/wp\/v2\/media?parent=708459"}],"wp:term":[{"taxonomy":"product_brand","embeddable":true,"href":"https:\/\/iblo.si\/en\/wp-json\/wp\/v2\/product_brand?post=708459"},{"taxonomy":"product_cat","embeddable":true,"href":"https:\/\/iblo.si\/en\/wp-json\/wp\/v2\/product_cat?post=708459"},{"taxonomy":"product_tag","embeddable":true,"href":"https:\/\/iblo.si\/en\/wp-json\/wp\/v2\/product_tag?post=708459"}],"curies":[{"name":"wp","href":"https:\/\/api.w.org\/{rel}","templated":true}]}}