{"id":709979,"date":"2025-05-27T12:34:06","date_gmt":"2025-05-27T10:34:06","guid":{"rendered":"https:\/\/iblo.si\/product\/hm093hf-ub40\/"},"modified":"2026-04-29T06:00:13","modified_gmt":"2026-04-29T04:00:13","slug":"hm093hf-ub40","status":"publish","type":"product","link":"https:\/\/iblo.si\/en\/izdelek\/hm093hf-ub40\/","title":{"rendered":"HM093HF.UB40, 9kW, R290, 3ph, LG Toplotna \u010drpalka, Monoblok, Therma V"},"content":{"rendered":"<p>Toplotna \u010drpalka HM093HF.UB40, Monoblok, potrebuje ustrezno kontrolno enoto PHCSO ali eno izmed notranjih enot:<br \/>&#8211; HN1639HC.NK0<br \/>&#8211; HN1639HY.NK0<\/p>\n<p>Zunanja enota  Enota HM093HF.UB40<br \/>Obmo\u010dje delovanja (temperatura zunanjega zraka) Ogrevanje &amp; Sanit. voda (Min. ~ Max.) \u00b0C  -28 ~ 35<br \/> Hlajenje (Min. ~ Maks.) \u00b0C 5 ~ 48<br \/>Plin Vrsta &#8211; R290<br \/> GWP (potencial globalnega segrevanja) &#8211; 3<br \/> Predhodno polnjenje g 900<br \/> t-CO2 eq. &#8211; 0.0027<br \/>Cevni priklju\u010dki (voda) Premer vstopa\/izhoda Palec (cola) Mo\u0161ki PT 1 &#8221; po ISO 7-1 (sto\u017e\u010dasti cevni navoj)<br \/>Dimenzije \u0160 x V x G mm 1.320 X 1.019 X 520   <br \/>Te\u017ea Prazno kg 130<br \/>Zunanjost Barva \u0161asije\/RAL koda &#8211; Topla siva \/ RAL 7037<br \/> Barva sprednje re\u0161etke\/RAL koda &#8211; Temno toplo siva \/ RAL 7012<br \/>Napajanje Napetost V  380 ~ 415<br \/> Faza  3~<br \/> Frekvenca Hz 50<br \/> Priporo\u010dena varovalka A 3-fazna: 16<br \/>Raven zvo\u010dne mo\u010di Nazivni\/nizko\u0161umni na\u010din dB (A) 50 \/ 48<br \/>Raven zvo\u010dnega tlaka pri 5m Nazivni\/nizko\u0161umni na\u010din dB (A) 28 \/ 26<\/p>\n","protected":false},"excerpt":{"rendered":"<p>Toplotna \u010drpalka HM093HF.UB40, Monoblok, potrebuje ustrezno kontrolno enoto PHCSO ali eno izmed notranjih enot:&#8211; HN1639HC.NK0&#8211; HN1639HY.NK0 Zunanja enota Enota HM093HF.UB40Obmo\u010dje delovanja (temperatura zunanjega zraka) Ogrevanje &amp; Sanit. voda (Min. ~ Max.) \u00b0C -28 ~ 35 Hlajenje (Min. ~ Maks.) \u00b0C 5 ~ 48Plin Vrsta &#8211; R290 GWP (potencial globalnega segrevanja) &#8211; 3 Predhodno polnjenje g [&hellip;]<\/p>\n","protected":false},"featured_media":710055,"template":"","meta":[],"product_brand":[],"product_cat":[349,412,301],"product_tag":[],"class_list":{"0":"post-709979","1":"product","2":"type-product","3":"status-publish","4":"has-post-thumbnail","6":"product_cat-monoblok-toplotne-crpalke-toplotne-crpalke","7":"product_cat-r290","8":"product_cat-toplotne-crpalke","10":"first","11":"outofstock","12":"taxable","13":"shipping-taxable","14":"purchasable","15":"product-type-simple"},"yoast_head":"<!-- This site is optimized with the Yoast SEO plugin v27.5 - https:\/\/yoast.com\/product\/yoast-seo-wordpress\/ -->\n<title>HM093HF.UB40, 9kW, R290, 3ph, LG Toplotna \u010drpalka, Monoblok, Therma V - Iblo d.o.o., Ptuj<\/title>\n<meta name=\"robots\" content=\"index, follow, max-snippet:-1, max-image-preview:large, max-video-preview:-1\" \/>\n<link rel=\"canonical\" href=\"https:\/\/iblo.si\/en\/izdelek\/hm093hf-ub40\/\" \/>\n<meta property=\"og:locale\" content=\"en_US\" \/>\n<meta property=\"og:type\" content=\"article\" \/>\n<meta property=\"og:title\" content=\"HM093HF.UB40, 9kW, R290, 3ph, LG Toplotna \u010drpalka, Monoblok, Therma V - Iblo d.o.o., Ptuj\" \/>\n<meta property=\"og:description\" content=\"Toplotna \u010drpalka HM093HF.UB40, Monoblok, potrebuje ustrezno kontrolno enoto PHCSO ali eno izmed notranjih enot:&#8211; HN1639HC.NK0&#8211; HN1639HY.NK0 Zunanja enota Enota HM093HF.UB40Obmo\u010dje delovanja (temperatura zunanjega zraka) Ogrevanje &amp; Sanit. voda (Min. ~ Max.) \u00b0C -28 ~ 35 Hlajenje (Min. ~ Maks.) \u00b0C 5 ~ 48Plin Vrsta &#8211; R290 GWP (potencial globalnega segrevanja) &#8211; 3 Predhodno polnjenje g [&hellip;]\" \/>\n<meta property=\"og:url\" content=\"https:\/\/iblo.si\/en\/izdelek\/hm093hf-ub40\/\" \/>\n<meta property=\"og:site_name\" content=\"Iblo d.o.o., Ptuj\" \/>\n<meta property=\"article:publisher\" content=\"https:\/\/www.facebook.com\/ibloptuj\/\" \/>\n<meta property=\"article:modified_time\" content=\"2026-04-29T04:00:13+00:00\" \/>\n<meta property=\"og:image\" content=\"https:\/\/iblo.si\/wp-content\/uploads\/2025\/05\/HM093HF.UB40.jpg\" \/>\n\t<meta property=\"og:image:width\" content=\"800\" \/>\n\t<meta property=\"og:image:height\" content=\"800\" \/>\n\t<meta property=\"og:image:type\" content=\"image\/jpeg\" \/>\n<meta name=\"twitter:card\" content=\"summary_large_image\" \/>\n<meta name=\"twitter:label1\" content=\"Est. reading time\" \/>\n\t<meta name=\"twitter:data1\" content=\"1 minute\" \/>\n<script type=\"application\/ld+json\" class=\"yoast-schema-graph\">{\"@context\":\"https:\\\/\\\/schema.org\",\"@graph\":[{\"@type\":\"WebPage\",\"@id\":\"https:\\\/\\\/iblo.si\\\/en\\\/izdelek\\\/hm093hf-ub40\\\/\",\"url\":\"https:\\\/\\\/iblo.si\\\/en\\\/izdelek\\\/hm093hf-ub40\\\/\",\"name\":\"HM093HF.UB40, 9kW, R290, 3ph, LG Toplotna \u010drpalka, Monoblok, Therma V - Iblo d.o.o., Ptuj\",\"isPartOf\":{\"@id\":\"https:\\\/\\\/iblo.si\\\/en\\\/#website\"},\"primaryImageOfPage\":{\"@id\":\"https:\\\/\\\/iblo.si\\\/en\\\/izdelek\\\/hm093hf-ub40\\\/#primaryimage\"},\"image\":{\"@id\":\"https:\\\/\\\/iblo.si\\\/en\\\/izdelek\\\/hm093hf-ub40\\\/#primaryimage\"},\"thumbnailUrl\":\"https:\\\/\\\/iblo.si\\\/wp-content\\\/uploads\\\/2025\\\/05\\\/HM093HF.UB40.jpg\",\"datePublished\":\"2025-05-27T10:34:06+00:00\",\"dateModified\":\"2026-04-29T04:00:13+00:00\",\"breadcrumb\":{\"@id\":\"https:\\\/\\\/iblo.si\\\/en\\\/izdelek\\\/hm093hf-ub40\\\/#breadcrumb\"},\"inLanguage\":\"en-US\",\"potentialAction\":[{\"@type\":\"ReadAction\",\"target\":[\"https:\\\/\\\/iblo.si\\\/en\\\/izdelek\\\/hm093hf-ub40\\\/\"]}]},{\"@type\":\"ImageObject\",\"inLanguage\":\"en-US\",\"@id\":\"https:\\\/\\\/iblo.si\\\/en\\\/izdelek\\\/hm093hf-ub40\\\/#primaryimage\",\"url\":\"https:\\\/\\\/iblo.si\\\/wp-content\\\/uploads\\\/2025\\\/05\\\/HM093HF.UB40.jpg\",\"contentUrl\":\"https:\\\/\\\/iblo.si\\\/wp-content\\\/uploads\\\/2025\\\/05\\\/HM093HF.UB40.jpg\",\"width\":800,\"height\":800},{\"@type\":\"BreadcrumbList\",\"@id\":\"https:\\\/\\\/iblo.si\\\/en\\\/izdelek\\\/hm093hf-ub40\\\/#breadcrumb\",\"itemListElement\":[{\"@type\":\"ListItem\",\"position\":1,\"name\":\"Home\",\"item\":\"https:\\\/\\\/iblo.si\\\/en\\\/\"},{\"@type\":\"ListItem\",\"position\":2,\"name\":\"Shop\",\"item\":\"https:\\\/\\\/iblo.si\\\/trgovina\\\/\"},{\"@type\":\"ListItem\",\"position\":3,\"name\":\"HM093HF.UB40, 9kW, R290, 3ph, LG Toplotna \u010drpalka, Monoblok, Therma V\"}]},{\"@type\":\"WebSite\",\"@id\":\"https:\\\/\\\/iblo.si\\\/en\\\/#website\",\"url\":\"https:\\\/\\\/iblo.si\\\/en\\\/\",\"name\":\"Iblo d.o.o., Ptuj\",\"description\":\"Klimatske naprave in sistemi LG\",\"publisher\":{\"@id\":\"https:\\\/\\\/iblo.si\\\/en\\\/#organization\"},\"potentialAction\":[{\"@type\":\"SearchAction\",\"target\":{\"@type\":\"EntryPoint\",\"urlTemplate\":\"https:\\\/\\\/iblo.si\\\/en\\\/?s={search_term_string}\"},\"query-input\":{\"@type\":\"PropertyValueSpecification\",\"valueRequired\":true,\"valueName\":\"search_term_string\"}}],\"inLanguage\":\"en-US\"},{\"@type\":\"Organization\",\"@id\":\"https:\\\/\\\/iblo.si\\\/en\\\/#organization\",\"name\":\"iblo d.o.o.\",\"url\":\"https:\\\/\\\/iblo.si\\\/en\\\/\",\"logo\":{\"@type\":\"ImageObject\",\"inLanguage\":\"en-US\",\"@id\":\"https:\\\/\\\/iblo.si\\\/en\\\/#\\\/schema\\\/logo\\\/image\\\/\",\"url\":\"https:\\\/\\\/i0.wp.com\\\/iblo.si\\\/wp-content\\\/uploads\\\/2020\\\/08\\\/iblo-logo.png?fit=487%2C308&ssl=1\",\"contentUrl\":\"https:\\\/\\\/i0.wp.com\\\/iblo.si\\\/wp-content\\\/uploads\\\/2020\\\/08\\\/iblo-logo.png?fit=487%2C308&ssl=1\",\"width\":487,\"height\":308,\"caption\":\"iblo d.o.o.\"},\"image\":{\"@id\":\"https:\\\/\\\/iblo.si\\\/en\\\/#\\\/schema\\\/logo\\\/image\\\/\"},\"sameAs\":[\"https:\\\/\\\/www.facebook.com\\\/ibloptuj\\\/\"]}]}<\/script>\n<!-- \/ Yoast SEO plugin. -->","yoast_head_json":{"title":"HM093HF.UB40, 9kW, R290, 3ph, LG Toplotna \u010drpalka, Monoblok, Therma V - Iblo d.o.o., Ptuj","robots":{"index":"index","follow":"follow","max-snippet":"max-snippet:-1","max-image-preview":"max-image-preview:large","max-video-preview":"max-video-preview:-1"},"canonical":"https:\/\/iblo.si\/en\/izdelek\/hm093hf-ub40\/","og_locale":"en_US","og_type":"article","og_title":"HM093HF.UB40, 9kW, R290, 3ph, LG Toplotna \u010drpalka, Monoblok, Therma V - Iblo d.o.o., Ptuj","og_description":"Toplotna \u010drpalka HM093HF.UB40, Monoblok, potrebuje ustrezno kontrolno enoto PHCSO ali eno izmed notranjih enot:&#8211; HN1639HC.NK0&#8211; HN1639HY.NK0 Zunanja enota Enota HM093HF.UB40Obmo\u010dje delovanja (temperatura zunanjega zraka) Ogrevanje &amp; Sanit. voda (Min. ~ Max.) \u00b0C -28 ~ 35 Hlajenje (Min. ~ Maks.) \u00b0C 5 ~ 48Plin Vrsta &#8211; R290 GWP (potencial globalnega segrevanja) &#8211; 3 Predhodno polnjenje g [&hellip;]","og_url":"https:\/\/iblo.si\/en\/izdelek\/hm093hf-ub40\/","og_site_name":"Iblo d.o.o., Ptuj","article_publisher":"https:\/\/www.facebook.com\/ibloptuj\/","article_modified_time":"2026-04-29T04:00:13+00:00","og_image":[{"width":800,"height":800,"url":"https:\/\/iblo.si\/wp-content\/uploads\/2025\/05\/HM093HF.UB40.jpg","type":"image\/jpeg"}],"twitter_card":"summary_large_image","twitter_misc":{"Est. reading time":"1 minute"},"schema":{"@context":"https:\/\/schema.org","@graph":[{"@type":"WebPage","@id":"https:\/\/iblo.si\/en\/izdelek\/hm093hf-ub40\/","url":"https:\/\/iblo.si\/en\/izdelek\/hm093hf-ub40\/","name":"HM093HF.UB40, 9kW, R290, 3ph, LG Toplotna \u010drpalka, Monoblok, Therma V - Iblo d.o.o., Ptuj","isPartOf":{"@id":"https:\/\/iblo.si\/en\/#website"},"primaryImageOfPage":{"@id":"https:\/\/iblo.si\/en\/izdelek\/hm093hf-ub40\/#primaryimage"},"image":{"@id":"https:\/\/iblo.si\/en\/izdelek\/hm093hf-ub40\/#primaryimage"},"thumbnailUrl":"https:\/\/iblo.si\/wp-content\/uploads\/2025\/05\/HM093HF.UB40.jpg","datePublished":"2025-05-27T10:34:06+00:00","dateModified":"2026-04-29T04:00:13+00:00","breadcrumb":{"@id":"https:\/\/iblo.si\/en\/izdelek\/hm093hf-ub40\/#breadcrumb"},"inLanguage":"en-US","potentialAction":[{"@type":"ReadAction","target":["https:\/\/iblo.si\/en\/izdelek\/hm093hf-ub40\/"]}]},{"@type":"ImageObject","inLanguage":"en-US","@id":"https:\/\/iblo.si\/en\/izdelek\/hm093hf-ub40\/#primaryimage","url":"https:\/\/iblo.si\/wp-content\/uploads\/2025\/05\/HM093HF.UB40.jpg","contentUrl":"https:\/\/iblo.si\/wp-content\/uploads\/2025\/05\/HM093HF.UB40.jpg","width":800,"height":800},{"@type":"BreadcrumbList","@id":"https:\/\/iblo.si\/en\/izdelek\/hm093hf-ub40\/#breadcrumb","itemListElement":[{"@type":"ListItem","position":1,"name":"Home","item":"https:\/\/iblo.si\/en\/"},{"@type":"ListItem","position":2,"name":"Shop","item":"https:\/\/iblo.si\/trgovina\/"},{"@type":"ListItem","position":3,"name":"HM093HF.UB40, 9kW, R290, 3ph, LG Toplotna \u010drpalka, Monoblok, Therma V"}]},{"@type":"WebSite","@id":"https:\/\/iblo.si\/en\/#website","url":"https:\/\/iblo.si\/en\/","name":"Iblo d.o.o., Ptuj","description":"Klimatske naprave in sistemi LG","publisher":{"@id":"https:\/\/iblo.si\/en\/#organization"},"potentialAction":[{"@type":"SearchAction","target":{"@type":"EntryPoint","urlTemplate":"https:\/\/iblo.si\/en\/?s={search_term_string}"},"query-input":{"@type":"PropertyValueSpecification","valueRequired":true,"valueName":"search_term_string"}}],"inLanguage":"en-US"},{"@type":"Organization","@id":"https:\/\/iblo.si\/en\/#organization","name":"iblo d.o.o.","url":"https:\/\/iblo.si\/en\/","logo":{"@type":"ImageObject","inLanguage":"en-US","@id":"https:\/\/iblo.si\/en\/#\/schema\/logo\/image\/","url":"https:\/\/i0.wp.com\/iblo.si\/wp-content\/uploads\/2020\/08\/iblo-logo.png?fit=487%2C308&ssl=1","contentUrl":"https:\/\/i0.wp.com\/iblo.si\/wp-content\/uploads\/2020\/08\/iblo-logo.png?fit=487%2C308&ssl=1","width":487,"height":308,"caption":"iblo d.o.o."},"image":{"@id":"https:\/\/iblo.si\/en\/#\/schema\/logo\/image\/"},"sameAs":["https:\/\/www.facebook.com\/ibloptuj\/"]}]}},"_links":{"self":[{"href":"https:\/\/iblo.si\/en\/wp-json\/wp\/v2\/product\/709979","targetHints":{"allow":["GET"]}}],"collection":[{"href":"https:\/\/iblo.si\/en\/wp-json\/wp\/v2\/product"}],"about":[{"href":"https:\/\/iblo.si\/en\/wp-json\/wp\/v2\/types\/product"}],"wp:featuredmedia":[{"embeddable":true,"href":"https:\/\/iblo.si\/en\/wp-json\/wp\/v2\/media\/710055"}],"wp:attachment":[{"href":"https:\/\/iblo.si\/en\/wp-json\/wp\/v2\/media?parent=709979"}],"wp:term":[{"taxonomy":"product_brand","embeddable":true,"href":"https:\/\/iblo.si\/en\/wp-json\/wp\/v2\/product_brand?post=709979"},{"taxonomy":"product_cat","embeddable":true,"href":"https:\/\/iblo.si\/en\/wp-json\/wp\/v2\/product_cat?post=709979"},{"taxonomy":"product_tag","embeddable":true,"href":"https:\/\/iblo.si\/en\/wp-json\/wp\/v2\/product_tag?post=709979"}],"curies":[{"name":"wp","href":"https:\/\/api.w.org\/{rel}","templated":true}]}}