{"id":709989,"date":"2025-05-27T12:34:08","date_gmt":"2025-05-27T10:34:08","guid":{"rendered":"https:\/\/iblo.si\/product\/hn1639hc-nk0\/"},"modified":"2026-04-29T06:00:15","modified_gmt":"2026-04-29T04:00:15","slug":"hn1639hc-nk0","status":"publish","type":"product","link":"https:\/\/iblo.si\/en\/izdelek\/hn1639hc-nk0\/","title":{"rendered":"HN1639HC.NK0, R290, 3ph, LG Toplotna \u010drpalka, Hydro Split, notr. enota, Therma V"},"content":{"rendered":"<p>Notranja enota toplotne \u010drpalke HN1639HC.NKO, Hydro Split primerna za zunanje enote:<\/p>\n<p>&#8211; HM073HF.UB40<br \/>&#8211; HM093HFX.UB60 <br \/>&#8211; HM123HF.UB60<br \/>&#8211; HM143HF.UB60<br \/>&#8211; HM163HF.UB60<\/p>\n<p>Notranja enota  Enota HN1639HC NKO<br \/>Obmo\u010dje delovanja (temperatura izhodne vode) Ogrevanje (Min. ~ Maks.) \u00b0C 15 ~ 75<br \/> Hlajenje (Min. ~ Maks.) \u00b0C 5 ~ 27<br \/> Sanitarna voda (Min. ~ Maks.) \u00b0C 15 ~ 80<br \/>Pomo\u017eni grelec Kombinacija kapacitet kw 3.0 + 3.0 \/ 3.0 + 3.0 + 3.0<br \/> Napajanje:  <br \/> Napetost V 380 ~ 415<br \/> Faza  3~<br \/> Frekvenca Hz 50<br \/> Nazivni obratovalni tok A 26 \/ 13<br \/>Cevni priklju\u010dki (voda) Izhodna cev ogrevalnega kroga Palci (cola) Mo\u0161ki PT 1 &#8221; po ISO 7-1 (sto\u017e\u010dasti cevni navoj)<br \/> Dovodna cev ogrevalnega kroga Palci (cola) <br \/> Odvodna cev do zunanje enote Palci (cola) <br \/> Dovodna cev iz zunanje enote Palci (cola) <br \/>Dimenzije \u0160 x V x G mm 490 X 850 X 315                              <br \/>Zunanjost Barva\/RAL koda &#8211; \u017dlahtno bela \/ RAL 9016<br \/>Napajanje Napetost V 220 ~ 240<br \/> Faza  1~<br \/> Frekvenca Hz 50<br \/> Priporo\u010dena varovalka A 10<\/p>\n<p><\/p>\n","protected":false},"excerpt":{"rendered":"<p>Notranja enota toplotne \u010drpalke HN1639HC.NKO, Hydro Split primerna za zunanje enote: &#8211; HM073HF.UB40&#8211; HM093HFX.UB60 &#8211; HM123HF.UB60&#8211; HM143HF.UB60&#8211; HM163HF.UB60 Notranja enota Enota HN1639HC NKOObmo\u010dje delovanja (temperatura izhodne vode) Ogrevanje (Min. ~ Maks.) \u00b0C 15 ~ 75 Hlajenje (Min. ~ Maks.) \u00b0C 5 ~ 27 Sanitarna voda (Min. ~ Maks.) \u00b0C 15 ~ 80Pomo\u017eni grelec Kombinacija kapacitet [&hellip;]<\/p>\n","protected":false},"featured_media":710376,"template":"","meta":[],"product_brand":[],"product_cat":[349,412,301],"product_tag":[],"class_list":{"0":"post-709989","1":"product","2":"type-product","3":"status-publish","4":"has-post-thumbnail","6":"product_cat-monoblok-toplotne-crpalke-toplotne-crpalke","7":"product_cat-r290","8":"product_cat-toplotne-crpalke","10":"first","11":"outofstock","12":"taxable","13":"shipping-taxable","14":"purchasable","15":"product-type-simple"},"yoast_head":"<!-- This site is optimized with the Yoast SEO plugin v27.5 - https:\/\/yoast.com\/product\/yoast-seo-wordpress\/ -->\n<title>HN1639HC.NK0, R290, 3ph, LG Toplotna \u010drpalka, Hydro Split, notr. enota, Therma V - Iblo d.o.o., Ptuj<\/title>\n<meta name=\"robots\" content=\"index, follow, max-snippet:-1, max-image-preview:large, max-video-preview:-1\" \/>\n<link rel=\"canonical\" href=\"https:\/\/iblo.si\/en\/izdelek\/hn1639hc-nk0\/\" \/>\n<meta property=\"og:locale\" content=\"en_US\" \/>\n<meta property=\"og:type\" content=\"article\" \/>\n<meta property=\"og:title\" content=\"HN1639HC.NK0, R290, 3ph, LG Toplotna \u010drpalka, Hydro Split, notr. enota, Therma V - Iblo d.o.o., Ptuj\" \/>\n<meta property=\"og:description\" content=\"Notranja enota toplotne \u010drpalke HN1639HC.NKO, Hydro Split primerna za zunanje enote: &#8211; HM073HF.UB40&#8211; HM093HFX.UB60 &#8211; HM123HF.UB60&#8211; HM143HF.UB60&#8211; HM163HF.UB60 Notranja enota Enota HN1639HC NKOObmo\u010dje delovanja (temperatura izhodne vode) Ogrevanje (Min. ~ Maks.) \u00b0C 15 ~ 75 Hlajenje (Min. ~ Maks.) \u00b0C 5 ~ 27 Sanitarna voda (Min. ~ Maks.) \u00b0C 15 ~ 80Pomo\u017eni grelec Kombinacija kapacitet [&hellip;]\" \/>\n<meta property=\"og:url\" content=\"https:\/\/iblo.si\/en\/izdelek\/hn1639hc-nk0\/\" \/>\n<meta property=\"og:site_name\" content=\"Iblo d.o.o., Ptuj\" \/>\n<meta property=\"article:publisher\" content=\"https:\/\/www.facebook.com\/ibloptuj\/\" \/>\n<meta property=\"article:modified_time\" content=\"2026-04-29T04:00:15+00:00\" \/>\n<meta property=\"og:image\" content=\"https:\/\/iblo.si\/wp-content\/uploads\/2025\/05\/HN1639HC.NK0_.jpg\" \/>\n\t<meta property=\"og:image:width\" content=\"880\" \/>\n\t<meta property=\"og:image:height\" content=\"880\" \/>\n\t<meta property=\"og:image:type\" content=\"image\/jpeg\" \/>\n<meta name=\"twitter:card\" content=\"summary_large_image\" \/>\n<meta name=\"twitter:label1\" content=\"Est. reading time\" \/>\n\t<meta name=\"twitter:data1\" content=\"1 minute\" \/>\n<script type=\"application\/ld+json\" class=\"yoast-schema-graph\">{\"@context\":\"https:\\\/\\\/schema.org\",\"@graph\":[{\"@type\":\"WebPage\",\"@id\":\"https:\\\/\\\/iblo.si\\\/en\\\/izdelek\\\/hn1639hc-nk0\\\/\",\"url\":\"https:\\\/\\\/iblo.si\\\/en\\\/izdelek\\\/hn1639hc-nk0\\\/\",\"name\":\"HN1639HC.NK0, R290, 3ph, LG Toplotna \u010drpalka, Hydro Split, notr. enota, Therma V - Iblo d.o.o., Ptuj\",\"isPartOf\":{\"@id\":\"https:\\\/\\\/iblo.si\\\/en\\\/#website\"},\"primaryImageOfPage\":{\"@id\":\"https:\\\/\\\/iblo.si\\\/en\\\/izdelek\\\/hn1639hc-nk0\\\/#primaryimage\"},\"image\":{\"@id\":\"https:\\\/\\\/iblo.si\\\/en\\\/izdelek\\\/hn1639hc-nk0\\\/#primaryimage\"},\"thumbnailUrl\":\"https:\\\/\\\/iblo.si\\\/wp-content\\\/uploads\\\/2025\\\/05\\\/HN1639HC.NK0_.jpg\",\"datePublished\":\"2025-05-27T10:34:08+00:00\",\"dateModified\":\"2026-04-29T04:00:15+00:00\",\"breadcrumb\":{\"@id\":\"https:\\\/\\\/iblo.si\\\/en\\\/izdelek\\\/hn1639hc-nk0\\\/#breadcrumb\"},\"inLanguage\":\"en-US\",\"potentialAction\":[{\"@type\":\"ReadAction\",\"target\":[\"https:\\\/\\\/iblo.si\\\/en\\\/izdelek\\\/hn1639hc-nk0\\\/\"]}]},{\"@type\":\"ImageObject\",\"inLanguage\":\"en-US\",\"@id\":\"https:\\\/\\\/iblo.si\\\/en\\\/izdelek\\\/hn1639hc-nk0\\\/#primaryimage\",\"url\":\"https:\\\/\\\/iblo.si\\\/wp-content\\\/uploads\\\/2025\\\/05\\\/HN1639HC.NK0_.jpg\",\"contentUrl\":\"https:\\\/\\\/iblo.si\\\/wp-content\\\/uploads\\\/2025\\\/05\\\/HN1639HC.NK0_.jpg\",\"width\":880,\"height\":880},{\"@type\":\"BreadcrumbList\",\"@id\":\"https:\\\/\\\/iblo.si\\\/en\\\/izdelek\\\/hn1639hc-nk0\\\/#breadcrumb\",\"itemListElement\":[{\"@type\":\"ListItem\",\"position\":1,\"name\":\"Home\",\"item\":\"https:\\\/\\\/iblo.si\\\/en\\\/\"},{\"@type\":\"ListItem\",\"position\":2,\"name\":\"Shop\",\"item\":\"https:\\\/\\\/iblo.si\\\/trgovina\\\/\"},{\"@type\":\"ListItem\",\"position\":3,\"name\":\"HN1639HC.NK0, R290, 3ph, LG Toplotna \u010drpalka, Hydro Split, notr. enota, Therma V\"}]},{\"@type\":\"WebSite\",\"@id\":\"https:\\\/\\\/iblo.si\\\/en\\\/#website\",\"url\":\"https:\\\/\\\/iblo.si\\\/en\\\/\",\"name\":\"Iblo d.o.o., Ptuj\",\"description\":\"Klimatske naprave in sistemi LG\",\"publisher\":{\"@id\":\"https:\\\/\\\/iblo.si\\\/en\\\/#organization\"},\"potentialAction\":[{\"@type\":\"SearchAction\",\"target\":{\"@type\":\"EntryPoint\",\"urlTemplate\":\"https:\\\/\\\/iblo.si\\\/en\\\/?s={search_term_string}\"},\"query-input\":{\"@type\":\"PropertyValueSpecification\",\"valueRequired\":true,\"valueName\":\"search_term_string\"}}],\"inLanguage\":\"en-US\"},{\"@type\":\"Organization\",\"@id\":\"https:\\\/\\\/iblo.si\\\/en\\\/#organization\",\"name\":\"iblo d.o.o.\",\"url\":\"https:\\\/\\\/iblo.si\\\/en\\\/\",\"logo\":{\"@type\":\"ImageObject\",\"inLanguage\":\"en-US\",\"@id\":\"https:\\\/\\\/iblo.si\\\/en\\\/#\\\/schema\\\/logo\\\/image\\\/\",\"url\":\"https:\\\/\\\/i0.wp.com\\\/iblo.si\\\/wp-content\\\/uploads\\\/2020\\\/08\\\/iblo-logo.png?fit=487%2C308&ssl=1\",\"contentUrl\":\"https:\\\/\\\/i0.wp.com\\\/iblo.si\\\/wp-content\\\/uploads\\\/2020\\\/08\\\/iblo-logo.png?fit=487%2C308&ssl=1\",\"width\":487,\"height\":308,\"caption\":\"iblo d.o.o.\"},\"image\":{\"@id\":\"https:\\\/\\\/iblo.si\\\/en\\\/#\\\/schema\\\/logo\\\/image\\\/\"},\"sameAs\":[\"https:\\\/\\\/www.facebook.com\\\/ibloptuj\\\/\"]}]}<\/script>\n<!-- \/ Yoast SEO plugin. -->","yoast_head_json":{"title":"HN1639HC.NK0, R290, 3ph, LG Toplotna \u010drpalka, Hydro Split, notr. enota, Therma V - Iblo d.o.o., Ptuj","robots":{"index":"index","follow":"follow","max-snippet":"max-snippet:-1","max-image-preview":"max-image-preview:large","max-video-preview":"max-video-preview:-1"},"canonical":"https:\/\/iblo.si\/en\/izdelek\/hn1639hc-nk0\/","og_locale":"en_US","og_type":"article","og_title":"HN1639HC.NK0, R290, 3ph, LG Toplotna \u010drpalka, Hydro Split, notr. enota, Therma V - Iblo d.o.o., Ptuj","og_description":"Notranja enota toplotne \u010drpalke HN1639HC.NKO, Hydro Split primerna za zunanje enote: &#8211; HM073HF.UB40&#8211; HM093HFX.UB60 &#8211; HM123HF.UB60&#8211; HM143HF.UB60&#8211; HM163HF.UB60 Notranja enota Enota HN1639HC NKOObmo\u010dje delovanja (temperatura izhodne vode) Ogrevanje (Min. ~ Maks.) \u00b0C 15 ~ 75 Hlajenje (Min. ~ Maks.) \u00b0C 5 ~ 27 Sanitarna voda (Min. ~ Maks.) \u00b0C 15 ~ 80Pomo\u017eni grelec Kombinacija kapacitet [&hellip;]","og_url":"https:\/\/iblo.si\/en\/izdelek\/hn1639hc-nk0\/","og_site_name":"Iblo d.o.o., Ptuj","article_publisher":"https:\/\/www.facebook.com\/ibloptuj\/","article_modified_time":"2026-04-29T04:00:15+00:00","og_image":[{"width":880,"height":880,"url":"https:\/\/iblo.si\/wp-content\/uploads\/2025\/05\/HN1639HC.NK0_.jpg","type":"image\/jpeg"}],"twitter_card":"summary_large_image","twitter_misc":{"Est. reading time":"1 minute"},"schema":{"@context":"https:\/\/schema.org","@graph":[{"@type":"WebPage","@id":"https:\/\/iblo.si\/en\/izdelek\/hn1639hc-nk0\/","url":"https:\/\/iblo.si\/en\/izdelek\/hn1639hc-nk0\/","name":"HN1639HC.NK0, R290, 3ph, LG Toplotna \u010drpalka, Hydro Split, notr. enota, Therma V - Iblo d.o.o., Ptuj","isPartOf":{"@id":"https:\/\/iblo.si\/en\/#website"},"primaryImageOfPage":{"@id":"https:\/\/iblo.si\/en\/izdelek\/hn1639hc-nk0\/#primaryimage"},"image":{"@id":"https:\/\/iblo.si\/en\/izdelek\/hn1639hc-nk0\/#primaryimage"},"thumbnailUrl":"https:\/\/iblo.si\/wp-content\/uploads\/2025\/05\/HN1639HC.NK0_.jpg","datePublished":"2025-05-27T10:34:08+00:00","dateModified":"2026-04-29T04:00:15+00:00","breadcrumb":{"@id":"https:\/\/iblo.si\/en\/izdelek\/hn1639hc-nk0\/#breadcrumb"},"inLanguage":"en-US","potentialAction":[{"@type":"ReadAction","target":["https:\/\/iblo.si\/en\/izdelek\/hn1639hc-nk0\/"]}]},{"@type":"ImageObject","inLanguage":"en-US","@id":"https:\/\/iblo.si\/en\/izdelek\/hn1639hc-nk0\/#primaryimage","url":"https:\/\/iblo.si\/wp-content\/uploads\/2025\/05\/HN1639HC.NK0_.jpg","contentUrl":"https:\/\/iblo.si\/wp-content\/uploads\/2025\/05\/HN1639HC.NK0_.jpg","width":880,"height":880},{"@type":"BreadcrumbList","@id":"https:\/\/iblo.si\/en\/izdelek\/hn1639hc-nk0\/#breadcrumb","itemListElement":[{"@type":"ListItem","position":1,"name":"Home","item":"https:\/\/iblo.si\/en\/"},{"@type":"ListItem","position":2,"name":"Shop","item":"https:\/\/iblo.si\/trgovina\/"},{"@type":"ListItem","position":3,"name":"HN1639HC.NK0, R290, 3ph, LG Toplotna \u010drpalka, Hydro Split, notr. enota, Therma V"}]},{"@type":"WebSite","@id":"https:\/\/iblo.si\/en\/#website","url":"https:\/\/iblo.si\/en\/","name":"Iblo d.o.o., Ptuj","description":"Klimatske naprave in sistemi LG","publisher":{"@id":"https:\/\/iblo.si\/en\/#organization"},"potentialAction":[{"@type":"SearchAction","target":{"@type":"EntryPoint","urlTemplate":"https:\/\/iblo.si\/en\/?s={search_term_string}"},"query-input":{"@type":"PropertyValueSpecification","valueRequired":true,"valueName":"search_term_string"}}],"inLanguage":"en-US"},{"@type":"Organization","@id":"https:\/\/iblo.si\/en\/#organization","name":"iblo d.o.o.","url":"https:\/\/iblo.si\/en\/","logo":{"@type":"ImageObject","inLanguage":"en-US","@id":"https:\/\/iblo.si\/en\/#\/schema\/logo\/image\/","url":"https:\/\/i0.wp.com\/iblo.si\/wp-content\/uploads\/2020\/08\/iblo-logo.png?fit=487%2C308&ssl=1","contentUrl":"https:\/\/i0.wp.com\/iblo.si\/wp-content\/uploads\/2020\/08\/iblo-logo.png?fit=487%2C308&ssl=1","width":487,"height":308,"caption":"iblo d.o.o."},"image":{"@id":"https:\/\/iblo.si\/en\/#\/schema\/logo\/image\/"},"sameAs":["https:\/\/www.facebook.com\/ibloptuj\/"]}]}},"_links":{"self":[{"href":"https:\/\/iblo.si\/en\/wp-json\/wp\/v2\/product\/709989","targetHints":{"allow":["GET"]}}],"collection":[{"href":"https:\/\/iblo.si\/en\/wp-json\/wp\/v2\/product"}],"about":[{"href":"https:\/\/iblo.si\/en\/wp-json\/wp\/v2\/types\/product"}],"wp:featuredmedia":[{"embeddable":true,"href":"https:\/\/iblo.si\/en\/wp-json\/wp\/v2\/media\/710376"}],"wp:attachment":[{"href":"https:\/\/iblo.si\/en\/wp-json\/wp\/v2\/media?parent=709989"}],"wp:term":[{"taxonomy":"product_brand","embeddable":true,"href":"https:\/\/iblo.si\/en\/wp-json\/wp\/v2\/product_brand?post=709989"},{"taxonomy":"product_cat","embeddable":true,"href":"https:\/\/iblo.si\/en\/wp-json\/wp\/v2\/product_cat?post=709989"},{"taxonomy":"product_tag","embeddable":true,"href":"https:\/\/iblo.si\/en\/wp-json\/wp\/v2\/product_tag?post=709989"}],"curies":[{"name":"wp","href":"https:\/\/api.w.org\/{rel}","templated":true}]}}