{"id":710881,"date":"2025-06-10T15:09:24","date_gmt":"2025-06-10T13:09:24","guid":{"rendered":"https:\/\/iblo.si\/product\/ma12r-nf1-multi\/"},"modified":"2026-04-24T06:00:18","modified_gmt":"2026-04-24T04:00:18","slug":"ma12r-nf1-multi","status":"publish","type":"product","link":"https:\/\/iblo.si\/en\/izdelek\/ma12r-nf1-multi\/","title":{"rendered":"MA12R.NF1-Multi, 3,5 kW, stenska, Art Cool Gallery, CAC, LG notranja enota"},"content":{"rendered":"<p>NOTRANJA ENOTA    MA12R.NF1<br \/>Kapaciteta  Hlajenje Nazivno W 3,5<br \/> Ogrevanje Nazivno W 3,9<br \/>Zvo\u010dni tlak* Hlajenje Spanje\/Nizk.\/Sred.\/Visok. dB (A) 27\/32\/38\/44<br \/> Ogrevanje Nizk.\/Sred.\/Visok. dB (A) 32\/38\/44<br \/>Zvo\u010dna mo\u010d Hlajenje Mo\u010d dB (A) 54<br \/>Pretok zraka Hlajenje Spanje\/Nizk.\/Sred.\/Visok. m3\/min 4,4\/5,6\/7,3\/8,9<br \/>  Maks. (Mo\u010d) m3\/min 9,6<br \/> Ogrevanje Nizk.\/Sred.\/Visok. m3\/min 5,7\/7,5\/9,2<br \/>Razvla\u017eevanje   l\/uro 1,4<br \/>Napajanje:    <br \/> Faza   1~<br \/> Napetost  V 220-240<br \/> Frekvenca  Hz 50<br \/>Napajalni kabel   \u0160t. x mm2 4C X 0,75<br \/>Dimenzije   mm 600 X 600 X 145<br \/>Te\u017ea   kg 15<br \/>DODATNA OPREMA    <br \/>\u017di\u010dni krmilnik    Da<br \/>Kompatibilno s komercialnim single split    Ne<br \/>Kompatibilno s stenskim single split    Ne<\/p>\n","protected":false},"excerpt":{"rendered":"<p>NOTRANJA ENOTA MA12R.NF1Kapaciteta Hlajenje Nazivno W 3,5 Ogrevanje Nazivno W 3,9Zvo\u010dni tlak* Hlajenje Spanje\/Nizk.\/Sred.\/Visok. dB (A) 27\/32\/38\/44 Ogrevanje Nizk.\/Sred.\/Visok. dB (A) 32\/38\/44Zvo\u010dna mo\u010d Hlajenje Mo\u010d dB (A) 54Pretok zraka Hlajenje Spanje\/Nizk.\/Sred.\/Visok. m3\/min 4,4\/5,6\/7,3\/8,9 Maks. (Mo\u010d) m3\/min 9,6 Ogrevanje Nizk.\/Sred.\/Visok. m3\/min 5,7\/7,5\/9,2Razvla\u017eevanje l\/uro 1,4Napajanje: Faza 1~ Napetost V 220-240 Frekvenca Hz 50Napajalni kabel \u0160t. x mm2 [&hellip;]<\/p>\n","protected":false},"featured_media":710969,"template":"","meta":[],"product_brand":[],"product_cat":[334,337,400],"product_tag":[],"class_list":{"0":"post-710881","1":"product","2":"type-product","3":"status-publish","4":"has-post-thumbnail","6":"product_cat-klima-naprave","7":"product_cat-multi-split-naprave","8":"product_cat-multisplit-stenske-enote","10":"first","11":"instock","12":"taxable","13":"shipping-taxable","14":"purchasable","15":"product-type-simple"},"yoast_head":"<!-- This site is optimized with the Yoast SEO plugin v27.4 - https:\/\/yoast.com\/product\/yoast-seo-wordpress\/ -->\n<title>MA12R.NF1-Multi, 3,5 kW, stenska, Art Cool Gallery, CAC, LG notranja enota - Iblo d.o.o., Ptuj<\/title>\n<meta name=\"robots\" content=\"index, follow, max-snippet:-1, max-image-preview:large, max-video-preview:-1\" \/>\n<link rel=\"canonical\" href=\"https:\/\/iblo.si\/en\/izdelek\/ma12r-nf1-multi\/\" \/>\n<meta property=\"og:locale\" content=\"en_US\" \/>\n<meta property=\"og:type\" content=\"article\" \/>\n<meta property=\"og:title\" content=\"MA12R.NF1-Multi, 3,5 kW, stenska, Art Cool Gallery, CAC, LG notranja enota - Iblo d.o.o., Ptuj\" \/>\n<meta property=\"og:description\" content=\"NOTRANJA ENOTA MA12R.NF1Kapaciteta Hlajenje Nazivno W 3,5 Ogrevanje Nazivno W 3,9Zvo\u010dni tlak* Hlajenje Spanje\/Nizk.\/Sred.\/Visok. dB (A) 27\/32\/38\/44 Ogrevanje Nizk.\/Sred.\/Visok. dB (A) 32\/38\/44Zvo\u010dna mo\u010d Hlajenje Mo\u010d dB (A) 54Pretok zraka Hlajenje Spanje\/Nizk.\/Sred.\/Visok. m3\/min 4,4\/5,6\/7,3\/8,9 Maks. (Mo\u010d) m3\/min 9,6 Ogrevanje Nizk.\/Sred.\/Visok. m3\/min 5,7\/7,5\/9,2Razvla\u017eevanje l\/uro 1,4Napajanje: Faza 1~ Napetost V 220-240 Frekvenca Hz 50Napajalni kabel \u0160t. x mm2 [&hellip;]\" \/>\n<meta property=\"og:url\" content=\"https:\/\/iblo.si\/en\/izdelek\/ma12r-nf1-multi\/\" \/>\n<meta property=\"og:site_name\" content=\"Iblo d.o.o., Ptuj\" \/>\n<meta property=\"article:publisher\" content=\"https:\/\/www.facebook.com\/ibloptuj\/\" \/>\n<meta property=\"article:modified_time\" content=\"2026-04-24T04:00:18+00:00\" \/>\n<meta property=\"og:image\" content=\"https:\/\/iblo.si\/wp-content\/uploads\/2025\/06\/MA12R.NF1-Multi.jpg\" \/>\n\t<meta property=\"og:image:width\" content=\"800\" \/>\n\t<meta property=\"og:image:height\" content=\"800\" \/>\n\t<meta property=\"og:image:type\" content=\"image\/jpeg\" \/>\n<meta name=\"twitter:card\" content=\"summary_large_image\" \/>\n<script type=\"application\/ld+json\" class=\"yoast-schema-graph\">{\"@context\":\"https:\\\/\\\/schema.org\",\"@graph\":[{\"@type\":\"WebPage\",\"@id\":\"https:\\\/\\\/iblo.si\\\/en\\\/izdelek\\\/ma12r-nf1-multi\\\/\",\"url\":\"https:\\\/\\\/iblo.si\\\/en\\\/izdelek\\\/ma12r-nf1-multi\\\/\",\"name\":\"MA12R.NF1-Multi, 3,5 kW, stenska, Art Cool Gallery, CAC, LG notranja enota - Iblo d.o.o., Ptuj\",\"isPartOf\":{\"@id\":\"https:\\\/\\\/iblo.si\\\/en\\\/#website\"},\"primaryImageOfPage\":{\"@id\":\"https:\\\/\\\/iblo.si\\\/en\\\/izdelek\\\/ma12r-nf1-multi\\\/#primaryimage\"},\"image\":{\"@id\":\"https:\\\/\\\/iblo.si\\\/en\\\/izdelek\\\/ma12r-nf1-multi\\\/#primaryimage\"},\"thumbnailUrl\":\"https:\\\/\\\/iblo.si\\\/wp-content\\\/uploads\\\/2025\\\/06\\\/MA12R.NF1-Multi.jpg\",\"datePublished\":\"2025-06-10T13:09:24+00:00\",\"dateModified\":\"2026-04-24T04:00:18+00:00\",\"breadcrumb\":{\"@id\":\"https:\\\/\\\/iblo.si\\\/en\\\/izdelek\\\/ma12r-nf1-multi\\\/#breadcrumb\"},\"inLanguage\":\"en-US\",\"potentialAction\":[{\"@type\":\"ReadAction\",\"target\":[\"https:\\\/\\\/iblo.si\\\/en\\\/izdelek\\\/ma12r-nf1-multi\\\/\"]}]},{\"@type\":\"ImageObject\",\"inLanguage\":\"en-US\",\"@id\":\"https:\\\/\\\/iblo.si\\\/en\\\/izdelek\\\/ma12r-nf1-multi\\\/#primaryimage\",\"url\":\"https:\\\/\\\/iblo.si\\\/wp-content\\\/uploads\\\/2025\\\/06\\\/MA12R.NF1-Multi.jpg\",\"contentUrl\":\"https:\\\/\\\/iblo.si\\\/wp-content\\\/uploads\\\/2025\\\/06\\\/MA12R.NF1-Multi.jpg\",\"width\":800,\"height\":800},{\"@type\":\"BreadcrumbList\",\"@id\":\"https:\\\/\\\/iblo.si\\\/en\\\/izdelek\\\/ma12r-nf1-multi\\\/#breadcrumb\",\"itemListElement\":[{\"@type\":\"ListItem\",\"position\":1,\"name\":\"Home\",\"item\":\"https:\\\/\\\/iblo.si\\\/en\\\/\"},{\"@type\":\"ListItem\",\"position\":2,\"name\":\"Shop\",\"item\":\"https:\\\/\\\/iblo.si\\\/trgovina\\\/\"},{\"@type\":\"ListItem\",\"position\":3,\"name\":\"MA12R.NF1-Multi, 3,5 kW, stenska, Art Cool Gallery, CAC, LG notranja enota\"}]},{\"@type\":\"WebSite\",\"@id\":\"https:\\\/\\\/iblo.si\\\/en\\\/#website\",\"url\":\"https:\\\/\\\/iblo.si\\\/en\\\/\",\"name\":\"Iblo d.o.o., Ptuj\",\"description\":\"Klimatske naprave in sistemi LG\",\"publisher\":{\"@id\":\"https:\\\/\\\/iblo.si\\\/en\\\/#organization\"},\"potentialAction\":[{\"@type\":\"SearchAction\",\"target\":{\"@type\":\"EntryPoint\",\"urlTemplate\":\"https:\\\/\\\/iblo.si\\\/en\\\/?s={search_term_string}\"},\"query-input\":{\"@type\":\"PropertyValueSpecification\",\"valueRequired\":true,\"valueName\":\"search_term_string\"}}],\"inLanguage\":\"en-US\"},{\"@type\":\"Organization\",\"@id\":\"https:\\\/\\\/iblo.si\\\/en\\\/#organization\",\"name\":\"iblo d.o.o.\",\"url\":\"https:\\\/\\\/iblo.si\\\/en\\\/\",\"logo\":{\"@type\":\"ImageObject\",\"inLanguage\":\"en-US\",\"@id\":\"https:\\\/\\\/iblo.si\\\/en\\\/#\\\/schema\\\/logo\\\/image\\\/\",\"url\":\"https:\\\/\\\/i0.wp.com\\\/iblo.si\\\/wp-content\\\/uploads\\\/2020\\\/08\\\/iblo-logo.png?fit=487%2C308&ssl=1\",\"contentUrl\":\"https:\\\/\\\/i0.wp.com\\\/iblo.si\\\/wp-content\\\/uploads\\\/2020\\\/08\\\/iblo-logo.png?fit=487%2C308&ssl=1\",\"width\":487,\"height\":308,\"caption\":\"iblo d.o.o.\"},\"image\":{\"@id\":\"https:\\\/\\\/iblo.si\\\/en\\\/#\\\/schema\\\/logo\\\/image\\\/\"},\"sameAs\":[\"https:\\\/\\\/www.facebook.com\\\/ibloptuj\\\/\"]}]}<\/script>\n<!-- \/ Yoast SEO plugin. -->","yoast_head_json":{"title":"MA12R.NF1-Multi, 3,5 kW, stenska, Art Cool Gallery, CAC, LG notranja enota - Iblo d.o.o., Ptuj","robots":{"index":"index","follow":"follow","max-snippet":"max-snippet:-1","max-image-preview":"max-image-preview:large","max-video-preview":"max-video-preview:-1"},"canonical":"https:\/\/iblo.si\/en\/izdelek\/ma12r-nf1-multi\/","og_locale":"en_US","og_type":"article","og_title":"MA12R.NF1-Multi, 3,5 kW, stenska, Art Cool Gallery, CAC, LG notranja enota - Iblo d.o.o., Ptuj","og_description":"NOTRANJA ENOTA MA12R.NF1Kapaciteta Hlajenje Nazivno W 3,5 Ogrevanje Nazivno W 3,9Zvo\u010dni tlak* Hlajenje Spanje\/Nizk.\/Sred.\/Visok. dB (A) 27\/32\/38\/44 Ogrevanje Nizk.\/Sred.\/Visok. dB (A) 32\/38\/44Zvo\u010dna mo\u010d Hlajenje Mo\u010d dB (A) 54Pretok zraka Hlajenje Spanje\/Nizk.\/Sred.\/Visok. m3\/min 4,4\/5,6\/7,3\/8,9 Maks. (Mo\u010d) m3\/min 9,6 Ogrevanje Nizk.\/Sred.\/Visok. m3\/min 5,7\/7,5\/9,2Razvla\u017eevanje l\/uro 1,4Napajanje: Faza 1~ Napetost V 220-240 Frekvenca Hz 50Napajalni kabel \u0160t. x mm2 [&hellip;]","og_url":"https:\/\/iblo.si\/en\/izdelek\/ma12r-nf1-multi\/","og_site_name":"Iblo d.o.o., Ptuj","article_publisher":"https:\/\/www.facebook.com\/ibloptuj\/","article_modified_time":"2026-04-24T04:00:18+00:00","og_image":[{"width":800,"height":800,"url":"https:\/\/iblo.si\/wp-content\/uploads\/2025\/06\/MA12R.NF1-Multi.jpg","type":"image\/jpeg"}],"twitter_card":"summary_large_image","schema":{"@context":"https:\/\/schema.org","@graph":[{"@type":"WebPage","@id":"https:\/\/iblo.si\/en\/izdelek\/ma12r-nf1-multi\/","url":"https:\/\/iblo.si\/en\/izdelek\/ma12r-nf1-multi\/","name":"MA12R.NF1-Multi, 3,5 kW, stenska, Art Cool Gallery, CAC, LG notranja enota - Iblo d.o.o., Ptuj","isPartOf":{"@id":"https:\/\/iblo.si\/en\/#website"},"primaryImageOfPage":{"@id":"https:\/\/iblo.si\/en\/izdelek\/ma12r-nf1-multi\/#primaryimage"},"image":{"@id":"https:\/\/iblo.si\/en\/izdelek\/ma12r-nf1-multi\/#primaryimage"},"thumbnailUrl":"https:\/\/iblo.si\/wp-content\/uploads\/2025\/06\/MA12R.NF1-Multi.jpg","datePublished":"2025-06-10T13:09:24+00:00","dateModified":"2026-04-24T04:00:18+00:00","breadcrumb":{"@id":"https:\/\/iblo.si\/en\/izdelek\/ma12r-nf1-multi\/#breadcrumb"},"inLanguage":"en-US","potentialAction":[{"@type":"ReadAction","target":["https:\/\/iblo.si\/en\/izdelek\/ma12r-nf1-multi\/"]}]},{"@type":"ImageObject","inLanguage":"en-US","@id":"https:\/\/iblo.si\/en\/izdelek\/ma12r-nf1-multi\/#primaryimage","url":"https:\/\/iblo.si\/wp-content\/uploads\/2025\/06\/MA12R.NF1-Multi.jpg","contentUrl":"https:\/\/iblo.si\/wp-content\/uploads\/2025\/06\/MA12R.NF1-Multi.jpg","width":800,"height":800},{"@type":"BreadcrumbList","@id":"https:\/\/iblo.si\/en\/izdelek\/ma12r-nf1-multi\/#breadcrumb","itemListElement":[{"@type":"ListItem","position":1,"name":"Home","item":"https:\/\/iblo.si\/en\/"},{"@type":"ListItem","position":2,"name":"Shop","item":"https:\/\/iblo.si\/trgovina\/"},{"@type":"ListItem","position":3,"name":"MA12R.NF1-Multi, 3,5 kW, stenska, Art Cool Gallery, CAC, LG notranja enota"}]},{"@type":"WebSite","@id":"https:\/\/iblo.si\/en\/#website","url":"https:\/\/iblo.si\/en\/","name":"Iblo d.o.o., Ptuj","description":"Klimatske naprave in sistemi LG","publisher":{"@id":"https:\/\/iblo.si\/en\/#organization"},"potentialAction":[{"@type":"SearchAction","target":{"@type":"EntryPoint","urlTemplate":"https:\/\/iblo.si\/en\/?s={search_term_string}"},"query-input":{"@type":"PropertyValueSpecification","valueRequired":true,"valueName":"search_term_string"}}],"inLanguage":"en-US"},{"@type":"Organization","@id":"https:\/\/iblo.si\/en\/#organization","name":"iblo d.o.o.","url":"https:\/\/iblo.si\/en\/","logo":{"@type":"ImageObject","inLanguage":"en-US","@id":"https:\/\/iblo.si\/en\/#\/schema\/logo\/image\/","url":"https:\/\/i0.wp.com\/iblo.si\/wp-content\/uploads\/2020\/08\/iblo-logo.png?fit=487%2C308&ssl=1","contentUrl":"https:\/\/i0.wp.com\/iblo.si\/wp-content\/uploads\/2020\/08\/iblo-logo.png?fit=487%2C308&ssl=1","width":487,"height":308,"caption":"iblo d.o.o."},"image":{"@id":"https:\/\/iblo.si\/en\/#\/schema\/logo\/image\/"},"sameAs":["https:\/\/www.facebook.com\/ibloptuj\/"]}]}},"_links":{"self":[{"href":"https:\/\/iblo.si\/en\/wp-json\/wp\/v2\/product\/710881","targetHints":{"allow":["GET"]}}],"collection":[{"href":"https:\/\/iblo.si\/en\/wp-json\/wp\/v2\/product"}],"about":[{"href":"https:\/\/iblo.si\/en\/wp-json\/wp\/v2\/types\/product"}],"wp:featuredmedia":[{"embeddable":true,"href":"https:\/\/iblo.si\/en\/wp-json\/wp\/v2\/media\/710969"}],"wp:attachment":[{"href":"https:\/\/iblo.si\/en\/wp-json\/wp\/v2\/media?parent=710881"}],"wp:term":[{"taxonomy":"product_brand","embeddable":true,"href":"https:\/\/iblo.si\/en\/wp-json\/wp\/v2\/product_brand?post=710881"},{"taxonomy":"product_cat","embeddable":true,"href":"https:\/\/iblo.si\/en\/wp-json\/wp\/v2\/product_cat?post=710881"},{"taxonomy":"product_tag","embeddable":true,"href":"https:\/\/iblo.si\/en\/wp-json\/wp\/v2\/product_tag?post=710881"}],"curies":[{"name":"wp","href":"https:\/\/api.w.org\/{rel}","templated":true}]}}